{"id":1001,"date":"2021-02-19T11:54:58","date_gmt":"2021-02-19T16:54:58","guid":{"rendered":"http:\/\/clinicacrearvision.com.co\/web\/?page_id=1001"},"modified":"2026-01-15T16:11:03","modified_gmt":"2026-01-15T21:11:03","slug":"politica-participacion-social","status":"publish","type":"page","link":"https:\/\/clinicacrearvision.com.co\/web\/?page_id=1001","title":{"rendered":"Pol\u00edtica Participaci\u00f3n Social"},"content":{"rendered":"\t\t<div data-elementor-type=\"wp-page\" data-elementor-id=\"1001\" class=\"elementor elementor-1001\">\n\t\t\t\t\t\t<section class=\"elementor-section elementor-top-section elementor-element elementor-element-4189b19 elementor-section-boxed elementor-section-height-default elementor-section-height-default\" data-id=\"4189b19\" data-element_type=\"section\">\n\t\t\t\t\t\t<div class=\"elementor-container elementor-column-gap-default\">\n\t\t\t\t\t<div class=\"elementor-column elementor-col-50 elementor-top-column elementor-element elementor-element-da0d6df\" data-id=\"da0d6df\" data-element_type=\"column\">\n\t\t\t<div class=\"elementor-widget-wrap elementor-element-populated\">\n\t\t\t\t\t\t<div class=\"elementor-element elementor-element-516dda0e elementor-widget elementor-widget-text-editor\" data-id=\"516dda0e\" data-element_type=\"widget\" data-widget_type=\"text-editor.default\">\n\t\t\t\t<div class=\"elementor-widget-container\">\n\t\t\t\t\t\t\t\t\t\n<p>\u00a0<\/p>\n\n<p><strong>Pol\u00edtica de participaci\u00f3n social en salud (PPSS)<\/strong><\/p>\n\n<p>La participaci\u00f3n es el derecho que tiene cada ciudadano\/a y los colectivos a afectar las decisiones que afectan su bienestar, es decir, es el derecho a decidir sobre qu\u00e9 es el derecho a la salud y c\u00f3mo se realiza y se cumple.<\/p>\n\n<p>El Ministerio de Salud y Protecci\u00f3n Social a trav\u00e9s de la Resoluci\u00f3n 2063 de junio de 2017 adopta la Pol\u00edtica de Participaci\u00f3n en Salud- PPSS, que tiene como objetivo la intervenci\u00f3n de la comunidad en la organizaci\u00f3n, control, gesti\u00f3n y fiscalizaci\u00f3n de las instituciones del sistema de salud en conjunto.<\/p>\n\n<p>El Ministerio de Salud adelant\u00f3 la formulaci\u00f3n de la Pol\u00edtica de Participaci\u00f3n Social en Salud, a trav\u00e9s de un proceso \u201cparticipativo cualificado\u201d, teniendo en cuenta la opini\u00f3n tanto de las personas que son representativas de los espacios y mecanismos de participaci\u00f3n social en salud como de los trabajadores que a lo largo de su trayectoria demostraron capacidades por su experiencia dentro de los procesos de participaci\u00f3n en salud.<\/p>\n\n<p>El objetivo de esta iniciativa dentro del Modelo Integral de Atenci\u00f3n en Salud se reglamenta como un proceso de retroalimentaci\u00f3n din\u00e1mico y constante, con el fin de mejorar su desempe\u00f1o en los resultados en salud, implementando planes que incorporen cambios de procesos respecto a la participaci\u00f3n social, mecanismos de incentivos financieros y mecanismos de difusi\u00f3n e informaci\u00f3n.<\/p>\n\n<p>La pol\u00edtica p\u00fablica de participaci\u00f3n social en salud (PPSS) busca dar respuestas a las problem\u00e1ticas, necesidades, dificultades, oportunidades, limitaciones y debilidades que afectan la participaci\u00f3n social en salud, en la perspectiva de dar cumplimiento al marco legal vigente y, por ende, a la realizaci\u00f3n del derecho humano de la participaci\u00f3n que se encuentra vinculado bajo una l\u00f3gica de interdependencia con el derecho a la salud.<\/p>\n\n<div class=\"wp-block-file\">\u00a0<\/div>\n\t\t\t\t\t\t\t\t<\/div>\n\t\t\t\t<\/div>\n\t\t\t\t\t<\/div>\n\t\t<\/div>\n\t\t\t\t<div class=\"elementor-column elementor-col-50 elementor-top-column elementor-element elementor-element-45653ac\" data-id=\"45653ac\" data-element_type=\"column\">\n\t\t\t<div class=\"elementor-widget-wrap elementor-element-populated\">\n\t\t\t\t\t\t<div class=\"elementor-element elementor-element-443a73b elementor-widget elementor-widget-image\" data-id=\"443a73b\" data-element_type=\"widget\" data-widget_type=\"image.default\">\n\t\t\t\t<div class=\"elementor-widget-container\">\n\t\t\t\t\t\t\t\t\t\t\t\t\t\t\t<img fetchpriority=\"high\" decoding=\"async\" width=\"300\" height=\"298\" src=\"https:\/\/clinicacrearvision.com.co\/web\/wp-content\/uploads\/2021\/02\/POLTICA_DE_PARTICIPACIN_SOCIAL-300x298.png\" class=\"attachment-medium size-medium wp-image-1003\" alt=\"\" srcset=\"https:\/\/clinicacrearvision.com.co\/web\/wp-content\/uploads\/2021\/02\/POLTICA_DE_PARTICIPACIN_SOCIAL-300x298.png 300w, https:\/\/clinicacrearvision.com.co\/web\/wp-content\/uploads\/2021\/02\/POLTICA_DE_PARTICIPACIN_SOCIAL-100x100.png 100w, https:\/\/clinicacrearvision.com.co\/web\/wp-content\/uploads\/2021\/02\/POLTICA_DE_PARTICIPACIN_SOCIAL-600x597.png 600w, https:\/\/clinicacrearvision.com.co\/web\/wp-content\/uploads\/2021\/02\/POLTICA_DE_PARTICIPACIN_SOCIAL-150x150.png 150w, https:\/\/clinicacrearvision.com.co\/web\/wp-content\/uploads\/2021\/02\/POLTICA_DE_PARTICIPACIN_SOCIAL-50x50.png 50w, https:\/\/clinicacrearvision.com.co\/web\/wp-content\/uploads\/2021\/02\/POLTICA_DE_PARTICIPACIN_SOCIAL-60x60.png 60w, https:\/\/clinicacrearvision.com.co\/web\/wp-content\/uploads\/2021\/02\/POLTICA_DE_PARTICIPACIN_SOCIAL.png 737w\" sizes=\"(max-width: 300px) 100vw, 300px\" \/>\t\t\t\t\t\t\t\t\t\t\t\t\t\t\t<\/div>\n\t\t\t\t<\/div>\n\t\t\t\t<div class=\"elementor-element elementor-element-8ea5a93 elementor-widget elementor-widget-image\" data-id=\"8ea5a93\" data-element_type=\"widget\" data-widget_type=\"image.default\">\n\t\t\t\t<div class=\"elementor-widget-container\">\n\t\t\t\t\t\t\t\t\t\t\t\t\t\t\t<img decoding=\"async\" width=\"670\" height=\"446\" src=\"https:\/\/clinicacrearvision.com.co\/web\/wp-content\/uploads\/2021\/02\/ppss.jpg\" class=\"attachment-medium_large size-medium_large wp-image-1002\" alt=\"\" srcset=\"https:\/\/clinicacrearvision.com.co\/web\/wp-content\/uploads\/2021\/02\/ppss.jpg 670w, https:\/\/clinicacrearvision.com.co\/web\/wp-content\/uploads\/2021\/02\/ppss-600x399.jpg 600w, https:\/\/clinicacrearvision.com.co\/web\/wp-content\/uploads\/2021\/02\/ppss-300x200.jpg 300w, https:\/\/clinicacrearvision.com.co\/web\/wp-content\/uploads\/2021\/02\/ppss-75x50.jpg 75w\" sizes=\"(max-width: 670px) 100vw, 670px\" \/>\t\t\t\t\t\t\t\t\t\t\t\t\t\t\t<\/div>\n\t\t\t\t<\/div>\n\t\t\t\t\t<\/div>\n\t\t<\/div>\n\t\t\t\t\t<\/div>\n\t\t<\/section>\n\t\t\t\t<section class=\"elementor-section elementor-top-section elementor-element elementor-element-f37c9a9 elementor-section-boxed elementor-section-height-default elementor-section-height-default\" data-id=\"f37c9a9\" data-element_type=\"section\">\n\t\t\t\t\t\t<div class=\"elementor-container elementor-column-gap-default\">\n\t\t\t\t\t<div class=\"elementor-column elementor-col-50 elementor-top-column elementor-element elementor-element-6df828d\" data-id=\"6df828d\" data-element_type=\"column\">\n\t\t\t<div class=\"elementor-widget-wrap elementor-element-populated\">\n\t\t\t\t\t\t<div class=\"elementor-element elementor-element-c79fa3e elementor-widget elementor-widget-heading\" data-id=\"c79fa3e\" data-element_type=\"widget\" data-widget_type=\"heading.default\">\n\t\t\t\t<div class=\"elementor-widget-container\">\n\t\t\t\t\t<h2 class=\"elementor-heading-title elementor-size-default\">2020<\/h2>\t\t\t\t<\/div>\n\t\t\t\t<\/div>\n\t\t\t\t<div class=\"elementor-element elementor-element-e928806 elementor-widget elementor-widget-text-editor\" data-id=\"e928806\" data-element_type=\"widget\" data-widget_type=\"text-editor.default\">\n\t\t\t\t<div class=\"elementor-widget-container\">\n\t\t\t\t\t\t\t\t\t<ul>\n<li class=\"wp-block-file\"><a href=\"https:\/\/clinicacrearvision.com.co\/web\/wp-content\/uploads\/2021\/02\/SOCIALIZACION-POLITICA-PARTICIPACION-SOCIAL-1.pdf\">Acta socializacion de la pol\u00edtica de Participaci\u00f3n Social en Salud<\/a><!-- \/wp:file --><!-- wp:file {\"id\":1011,\"href\":\"https:\/\/clinicacrearvision.com.co\/web\/wp-content\/uploads\/2021\/02\/RES-ASOCIACION-DE-USUARIOS.pdf\"} --><\/li>\n<li class=\"wp-block-file\"><a href=\"https:\/\/clinicacrearvision.com.co\/web\/wp-content\/uploads\/2021\/02\/RES-ASOCIACION-DE-USUARIOS.pdf\">Resoluci\u00f3n Asociaci\u00f3n de Usuarios<\/a><!-- \/wp:file --><!-- wp:file {\"id\":1013,\"href\":\"https:\/\/clinicacrearvision.com.co\/web\/wp-content\/uploads\/2021\/02\/Cunas-Radiales.pdf\"} --><\/li>\n<li class=\"wp-block-file\"><a href=\"https:\/\/clinicacrearvision.com.co\/web\/wp-content\/uploads\/2021\/02\/Cunas-Radiales.pdf\">Evidencia de canales de comunicaci\u00f3n a trav\u00e9s de cu\u00f1as radiales<\/a><\/li>\n<\/ul>\t\t\t\t\t\t\t\t<\/div>\n\t\t\t\t<\/div>\n\t\t\t\t\t<\/div>\n\t\t<\/div>\n\t\t\t\t<div class=\"elementor-column elementor-col-50 elementor-top-column elementor-element elementor-element-174ba11\" data-id=\"174ba11\" data-element_type=\"column\">\n\t\t\t<div class=\"elementor-widget-wrap elementor-element-populated\">\n\t\t\t\t\t\t<div class=\"elementor-element elementor-element-ea83d02 elementor-widget elementor-widget-heading\" data-id=\"ea83d02\" data-element_type=\"widget\" data-widget_type=\"heading.default\">\n\t\t\t\t<div class=\"elementor-widget-container\">\n\t\t\t\t\t<h2 class=\"elementor-heading-title elementor-size-default\">2021<\/h2>\t\t\t\t<\/div>\n\t\t\t\t<\/div>\n\t\t\t\t<div class=\"elementor-element elementor-element-cf5079b elementor-widget elementor-widget-text-editor\" data-id=\"cf5079b\" data-element_type=\"widget\" data-widget_type=\"text-editor.default\">\n\t\t\t\t<div class=\"elementor-widget-container\">\n\t\t\t\t\t\t\t\t\t<ul>\n<li class=\"wp-block-file\"><a href=\"https:\/\/clinicacrearvision.com.co\/web\/wp-content\/uploads\/2022\/01\/6.-SOCIALIZACION-PPSS-2021.pdf\">Acta socializaci\u00f3n de la pol\u00edtica de Participaci\u00f3n Social en Salud<\/a><\/li>\n<li class=\"wp-block-file\"><a href=\"https:\/\/clinicacrearvision.com.co\/web\/wp-content\/uploads\/2022\/01\/facturas-cunas-radiales-emisoras.pdf\">Evidencia de canales de comunicaci\u00f3n a trav\u00e9s de cu\u00f1as radiales<\/a><\/li>\n<\/ul>\t\t\t\t\t\t\t\t<\/div>\n\t\t\t\t<\/div>\n\t\t\t\t\t<\/div>\n\t\t<\/div>\n\t\t\t\t\t<\/div>\n\t\t<\/section>\n\t\t\t\t<section class=\"elementor-section elementor-top-section elementor-element elementor-element-17340aa elementor-section-boxed elementor-section-height-default elementor-section-height-default\" data-id=\"17340aa\" data-element_type=\"section\">\n\t\t\t\t\t\t<div class=\"elementor-container elementor-column-gap-default\">\n\t\t\t\t\t<div class=\"elementor-column elementor-col-50 elementor-top-column elementor-element elementor-element-9ba60f0\" data-id=\"9ba60f0\" data-element_type=\"column\">\n\t\t\t<div class=\"elementor-widget-wrap elementor-element-populated\">\n\t\t\t\t\t\t<div class=\"elementor-element elementor-element-43fbe19 elementor-widget elementor-widget-heading\" data-id=\"43fbe19\" data-element_type=\"widget\" data-widget_type=\"heading.default\">\n\t\t\t\t<div class=\"elementor-widget-container\">\n\t\t\t\t\t<h2 class=\"elementor-heading-title elementor-size-default\">2022<\/h2>\t\t\t\t<\/div>\n\t\t\t\t<\/div>\n\t\t\t\t<div class=\"elementor-element elementor-element-3e6eafc elementor-widget elementor-widget-text-editor\" data-id=\"3e6eafc\" data-element_type=\"widget\" data-widget_type=\"text-editor.default\">\n\t\t\t\t<div class=\"elementor-widget-container\">\n\t\t\t\t\t\t\t\t\t<ul>\n<li class=\"wp-block-file\"><a href=\"https:\/\/clinicacrearvision.com.co\/web\/wp-content\/uploads\/2022\/10\/RESOLUCION-02-ADOPCION-PPSS.pdf\">Resoluci\u00f3n 002 adopci\u00f3n a la pol\u00edtica de participaci\u00f3n social de salud<\/a><\/li>\n<li><a href=\"https:\/\/clinicacrearvision.com.co\/web\/wp-content\/uploads\/2023\/01\/ACTA-SOCIALIZACION-PPSS.pdf\">Acta socializaci\u00f3n de la pol\u00edtica de Participaci\u00f3n Social en Salud<\/a><\/li>\n<li><a href=\"https:\/\/clinicacrearvision.com.co\/web\/wp-content\/uploads\/2023\/01\/cunas-radiales.pdf\">Evidencia de canales de comunicaci\u00f3n a trav\u00e9s de cu\u00f1as radiales<\/a><\/li>\n<\/ul>\t\t\t\t\t\t\t\t<\/div>\n\t\t\t\t<\/div>\n\t\t\t\t\t<\/div>\n\t\t<\/div>\n\t\t\t\t<div class=\"elementor-column elementor-col-50 elementor-top-column elementor-element elementor-element-cbbe7b3\" data-id=\"cbbe7b3\" data-element_type=\"column\">\n\t\t\t<div class=\"elementor-widget-wrap elementor-element-populated\">\n\t\t\t\t\t\t<div class=\"elementor-element elementor-element-7e5fded elementor-widget elementor-widget-heading\" data-id=\"7e5fded\" data-element_type=\"widget\" data-widget_type=\"heading.default\">\n\t\t\t\t<div class=\"elementor-widget-container\">\n\t\t\t\t\t<h2 class=\"elementor-heading-title elementor-size-default\">2025<\/h2>\t\t\t\t<\/div>\n\t\t\t\t<\/div>\n\t\t\t\t<div class=\"elementor-element elementor-element-1441ed4 elementor-widget elementor-widget-text-editor\" data-id=\"1441ed4\" data-element_type=\"widget\" data-widget_type=\"text-editor.default\">\n\t\t\t\t<div class=\"elementor-widget-container\">\n\t\t\t\t\t\t\t\t\t<ul>\n<li class=\"wp-block-file\"><a href=\"https:\/\/clinicacrearvision.com.co\/web\/wp-content\/uploads\/2022\/10\/RESOLUCION-02-ADOPCION-PPSS.pdf\">Resoluci\u00f3n 002 adopci\u00f3n a la pol\u00edtica de participaci\u00f3n social de salud<\/a><\/li>\n<li><a href=\"https:\/\/clinicacrearvision.com.co\/web\/wp-content\/uploads\/2026\/01\/1.-PROGRAMA-DE-HUMANIZACION-DE-LOS-SERVICIOS-EN-SALUD-2025-.pdf\">Acta socializaci\u00f3n de la pol\u00edtica de Participaci\u00f3n Social en Salud<\/a><\/li>\n<li><a href=\"https:\/\/clinicacrearvision.com.co\/web\/wp-content\/uploads\/2026\/01\/01_CUNAS-RADIALES-2025.pdf\">Evidencia de canales de comunicaci\u00f3n a trav\u00e9s de cu\u00f1as radiales<\/a><\/li>\n<li><a href=\"https:\/\/clinicacrearvision.com.co\/web\/wp-content\/uploads\/2026\/01\/ACTAS-APERTURA-BUZON-2025.pdf\">Acta de apertura de buz\u00f3n\u00a0<\/a><\/li>\n<\/ul>\t\t\t\t\t\t\t\t<\/div>\n\t\t\t\t<\/div>\n\t\t\t\t\t<\/div>\n\t\t<\/div>\n\t\t\t\t\t<\/div>\n\t\t<\/section>\n\t\t\t\t<\/div>\n\t\t","protected":false},"excerpt":{"rendered":"<p>\u00a0 Pol\u00edtica de participaci\u00f3n social en salud (PPSS) La participaci\u00f3n es el derecho que tiene cada ciudadano\/a y los colectivos a afectar las decisiones que afectan su bienestar, es decir, es el derecho a decidir sobre qu\u00e9 es el derecho a la salud y c\u00f3mo se realiza y se cumple. El Ministerio de Salud y [&hellip;]<\/p>\n","protected":false},"author":2,"featured_media":0,"parent":0,"menu_order":0,"comment_status":"closed","ping_status":"closed","template":"","meta":{"site-sidebar-layout":"default","site-content-layout":"","ast-site-content-layout":"","site-content-style":"default","site-sidebar-style":"default","ast-global-header-display":"","ast-banner-title-visibility":"","ast-main-header-display":"","ast-hfb-above-header-display":"","ast-hfb-below-header-display":"","ast-hfb-mobile-header-display":"","site-post-title":"","ast-breadcrumbs-content":"","ast-featured-img":"","footer-sml-layout":"","theme-transparent-header-meta":"","adv-header-id-meta":"","stick-header-meta":"","header-above-stick-meta":"","header-main-stick-meta":"","header-below-stick-meta":"","astra-migrate-meta-layouts":"default","ast-page-background-enabled":"default","ast-page-background-meta":{"desktop":{"background-color":"","background-image":"","background-repeat":"repeat","background-position":"center center","background-size":"auto","background-attachment":"scroll","background-type":"","background-media":"","overlay-type":"","overlay-color":"","overlay-opacity":"","overlay-gradient":""},"tablet":{"background-color":"","background-image":"","background-repeat":"repeat","background-position":"center center","background-size":"auto","background-attachment":"scroll","background-type":"","background-media":"","overlay-type":"","overlay-color":"","overlay-opacity":"","overlay-gradient":""},"mobile":{"background-color":"","background-image":"","background-repeat":"repeat","background-position":"center center","background-size":"auto","background-attachment":"scroll","background-type":"","background-media":"","overlay-type":"","overlay-color":"","overlay-opacity":"","overlay-gradient":""}},"ast-content-background-meta":{"desktop":{"background-color":"var(--ast-global-color-5)","background-image":"","background-repeat":"repeat","background-position":"center center","background-size":"auto","background-attachment":"scroll","background-type":"","background-media":"","overlay-type":"","overlay-color":"","overlay-opacity":"","overlay-gradient":""},"tablet":{"background-color":"var(--ast-global-color-5)","background-image":"","background-repeat":"repeat","background-position":"center center","background-size":"auto","background-attachment":"scroll","background-type":"","background-media":"","overlay-type":"","overlay-color":"","overlay-opacity":"","overlay-gradient":""},"mobile":{"background-color":"var(--ast-global-color-5)","background-image":"","background-repeat":"repeat","background-position":"center center","background-size":"auto","background-attachment":"scroll","background-type":"","background-media":"","overlay-type":"","overlay-color":"","overlay-opacity":"","overlay-gradient":""}},"footnotes":""},"class_list":["post-1001","page","type-page","status-publish","hentry"],"_links":{"self":[{"href":"https:\/\/clinicacrearvision.com.co\/web\/index.php?rest_route=\/wp\/v2\/pages\/1001","targetHints":{"allow":["GET"]}}],"collection":[{"href":"https:\/\/clinicacrearvision.com.co\/web\/index.php?rest_route=\/wp\/v2\/pages"}],"about":[{"href":"https:\/\/clinicacrearvision.com.co\/web\/index.php?rest_route=\/wp\/v2\/types\/page"}],"author":[{"embeddable":true,"href":"https:\/\/clinicacrearvision.com.co\/web\/index.php?rest_route=\/wp\/v2\/users\/2"}],"replies":[{"embeddable":true,"href":"https:\/\/clinicacrearvision.com.co\/web\/index.php?rest_route=%2Fwp%2Fv2%2Fcomments&post=1001"}],"version-history":[{"count":44,"href":"https:\/\/clinicacrearvision.com.co\/web\/index.php?rest_route=\/wp\/v2\/pages\/1001\/revisions"}],"predecessor-version":[{"id":13804,"href":"https:\/\/clinicacrearvision.com.co\/web\/index.php?rest_route=\/wp\/v2\/pages\/1001\/revisions\/13804"}],"wp:attachment":[{"href":"https:\/\/clinicacrearvision.com.co\/web\/index.php?rest_route=%2Fwp%2Fv2%2Fmedia&parent=1001"}],"curies":[{"name":"wp","href":"https:\/\/api.w.org\/{rel}","templated":true}]}}