{"id":103,"date":"2013-03-04T21:46:24","date_gmt":"2013-03-04T21:46:24","guid":{"rendered":"http:\/\/clinicacrearvision.com.co\/web\/?page_id=103"},"modified":"2025-03-24T18:56:15","modified_gmt":"2025-03-24T23:56:15","slug":"recurso-humano-asistencial","status":"publish","type":"page","link":"https:\/\/clinicacrearvision.com.co\/web\/?page_id=103","title":{"rendered":"Asistencial"},"content":{"rendered":"\t\t<div data-elementor-type=\"wp-page\" data-elementor-id=\"103\" class=\"elementor elementor-103\">\n\t\t\t\t\t\t<section class=\"elementor-section elementor-top-section elementor-element elementor-element-8b9d23a elementor-section-boxed elementor-section-height-default elementor-section-height-default\" data-id=\"8b9d23a\" data-element_type=\"section\">\n\t\t\t\t\t\t<div class=\"elementor-container elementor-column-gap-default\">\n\t\t\t\t\t<div class=\"elementor-column elementor-col-100 elementor-top-column elementor-element elementor-element-045a1e7 elementor-invisible\" data-id=\"045a1e7\" data-element_type=\"column\" data-settings=\"{&quot;animation&quot;:&quot;fadeInDown&quot;}\">\n\t\t\t<div class=\"elementor-widget-wrap elementor-element-populated\">\n\t\t\t\t\t\t<section class=\"elementor-section elementor-inner-section elementor-element elementor-element-141fcd5 elementor-section-boxed elementor-section-height-default elementor-section-height-default\" data-id=\"141fcd5\" data-element_type=\"section\">\n\t\t\t\t\t\t<div class=\"elementor-container elementor-column-gap-default\">\n\t\t\t\t\t<div class=\"elementor-column elementor-col-50 elementor-inner-column elementor-element elementor-element-2391311\" data-id=\"2391311\" data-element_type=\"column\" data-settings=\"{&quot;background_background&quot;:&quot;classic&quot;}\">\n\t\t\t<div class=\"elementor-widget-wrap elementor-element-populated\">\n\t\t\t\t\t\t<div class=\"elementor-element elementor-element-a057d7a elementor-widget elementor-widget-spacer\" data-id=\"a057d7a\" data-element_type=\"widget\" data-widget_type=\"spacer.default\">\n\t\t\t\t<div class=\"elementor-widget-container\">\n\t\t\t\t\t\t\t<div class=\"elementor-spacer\">\n\t\t\t<div class=\"elementor-spacer-inner\"><\/div>\n\t\t<\/div>\n\t\t\t\t\t\t<\/div>\n\t\t\t\t<\/div>\n\t\t\t\t<div class=\"elementor-element elementor-element-6e60ca7 elementor-invisible elementor-widget elementor-widget-heading\" data-id=\"6e60ca7\" data-element_type=\"widget\" data-settings=\"{&quot;_animation&quot;:&quot;fadeInLeft&quot;}\" data-widget_type=\"heading.default\">\n\t\t\t\t<div class=\"elementor-widget-container\">\n\t\t\t\t\t<h2 class=\"elementor-heading-title elementor-size-large\">TALENTO \nHUMANO <\/h2>\t\t\t\t<\/div>\n\t\t\t\t<\/div>\n\t\t\t\t<div class=\"elementor-element elementor-element-353ff36 elementor-widget elementor-widget-spacer\" data-id=\"353ff36\" data-element_type=\"widget\" data-widget_type=\"spacer.default\">\n\t\t\t\t<div class=\"elementor-widget-container\">\n\t\t\t\t\t\t\t<div class=\"elementor-spacer\">\n\t\t\t<div class=\"elementor-spacer-inner\"><\/div>\n\t\t<\/div>\n\t\t\t\t\t\t<\/div>\n\t\t\t\t<\/div>\n\t\t\t\t\t<\/div>\n\t\t<\/div>\n\t\t\t\t<div class=\"elementor-column elementor-col-50 elementor-inner-column elementor-element elementor-element-5651c6c\" data-id=\"5651c6c\" data-element_type=\"column\">\n\t\t\t<div class=\"elementor-widget-wrap elementor-element-populated\">\n\t\t\t\t\t\t<div class=\"elementor-element elementor-element-e89ed01 elementor-widget elementor-widget-image\" data-id=\"e89ed01\" data-element_type=\"widget\" data-widget_type=\"image.default\">\n\t\t\t\t<div class=\"elementor-widget-container\">\n\t\t\t\t\t\t\t\t\t\t\t\t\t\t\t<img fetchpriority=\"high\" decoding=\"async\" width=\"1024\" height=\"427\" src=\"https:\/\/clinicacrearvision.com.co\/web\/wp-content\/uploads\/2022\/01\/33-1024x427.png\" class=\"attachment-large size-large wp-image-7641\" alt=\"\" srcset=\"https:\/\/clinicacrearvision.com.co\/web\/wp-content\/uploads\/2022\/01\/33-1024x427.png 1024w, https:\/\/clinicacrearvision.com.co\/web\/wp-content\/uploads\/2022\/01\/33-300x125.png 300w, https:\/\/clinicacrearvision.com.co\/web\/wp-content\/uploads\/2022\/01\/33-768x321.png 768w, https:\/\/clinicacrearvision.com.co\/web\/wp-content\/uploads\/2022\/01\/33-600x250.png 600w, https:\/\/clinicacrearvision.com.co\/web\/wp-content\/uploads\/2022\/01\/33.png 1169w\" sizes=\"(max-width: 1024px) 100vw, 1024px\" \/>\t\t\t\t\t\t\t\t\t\t\t\t\t\t\t<\/div>\n\t\t\t\t<\/div>\n\t\t\t\t\t<\/div>\n\t\t<\/div>\n\t\t\t\t\t<\/div>\n\t\t<\/section>\n\t\t\t\t\t<\/div>\n\t\t<\/div>\n\t\t\t\t\t<\/div>\n\t\t<\/section>\n\t\t\t\t<section class=\"elementor-section elementor-top-section elementor-element elementor-element-98cbf10 elementor-section-boxed elementor-section-height-default elementor-section-height-default\" data-id=\"98cbf10\" data-element_type=\"section\">\n\t\t\t\t\t\t<div class=\"elementor-container elementor-column-gap-default\">\n\t\t\t\t\t<div class=\"elementor-column elementor-col-50 elementor-top-column elementor-element elementor-element-858c46b\" data-id=\"858c46b\" data-element_type=\"column\">\n\t\t\t<div class=\"elementor-widget-wrap elementor-element-populated\">\n\t\t\t\t\t\t<section class=\"elementor-section elementor-inner-section elementor-element elementor-element-51cc236 elementor-section-boxed elementor-section-height-default elementor-section-height-default\" data-id=\"51cc236\" data-element_type=\"section\">\n\t\t\t\t\t\t<div class=\"elementor-container elementor-column-gap-default\">\n\t\t\t\t\t<div class=\"elementor-column elementor-col-50 elementor-inner-column elementor-element elementor-element-874b78a\" data-id=\"874b78a\" data-element_type=\"column\">\n\t\t\t<div class=\"elementor-widget-wrap elementor-element-populated\">\n\t\t\t\t\t\t<div class=\"elementor-element elementor-element-44a179c elementor-invisible elementor-widget elementor-widget-heading\" data-id=\"44a179c\" data-element_type=\"widget\" data-settings=\"{&quot;_animation&quot;:&quot;fadeInLeft&quot;}\" data-widget_type=\"heading.default\">\n\t\t\t\t<div class=\"elementor-widget-container\">\n\t\t\t\t\t<h2 class=\"elementor-heading-title elementor-size-small\">MEDICOS - ESPECIALISTAS <\/h2>\t\t\t\t<\/div>\n\t\t\t\t<\/div>\n\t\t\t\t\t<\/div>\n\t\t<\/div>\n\t\t\t\t<div class=\"elementor-column elementor-col-50 elementor-inner-column elementor-element elementor-element-34c409c\" data-id=\"34c409c\" data-element_type=\"column\">\n\t\t\t<div class=\"elementor-widget-wrap\">\n\t\t\t\t\t\t\t<\/div>\n\t\t<\/div>\n\t\t\t\t\t<\/div>\n\t\t<\/section>\n\t\t\t\t<div class=\"elementor-element elementor-element-b3482cc elementor-invisible elementor-widget elementor-widget-text-editor\" data-id=\"b3482cc\" data-element_type=\"widget\" data-settings=\"{&quot;_animation&quot;:&quot;zoomInUp&quot;}\" data-widget_type=\"text-editor.default\">\n\t\t\t\t<div class=\"elementor-widget-container\">\n\t\t\t\t\t\t\t\t\t<ul><li class=\"MsoNormal\"><span style=\"font-size: 9.0pt; line-height: 107%;\">Adriana Coello Santana &#8211; Anestesiolog\u00eda<\/span><\/li><li class=\"MsoNormal\"><span style=\"font-size: 9.0pt; line-height: 107%;\">Hugo Alberto Ardilla &#8211; Cirujano <\/span><\/li><li class=\"MsoNormal\"><span style=\"font-size: 9.0pt; line-height: 107%;\">Oscar Bermeo Narv\u00e1ez &#8211; Cirug\u00eda pl\u00e1stica<\/span><\/li><li class=\"MsoNormal\"><span style=\"font-size: 9.0pt; line-height: 107%;\">Diana Jackeline Hidalgo Gonz\u00e1lez &#8211; Dermatolog\u00eda<\/span><\/li><li class=\"MsoNormal\"><span style=\"font-size: 9.0pt; line-height: 107%;\">Marcela Nerieth Morillo G\u00f3mez &#8211; Fisioterapia<\/span><\/li><li class=\"MsoNormal\"><span style=\"font-size: 9.0pt; line-height: 107%;\">Sonia Roc\u00edo Bravo Santander &#8211; Fisioterapia<\/span><\/li><li class=\"MsoNormal\"><span style=\"font-size: 9.0pt; line-height: 107%;\">Wherley Dar\u00edo Quiroga P\u00e9rez &#8211; Ginecolog\u00eda<\/span><\/li><li class=\"MsoNormal\"><span style=\"font-size: 9.0pt; line-height: 107%;\">Jos\u00e9 Luis Figueroa Rsmirez &#8211; Ginecolog\u00eda<\/span><\/li><li class=\"MsoNormal\"><span style=\"font-size: 9.0pt; line-height: 107%;\">Cristhian Esteban Guerrero Garz\u00f3n &#8211; Medicina interna<\/span><\/li><li class=\"MsoNormal\"><span style=\"font-size: 9.0pt; line-height: 107%;\">Nidia Magali Betancourt Fajardo &#8211; Medicina interna<\/span><\/li><li class=\"MsoNormal\"><span style=\"font-size: 9.0pt; line-height: 107%;\">Ruby Alexandra Jajoy Mavisoy &#8211; Medicina ocupacional<\/span><\/li><li class=\"MsoNormal\"><span style=\"font-size: 9.0pt; line-height: 107%;\">Viviana Liceth Rodr\u00edguez Alfonso &#8211; Nutrici\u00f3n<\/span><\/li><li class=\"MsoNormal\"><span style=\"font-size: 9.0pt; line-height: 107%;\">Fernando Acosta David &#8211; Oftalmolog\u00eda<\/span><\/li><li class=\"MsoNormal\"><span style=\"font-size: 9.0pt; line-height: 107%;\">Juan Carlos valderrama Roa &#8211; Oftalmolog\u00eda<\/span><\/li><\/ul>\t\t\t\t\t\t\t\t<\/div>\n\t\t\t\t<\/div>\n\t\t\t\t\t<\/div>\n\t\t<\/div>\n\t\t\t\t<div class=\"elementor-column elementor-col-50 elementor-top-column elementor-element elementor-element-0946322\" data-id=\"0946322\" data-element_type=\"column\">\n\t\t\t<div class=\"elementor-widget-wrap elementor-element-populated\">\n\t\t\t\t\t\t<section class=\"elementor-section elementor-inner-section elementor-element elementor-element-104adfd elementor-section-boxed elementor-section-height-default elementor-section-height-default\" data-id=\"104adfd\" data-element_type=\"section\">\n\t\t\t\t\t\t<div class=\"elementor-container elementor-column-gap-default\">\n\t\t\t\t\t<div class=\"elementor-column elementor-col-50 elementor-inner-column elementor-element elementor-element-a0317d5\" data-id=\"a0317d5\" data-element_type=\"column\">\n\t\t\t<div class=\"elementor-widget-wrap elementor-element-populated\">\n\t\t\t\t\t\t\t<\/div>\n\t\t<\/div>\n\t\t\t\t<div class=\"elementor-column elementor-col-50 elementor-inner-column elementor-element elementor-element-7ce094f\" data-id=\"7ce094f\" data-element_type=\"column\">\n\t\t\t<div class=\"elementor-widget-wrap\">\n\t\t\t\t\t\t\t<\/div>\n\t\t<\/div>\n\t\t\t\t\t<\/div>\n\t\t<\/section>\n\t\t\t\t<div class=\"elementor-element elementor-element-8d524a4 elementor-invisible elementor-widget elementor-widget-text-editor\" data-id=\"8d524a4\" data-element_type=\"widget\" data-settings=\"{&quot;_animation&quot;:&quot;zoomInUp&quot;}\" data-widget_type=\"text-editor.default\">\n\t\t\t\t<div class=\"elementor-widget-container\">\n\t\t\t\t\t\t\t\t\t<ul><li class=\"MsoNormal\" style=\"font-size: 15px;\"><span style=\"font-size: 9pt; line-height: 12.84px;\">Eduardo Alfonso Campo Avilez &#8211; Ortopedia y traumatolog\u00eda<\/span><\/li><li class=\"MsoNormal\" style=\"font-size: 15px;\"><span style=\"font-size: 9pt; line-height: 12.84px;\">Marco Antonio Estrella Mu\u00f1oz &#8211; Ortopedia y traumatolog\u00eda<\/span><\/li><li class=\"MsoNormal\" style=\"font-size: 15px;\"><span style=\"font-size: 9pt; line-height: 12.84px;\">Orlando Manuel P\u00e9rez Rivera &#8211; Ortopedia y traumatolog\u00eda<\/span><\/li><li class=\"MsoNormal\" style=\"font-size: 15px;\"><span style=\"font-size: 9pt; line-height: 12.84px;\">Harold Buenaventura Escobar &#8211; Otorrinolaringolog\u00eda<\/span><\/li><li class=\"MsoNormal\" style=\"font-size: 15px;\"><span style=\"font-size: 9pt; line-height: 12.84px;\">Carlos Ignacio Riascos L\u00f3pez &#8211; Pediatra<\/span><\/li><li class=\"MsoNormal\" style=\"font-size: 15px;\"><span style=\"font-size: 9pt; line-height: 12.84px;\">Diana Patricia Guerrero Cabrera &#8211; Pediatra<\/span><\/li><li class=\"MsoNormal\" style=\"font-size: 15px;\"><span style=\"font-size: 9pt; line-height: 12.84px;\">Carmen Lida Zamora Solarte &#8211; Psicolog\u00eda<\/span><\/li><li class=\"MsoNormal\" style=\"font-size: 15px;\"><span style=\"font-size: 9pt; line-height: 12.84px;\">Carlos Armando Mej\u00eda Avila &#8211; Radiolog\u00eda<\/span><\/li><li class=\"MsoNormal\" style=\"font-size: 15px;\"><span style=\"font-size: 9pt; line-height: 12.84px;\">Marcy Yubely L\u00f3pez Calder\u00f3n &#8211; Terapia respiratoria<\/span><\/li><li class=\"MsoNormal\" style=\"font-size: 15px;\"><span style=\"font-size: 9pt; line-height: 12.84px;\">Nelson Alberto Palomino Sandoval &#8211; Urolog\u00eda<\/span><\/li><li class=\"MsoNormal\" style=\"font-size: 15px;\"><span style=\"font-size: 9pt; line-height: 12.84px;\">Iv\u00e1n Dar\u00edo Cuaran Jurado &#8211; Cardiolog\u00eda<\/span><\/li><li class=\"MsoNormal\" style=\"font-size: 15px;\"><span style=\"font-size: 9pt; line-height: 12.84px;\">Elisabeth B\u00e1rbara Ortiz Estanque &#8211; Medicina general<\/span><\/li><li class=\"MsoNormal\" style=\"font-size: 15px;\"><span style=\"font-size: 9pt; line-height: 12.84px;\">Jisell Nathaly Cruz Fajardo &#8211; Medicina general<\/span><\/li><\/ul>\t\t\t\t\t\t\t\t<\/div>\n\t\t\t\t<\/div>\n\t\t\t\t\t<\/div>\n\t\t<\/div>\n\t\t\t\t\t<\/div>\n\t\t<\/section>\n\t\t\t\t<\/div>\n\t\t","protected":false},"excerpt":{"rendered":"<p>TALENTO HUMANO MEDICOS &#8211; ESPECIALISTAS Adriana Coello Santana &#8211; Anestesiolog\u00eda Hugo Alberto Ardilla &#8211; Cirujano Oscar Bermeo Narv\u00e1ez &#8211; Cirug\u00eda pl\u00e1stica Diana Jackeline Hidalgo Gonz\u00e1lez &#8211; Dermatolog\u00eda Marcela Nerieth Morillo G\u00f3mez &#8211; Fisioterapia Sonia Roc\u00edo Bravo Santander &#8211; Fisioterapia Wherley Dar\u00edo Quiroga P\u00e9rez &#8211; Ginecolog\u00eda Jos\u00e9 Luis Figueroa Rsmirez &#8211; Ginecolog\u00eda Cristhian Esteban Guerrero Garz\u00f3n [&hellip;]<\/p>\n","protected":false},"author":1,"featured_media":0,"parent":33,"menu_order":0,"comment_status":"closed","ping_status":"open","template":"","meta":{"site-sidebar-layout":"default","site-content-layout":"default","ast-site-content-layout":"default","site-content-style":"default","site-sidebar-style":"default","ast-global-header-display":"","ast-banner-title-visibility":"","ast-main-header-display":"","ast-hfb-above-header-display":"","ast-hfb-below-header-display":"","ast-hfb-mobile-header-display":"","site-post-title":"disabled","ast-breadcrumbs-content":"","ast-featured-img":"","footer-sml-layout":"","theme-transparent-header-meta":"default","adv-header-id-meta":"","stick-header-meta":"","header-above-stick-meta":"","header-main-stick-meta":"","header-below-stick-meta":"","astra-migrate-meta-layouts":"set","ast-page-background-enabled":"default","ast-page-background-meta":{"desktop":{"background-color":"","background-image":"","background-repeat":"repeat","background-position":"center center","background-size":"auto","background-attachment":"scroll","background-type":"","background-media":"","overlay-type":"","overlay-color":"","overlay-opacity":"","overlay-gradient":""},"tablet":{"background-color":"","background-image":"","background-repeat":"repeat","background-position":"center center","background-size":"auto","background-attachment":"scroll","background-type":"","background-media":"","overlay-type":"","overlay-color":"","overlay-opacity":"","overlay-gradient":""},"mobile":{"background-color":"","background-image":"","background-repeat":"repeat","background-position":"center center","background-size":"auto","background-attachment":"scroll","background-type":"","background-media":"","overlay-type":"","overlay-color":"","overlay-opacity":"","overlay-gradient":""}},"ast-content-background-meta":{"desktop":{"background-color":"var(--ast-global-color-5)","background-image":"","background-repeat":"repeat","background-position":"center center","background-size":"auto","background-attachment":"scroll","background-type":"","background-media":"","overlay-type":"","overlay-color":"","overlay-opacity":"","overlay-gradient":""},"tablet":{"background-color":"var(--ast-global-color-5)","background-image":"","background-repeat":"repeat","background-position":"center center","background-size":"auto","background-attachment":"scroll","background-type":"","background-media":"","overlay-type":"","overlay-color":"","overlay-opacity":"","overlay-gradient":""},"mobile":{"background-color":"var(--ast-global-color-5)","background-image":"","background-repeat":"repeat","background-position":"center center","background-size":"auto","background-attachment":"scroll","background-type":"","background-media":"","overlay-type":"","overlay-color":"","overlay-opacity":"","overlay-gradient":""}},"footnotes":""},"class_list":["post-103","page","type-page","status-publish","hentry"],"_links":{"self":[{"href":"https:\/\/clinicacrearvision.com.co\/web\/index.php?rest_route=\/wp\/v2\/pages\/103","targetHints":{"allow":["GET"]}}],"collection":[{"href":"https:\/\/clinicacrearvision.com.co\/web\/index.php?rest_route=\/wp\/v2\/pages"}],"about":[{"href":"https:\/\/clinicacrearvision.com.co\/web\/index.php?rest_route=\/wp\/v2\/types\/page"}],"author":[{"embeddable":true,"href":"https:\/\/clinicacrearvision.com.co\/web\/index.php?rest_route=\/wp\/v2\/users\/1"}],"replies":[{"embeddable":true,"href":"https:\/\/clinicacrearvision.com.co\/web\/index.php?rest_route=%2Fwp%2Fv2%2Fcomments&post=103"}],"version-history":[{"count":50,"href":"https:\/\/clinicacrearvision.com.co\/web\/index.php?rest_route=\/wp\/v2\/pages\/103\/revisions"}],"predecessor-version":[{"id":13555,"href":"https:\/\/clinicacrearvision.com.co\/web\/index.php?rest_route=\/wp\/v2\/pages\/103\/revisions\/13555"}],"up":[{"embeddable":true,"href":"https:\/\/clinicacrearvision.com.co\/web\/index.php?rest_route=\/wp\/v2\/pages\/33"}],"wp:attachment":[{"href":"https:\/\/clinicacrearvision.com.co\/web\/index.php?rest_route=%2Fwp%2Fv2%2Fmedia&parent=103"}],"curies":[{"name":"wp","href":"https:\/\/api.w.org\/{rel}","templated":true}]}}