{"id":147,"date":"2014-07-22T16:25:14","date_gmt":"2014-07-22T21:25:14","guid":{"rendered":"http:\/\/clinicacrearvision.com.co\/web\/?page_id=147"},"modified":"2025-03-24T19:03:02","modified_gmt":"2025-03-25T00:03:02","slug":"pqrsf","status":"publish","type":"page","link":"https:\/\/clinicacrearvision.com.co\/web\/?page_id=147","title":{"rendered":"PQRSF"},"content":{"rendered":"\n<p>Para nosotros es muy valioso conocer su percepci\u00f3n acerca de nuestros servicios y trabajar en la mejora de los mismos. Para presentar su manifestaci\u00f3n en la modalidad de PETICI\u00d3N, QUEJA, RECLAMO, SUGERENCIA Y\/O FELICITACI\u00d3N, diligencie el siguiente formulario :<\/p>\n\n\n<div id=\"vfb-form-1\" class=\"visual-form-builder-container\"><form id=\"pqrsf-1\" class=\"visual-form-builder vfb-form-1 \" method=\"post\" enctype=\"multipart\/form-data\">\n\t  \t<input type=\"hidden\" name=\"form_id\" value=\"1\" \/><fieldset class=\"vfb-fieldset vfb-fieldset-1 datos-del-paciente \" id=\"item-vfb-1\"><div class=\"vfb-legend\"><h3>Datos del Paciente<\/h3><\/div><ul class=\"vfb-section vfb-section-1\"><li class=\"vfb-item vfb-item-select   vfb-left-half\" id=\"item-vfb-6\"><label for=\"vfb-6\" class=\"vfb-desc\">Documento de Identificaci\u00f3n  <span class=\"vfb-required-asterisk\">*<\/span><\/label><select name=\"vfb-6\" id=\"vfb-6\" class=\"vfb-select  vfb-medium  required \"><option value=\"C\u00e9dula de Ciudadan\u00eda\">C\u00e9dula de Ciudadan\u00eda<\/option><option value=\"C\u00e9dula de Extranjer\u00eda\">C\u00e9dula de Extranjer\u00eda<\/option><option value=\"Tarjeta de Identidad\">Tarjeta de Identidad<\/option><option value=\"Registro Civil\">Registro Civil<\/option><\/select><\/li><li class=\"vfb-item vfb-item-number   vfb-right-half\" id=\"item-vfb-7\"><label for=\"vfb-7\" class=\"vfb-desc\">N\u00famero de Documento  <span class=\"vfb-required-asterisk\">*<\/span><\/label><input type=\"text\" name=\"vfb-7\" id=\"vfb-7\" value=\"\" class=\"vfb-text  vfb-medium  required  number \" \/><\/li><li class=\"vfb-item vfb-item-text  \" id=\"item-vfb-8\"><label for=\"vfb-8\" class=\"vfb-desc\">Nombres y Apellidos <\/label><input type=\"text\" name=\"vfb-8\" id=\"vfb-8\" value=\"\" class=\"vfb-text  vfb-large   \" \/><\/li><li class=\"vfb-item vfb-item-text  \" id=\"item-vfb-9\"><label for=\"vfb-9\" class=\"vfb-desc\">Examen  <span class=\"vfb-required-asterisk\">*<\/span><\/label><input type=\"text\" name=\"vfb-9\" id=\"vfb-9\" value=\"\" class=\"vfb-text  vfb-large  required  \" \/><\/li><li class=\"vfb-item vfb-item-text  \" id=\"item-vfb-10\"><label for=\"vfb-10\" class=\"vfb-desc\">Afiliado a EPS <\/label><span class=\"vfb-span\"><input type=\"text\" name=\"vfb-10\" id=\"vfb-10\" value=\"\" class=\"vfb-text  vfb-medium   \" \/><label>Nombre de la EPS a la cual se encuentra afiliado<\/label><\/span><\/li><li class=\"vfb-item vfb-item-text   vfb-left-half\" id=\"item-vfb-11\"><label for=\"vfb-11\" class=\"vfb-desc\">Tel\u00e9fono Fijo <\/label><input type=\"text\" name=\"vfb-11\" id=\"vfb-11\" value=\"\" class=\"vfb-text  vfb-medium   \" \/><\/li><li class=\"vfb-item vfb-item-text   vfb-right-half\" id=\"item-vfb-13\"><label for=\"vfb-13\" class=\"vfb-desc\">Tel\u00e9fono M\u00f3vil <\/label><input type=\"text\" name=\"vfb-13\" id=\"vfb-13\" value=\"\" class=\"vfb-text  vfb-medium   \" \/><\/li><li class=\"vfb-item vfb-item-address  \" id=\"item-vfb-14\"><label class=\"vfb-desc\">Direcci\u00f3n de Correspondencia <\/label><div><span class=\"vfb-full\"><input type=\"text\" name=\"vfb-14[address]\" id=\"vfb-14-address\" maxlength=\"150\" class=\"vfb-text vfb-medium  \" \/><label for=\"vfb-14-address\">Direcci\u00f3n<\/label><\/span><span class=\"vfb-full\"><input type=\"text\" name=\"vfb-14[address-2]\" id=\"vfb-14-address-2\" maxlength=\"150\" class=\"vfb-text vfb-medium  \" \/><label for=\"vfb-14-address-2\">Apartamento, piso, edificio (opcional)<\/label><\/span><span class=\"vfb-left\"><input type=\"text\" name=\"vfb-14[city]\" id=\"vfb-14-city\" maxlength=\"150\" class=\"vfb-text vfb-medium  \" \/><label for=\"vfb-14-city\">Ciudad<\/label><\/span><span class=\"vfb-right\"><input type=\"text\" name=\"vfb-14[state]\" id=\"vfb-14-state\" maxlength=\"150\" class=\"vfb-text vfb-medium  \" \/><label for=\"vfb-14-state\">Estado \/ provincia \/ regi\u00f3n<\/label><\/span><span class=\"vfb-left\"><input type=\"text\" name=\"vfb-14[zip]\" id=\"vfb-14-zip\" maxlength=\"150\" class=\"vfb-text vfb-medium  \" \/><label for=\"vfb-14-zip\">C\u00f3digo postal<\/label><\/span><span class=\"vfb-right\"><select name=\"vfb-14[country]\" class=\"vfb-select  \" id=\"vfb-14-country\"><option value=\"\" selected='selected'><\/option><option value=\"Afghanistan\">Afghanistan<\/option><option value=\"Albania\">Albania<\/option><option value=\"Algeria\">Algeria<\/option><option value=\"Andorra\">Andorra<\/option><option value=\"Angola\">Angola<\/option><option value=\"Antigua and Barbuda\">Antigua and Barbuda<\/option><option value=\"Argentina\">Argentina<\/option><option value=\"Armenia\">Armenia<\/option><option value=\"Australia\">Australia<\/option><option value=\"Austria\">Austria<\/option><option value=\"Azerbaijan\">Azerbaijan<\/option><option value=\"Bahamas\">Bahamas<\/option><option value=\"Bahrain\">Bahrain<\/option><option value=\"Bangladesh\">Bangladesh<\/option><option value=\"Barbados\">Barbados<\/option><option value=\"Belarus\">Belarus<\/option><option value=\"Belgium\">Belgium<\/option><option value=\"Belize\">Belize<\/option><option value=\"Benin\">Benin<\/option><option value=\"Bhutan\">Bhutan<\/option><option value=\"Bolivia\">Bolivia<\/option><option value=\"Bosnia and Herzegovina\">Bosnia and Herzegovina<\/option><option value=\"Botswana\">Botswana<\/option><option value=\"Brazil\">Brazil<\/option><option value=\"Brunei\">Brunei<\/option><option value=\"Bulgaria\">Bulgaria<\/option><option value=\"Burkina Faso\">Burkina Faso<\/option><option value=\"Burundi\">Burundi<\/option><option value=\"Cambodia\">Cambodia<\/option><option value=\"Cameroon\">Cameroon<\/option><option value=\"Canada\">Canada<\/option><option value=\"Cape Verde\">Cape Verde<\/option><option value=\"Central African Republic\">Central African Republic<\/option><option value=\"Chad\">Chad<\/option><option value=\"Chile\">Chile<\/option><option value=\"China\">China<\/option><option value=\"Colombia\">Colombia<\/option><option value=\"Comoros\">Comoros<\/option><option value=\"Congo (Brazzaville)\">Congo (Brazzaville)<\/option><option value=\"Congo\">Congo<\/option><option value=\"Costa Rica\">Costa Rica<\/option><option value=\"Cote d\\'Ivoire\">Cote d\\'Ivoire<\/option><option value=\"Croatia\">Croatia<\/option><option value=\"Cuba\">Cuba<\/option><option value=\"Cyprus\">Cyprus<\/option><option value=\"Czech Republic\">Czech Republic<\/option><option value=\"Denmark\">Denmark<\/option><option value=\"Djibouti\">Djibouti<\/option><option value=\"Dominica\">Dominica<\/option><option value=\"Dominican Republic\">Dominican Republic<\/option><option value=\"East Timor (Timor Timur)\">East Timor (Timor Timur)<\/option><option value=\"Ecuador\">Ecuador<\/option><option value=\"Egypt\">Egypt<\/option><option value=\"El Salvador\">El Salvador<\/option><option value=\"Equatorial Guinea\">Equatorial Guinea<\/option><option value=\"Eritrea\">Eritrea<\/option><option value=\"Estonia\">Estonia<\/option><option value=\"Ethiopia\">Ethiopia<\/option><option value=\"Fiji\">Fiji<\/option><option value=\"Finland\">Finland<\/option><option value=\"France\">France<\/option><option value=\"Gabon\">Gabon<\/option><option value=\"Gambia, The\">Gambia, The<\/option><option value=\"Georgia\">Georgia<\/option><option value=\"Germany\">Germany<\/option><option value=\"Ghana\">Ghana<\/option><option value=\"Greece\">Greece<\/option><option value=\"Grenada\">Grenada<\/option><option value=\"Guatemala\">Guatemala<\/option><option value=\"Guinea\">Guinea<\/option><option value=\"Guinea-Bissau\">Guinea-Bissau<\/option><option value=\"Guyana\">Guyana<\/option><option value=\"Haiti\">Haiti<\/option><option value=\"Honduras\">Honduras<\/option><option value=\"Hungary\">Hungary<\/option><option value=\"Iceland\">Iceland<\/option><option value=\"India\">India<\/option><option value=\"Indonesia\">Indonesia<\/option><option value=\"Iran\">Iran<\/option><option value=\"Iraq\">Iraq<\/option><option value=\"Ireland\">Ireland<\/option><option value=\"Israel\">Israel<\/option><option value=\"Italy\">Italy<\/option><option value=\"Jamaica\">Jamaica<\/option><option value=\"Japan\">Japan<\/option><option value=\"Jordan\">Jordan<\/option><option value=\"Kazakhstan\">Kazakhstan<\/option><option value=\"Kenya\">Kenya<\/option><option value=\"Kiribati\">Kiribati<\/option><option value=\"Korea, North\">Korea, North<\/option><option value=\"Korea, South\">Korea, South<\/option><option value=\"Kuwait\">Kuwait<\/option><option value=\"Kyrgyzstan\">Kyrgyzstan<\/option><option value=\"Laos\">Laos<\/option><option value=\"Latvia\">Latvia<\/option><option value=\"Lebanon\">Lebanon<\/option><option value=\"Lesotho\">Lesotho<\/option><option value=\"Liberia\">Liberia<\/option><option value=\"Libya\">Libya<\/option><option value=\"Liechtenstein\">Liechtenstein<\/option><option value=\"Lithuania\">Lithuania<\/option><option value=\"Luxembourg\">Luxembourg<\/option><option value=\"Macedonia\">Macedonia<\/option><option value=\"Madagascar\">Madagascar<\/option><option value=\"Malawi\">Malawi<\/option><option value=\"Malaysia\">Malaysia<\/option><option value=\"Maldives\">Maldives<\/option><option value=\"Mali\">Mali<\/option><option value=\"Malta\">Malta<\/option><option value=\"Marshall Islands\">Marshall Islands<\/option><option value=\"Mauritania\">Mauritania<\/option><option value=\"Mauritius\">Mauritius<\/option><option value=\"Mexico\">Mexico<\/option><option value=\"Micronesia\">Micronesia<\/option><option value=\"Moldova\">Moldova<\/option><option value=\"Monaco\">Monaco<\/option><option value=\"Mongolia\">Mongolia<\/option><option value=\"Montenegro\">Montenegro<\/option><option value=\"Morocco\">Morocco<\/option><option value=\"Mozambique\">Mozambique<\/option><option value=\"Myanmar\">Myanmar<\/option><option value=\"Namibia\">Namibia<\/option><option value=\"Nauru\">Nauru<\/option><option value=\"Nepal\">Nepal<\/option><option value=\"Netherlands\">Netherlands<\/option><option value=\"New Zealand\">New Zealand<\/option><option value=\"Nicaragua\">Nicaragua<\/option><option value=\"Niger\">Niger<\/option><option value=\"Nigeria\">Nigeria<\/option><option value=\"Norway\">Norway<\/option><option value=\"Oman\">Oman<\/option><option value=\"Pakistan\">Pakistan<\/option><option value=\"Palestinian Territory\">Palestinian Territory<\/option><option value=\"Palau\">Palau<\/option><option value=\"Panama\">Panama<\/option><option value=\"Papua New Guinea\">Papua New Guinea<\/option><option value=\"Paraguay\">Paraguay<\/option><option value=\"Peru\">Peru<\/option><option value=\"Philippines\">Philippines<\/option><option value=\"Poland\">Poland<\/option><option value=\"Portugal\">Portugal<\/option><option value=\"Qatar\">Qatar<\/option><option value=\"Romania\">Romania<\/option><option value=\"Russia\">Russia<\/option><option value=\"Rwanda\">Rwanda<\/option><option value=\"Saint Kitts and Nevis\">Saint Kitts and Nevis<\/option><option value=\"Saint Lucia\">Saint Lucia<\/option><option value=\"Saint Vincent\">Saint Vincent<\/option><option value=\"Samoa\">Samoa<\/option><option value=\"San Marino\">San Marino<\/option><option value=\"Sao Tome and Principe\">Sao Tome and Principe<\/option><option value=\"Saudi Arabia\">Saudi Arabia<\/option><option value=\"Senegal\">Senegal<\/option><option value=\"Serbia\">Serbia<\/option><option value=\"Seychelles\">Seychelles<\/option><option value=\"Sierra Leone\">Sierra Leone<\/option><option value=\"Singapore\">Singapore<\/option><option value=\"Slovakia\">Slovakia<\/option><option value=\"Slovenia\">Slovenia<\/option><option value=\"Solomon Islands\">Solomon Islands<\/option><option value=\"Somalia\">Somalia<\/option><option value=\"South Africa\">South Africa<\/option><option value=\"Spain\">Spain<\/option><option value=\"Sri Lanka\">Sri Lanka<\/option><option value=\"Sudan\">Sudan<\/option><option value=\"Suriname\">Suriname<\/option><option value=\"Swaziland\">Swaziland<\/option><option value=\"Sweden\">Sweden<\/option><option value=\"Switzerland\">Switzerland<\/option><option value=\"Syria\">Syria<\/option><option value=\"Taiwan\">Taiwan<\/option><option value=\"Tajikistan\">Tajikistan<\/option><option value=\"Tanzania\">Tanzania<\/option><option value=\"Thailand\">Thailand<\/option><option value=\"Togo\">Togo<\/option><option value=\"Tonga\">Tonga<\/option><option value=\"Trinidad and Tobago\">Trinidad and Tobago<\/option><option value=\"Tunisia\">Tunisia<\/option><option value=\"Turkey\">Turkey<\/option><option value=\"Turkmenistan\">Turkmenistan<\/option><option value=\"Tuvalu\">Tuvalu<\/option><option value=\"Uganda\">Uganda<\/option><option value=\"Ukraine\">Ukraine<\/option><option value=\"United Arab Emirates\">United Arab Emirates<\/option><option value=\"United Kingdom\">United Kingdom<\/option><option value=\"United States of America\">United States of America<\/option><option value=\"Uruguay\">Uruguay<\/option><option value=\"Uzbekistan\">Uzbekistan<\/option><option value=\"Vanuatu\">Vanuatu<\/option><option value=\"Vatican City\">Vatican City<\/option><option value=\"Venezuela\">Venezuela<\/option><option value=\"Vietnam\">Vietnam<\/option><option value=\"Western Sahara\">Western Sahara<\/option><option value=\"Western Samoa\">Western Samoa<\/option><option value=\"Yemen\">Yemen<\/option><option value=\"Zambia\">Zambia<\/option><option value=\"Zimbabwe\">Zimbabwe<\/option><\/select><label for=\"vfb-14-country\">Pa\u00eds<\/label><\/span><\/div><\/li><li class=\"vfb-item vfb-item-email  \" id=\"item-vfb-15\"><label for=\"vfb-15\" class=\"vfb-desc\">Correo Electr\u00f3nico <\/label><input type=\"email\" name=\"vfb-15\" id=\"vfb-15\" value=\"\" class=\"vfb-text  vfb-large   email \" \/><\/li><\/ul>&nbsp;<\/fieldset><fieldset class=\"vfb-fieldset vfb-fieldset-2 datos-del-evento \" id=\"item-vfb-17\"><div class=\"vfb-legend\"><h3>Datos del Evento<\/h3><\/div><ul class=\"vfb-section vfb-section-2\"><li class=\"vfb-item vfb-item-date   vfb-left-half\" id=\"item-vfb-18\"><label for=\"vfb-18\" class=\"vfb-desc\">Fecha <\/label><input type=\"text\" name=\"vfb-18\" id=\"vfb-18\" value=\"\" class=\"vfb-text vfb-date-picker  vfb-medium  \" data-dp-dateFormat=\"mm\/dd\/yy\" \/><\/li><li class=\"vfb-item vfb-item-time   vfb-right-half\" id=\"item-vfb-19\"><label class=\"vfb-desc\">Hora <\/label><span class=\"vfb-time\"><select name=\"vfb-19[hour]\" id=\"vfb-19-hour\" class=\"vfb-select  \"><option value=\"00\">00<\/option><option value=\"01\">01<\/option><option value=\"02\">02<\/option><option value=\"03\">03<\/option><option value=\"04\">04<\/option><option value=\"05\">05<\/option><option value=\"06\">06<\/option><option value=\"07\">07<\/option><option value=\"08\">08<\/option><option value=\"09\">09<\/option><option value=\"10\">10<\/option><option value=\"11\">11<\/option><option value=\"12\">12<\/option><option value=\"13\">13<\/option><option value=\"14\">14<\/option><option value=\"15\">15<\/option><option value=\"16\">16<\/option><option value=\"17\">17<\/option><option value=\"18\">18<\/option><option value=\"19\">19<\/option><option value=\"20\">20<\/option><option value=\"21\">21<\/option><option value=\"22\">22<\/option><option value=\"23\">23<\/option><\/select><label for=\"vfb-19-hour\">HH<\/label><\/span><span class=\"vfb-time\"><select name=\"vfb-19[min]\" id=\"vfb-19-min\" class=\"vfb-select  \"><option value=\"00\">00<\/option><option value=\"05\">05<\/option><option value=\"10\">10<\/option><option value=\"15\">15<\/option><option value=\"20\">20<\/option><option value=\"25\">25<\/option><option value=\"30\">30<\/option><option value=\"35\">35<\/option><option value=\"40\">40<\/option><option value=\"45\">45<\/option><option value=\"50\">50<\/option><option value=\"55\">55<\/option><\/select><label for=\"vfb-19-min\">MM<\/label><\/span><div class=\"clear\"><\/div><\/li><li class=\"vfb-item vfb-item-select   vfb-left-half\" id=\"item-vfb-20\"><label for=\"vfb-20\" class=\"vfb-desc\">Tipo de Solicitud <\/label><select name=\"vfb-20\" id=\"vfb-20\" class=\"vfb-select  vfb-medium  \"><option value=\"Petici\u00f3n\">Petici\u00f3n<\/option><option value=\"Queja\">Queja<\/option><option value=\"Reclamo\">Reclamo<\/option><option value=\"Sugerencia\">Sugerencia<\/option><option value=\"Felicitaci\u00f3n\">Felicitaci\u00f3n<\/option><\/select><\/li><li class=\"vfb-item vfb-item-textarea  \" id=\"item-vfb-21\"><label for=\"vfb-21\" class=\"vfb-desc\">Situaci\u00f3n <\/label><div><textarea name=\"vfb-21\" id=\"vfb-21\" class=\"vfb-textarea  vfb-large  \"><\/textarea><\/div><\/li><\/ul>&nbsp;<\/fieldset><fieldset class=\"vfb-fieldset vfb-fieldset-3 verificacion \" id=\"item-vfb-2\" style=\"display:block\"><div class=\"vfb-legend\"><h3>Verificaci\u00f3n<\/h3><\/div><ul class=\"vfb-section vfb-section-3\"><li class=\"vfb-item vfb-item-secret\"  style=\"display:block\"><label for=\"vfb-3\" class=\"vfb-desc\">Ingrese cualquiera de los dos n\u00fameros <span class=\"vfb-required-asterisk\">*<\/span><\/label><input type=\"hidden\" name=\"_vfb-secret\" value=\"vfb-3\" \/><span class=\"vfb-span\"><input type=\"text\" name=\"vfb-3\" id=\"vfb-3\" value=\"\" class=\"vfb-text  vfb-medium  required {digits:true,maxlength:2,minlength:2} \" style=\"display:block\" \/><label>Ejemplo: 12<\/label><\/span><li style=\"display:none;\"><label>Esta caja es para protecci\u00f3n contra el spam - &lt;strong&gt;por favor d\u00e9jalo en blanco&lt;\/strong&gt;:<\/label><div><input name=\"vfb-spam\" \/><\/div><\/li>\n\t\t\t<li class=\"vfb-item vfb-item-submit\" id=\"item-vfb-4\">\n\t\t\t\t<input type=\"submit\" name=\"vfb-submit\" id=\"vfb-4\" value=\"Enviar PQRSF\" class=\"vfb-submit \" \/>\n\t\t\t\t<\/li><\/ul>\n\t\t\t<\/fieldset><input type=\"hidden\" name=\"_wp_http_referer\" value=\"\/web\/index.php?rest_route=%2Fwp%2Fv2%2Fpages%2F147\" \/><\/form><\/div> <!-- .visual-form-builder-container -->","protected":false},"excerpt":{"rendered":"<p>Para nosotros es muy valioso conocer su percepci\u00f3n acerca de nuestros servicios y trabajar en la mejora de los mismos. Para presentar su manifestaci\u00f3n en la modalidad de PETICI\u00d3N, QUEJA, RECLAMO, SUGERENCIA Y\/O FELICITACI\u00d3N, diligencie el siguiente formulario :<\/p>\n","protected":false},"author":1,"featured_media":0,"parent":0,"menu_order":0,"comment_status":"closed","ping_status":"open","template":"","meta":{"site-sidebar-layout":"default","site-content-layout":"default","ast-site-content-layout":"default","site-content-style":"default","site-sidebar-style":"default","ast-global-header-display":"","ast-banner-title-visibility":"","ast-main-header-display":"","ast-hfb-above-header-display":"","ast-hfb-below-header-display":"","ast-hfb-mobile-header-display":"","site-post-title":"","ast-breadcrumbs-content":"","ast-featured-img":"","footer-sml-layout":"","theme-transparent-header-meta":"default","adv-header-id-meta":"","stick-header-meta":"","header-above-stick-meta":"","header-main-stick-meta":"","header-below-stick-meta":"","astra-migrate-meta-layouts":"set","ast-page-background-enabled":"default","ast-page-background-meta":{"desktop":{"background-color":"","background-image":"","background-repeat":"repeat","background-position":"center center","background-size":"auto","background-attachment":"scroll","background-type":"","background-media":"","overlay-type":"","overlay-color":"","overlay-opacity":"","overlay-gradient":""},"tablet":{"background-color":"","background-image":"","background-repeat":"repeat","background-position":"center center","background-size":"auto","background-attachment":"scroll","background-type":"","background-media":"","overlay-type":"","overlay-color":"","overlay-opacity":"","overlay-gradient":""},"mobile":{"background-color":"","background-image":"","background-repeat":"repeat","background-position":"center center","background-size":"auto","background-attachment":"scroll","background-type":"","background-media":"","overlay-type":"","overlay-color":"","overlay-opacity":"","overlay-gradient":""}},"ast-content-background-meta":{"desktop":{"background-color":"var(--ast-global-color-5)","background-image":"","background-repeat":"repeat","background-position":"center center","background-size":"auto","background-attachment":"scroll","background-type":"","background-media":"","overlay-type":"","overlay-color":"","overlay-opacity":"","overlay-gradient":""},"tablet":{"background-color":"var(--ast-global-color-5)","background-image":"","background-repeat":"repeat","background-position":"center center","background-size":"auto","background-attachment":"scroll","background-type":"","background-media":"","overlay-type":"","overlay-color":"","overlay-opacity":"","overlay-gradient":""},"mobile":{"background-color":"var(--ast-global-color-5)","background-image":"","background-repeat":"repeat","background-position":"center center","background-size":"auto","background-attachment":"scroll","background-type":"","background-media":"","overlay-type":"","overlay-color":"","overlay-opacity":"","overlay-gradient":""}},"footnotes":""},"class_list":["post-147","page","type-page","status-publish","hentry"],"_links":{"self":[{"href":"https:\/\/clinicacrearvision.com.co\/web\/index.php?rest_route=\/wp\/v2\/pages\/147","targetHints":{"allow":["GET"]}}],"collection":[{"href":"https:\/\/clinicacrearvision.com.co\/web\/index.php?rest_route=\/wp\/v2\/pages"}],"about":[{"href":"https:\/\/clinicacrearvision.com.co\/web\/index.php?rest_route=\/wp\/v2\/types\/page"}],"author":[{"embeddable":true,"href":"https:\/\/clinicacrearvision.com.co\/web\/index.php?rest_route=\/wp\/v2\/users\/1"}],"replies":[{"embeddable":true,"href":"https:\/\/clinicacrearvision.com.co\/web\/index.php?rest_route=%2Fwp%2Fv2%2Fcomments&post=147"}],"version-history":[{"count":2,"href":"https:\/\/clinicacrearvision.com.co\/web\/index.php?rest_route=\/wp\/v2\/pages\/147\/revisions"}],"predecessor-version":[{"id":13573,"href":"https:\/\/clinicacrearvision.com.co\/web\/index.php?rest_route=\/wp\/v2\/pages\/147\/revisions\/13573"}],"wp:attachment":[{"href":"https:\/\/clinicacrearvision.com.co\/web\/index.php?rest_route=%2Fwp%2Fv2%2Fmedia&parent=147"}],"curies":[{"name":"wp","href":"https:\/\/api.w.org\/{rel}","templated":true}]}}