{"id":165,"date":"2015-05-26T14:54:38","date_gmt":"2015-05-26T19:54:38","guid":{"rendered":"http:\/\/clinicacrearvision.com.co\/web\/?page_id=165"},"modified":"2025-03-24T18:59:09","modified_gmt":"2025-03-24T23:59:09","slug":"quirofanos","status":"publish","type":"page","link":"https:\/\/clinicacrearvision.com.co\/web\/?page_id=165","title":{"rendered":"Cirug\u00eda Artrosc\u00f3pica"},"content":{"rendered":"\t\t<div data-elementor-type=\"wp-page\" data-elementor-id=\"165\" class=\"elementor elementor-165\">\n\t\t\t\t\t\t<section class=\"elementor-section elementor-top-section elementor-element elementor-element-1e0997a elementor-section-boxed elementor-section-height-default elementor-section-height-default\" data-id=\"1e0997a\" data-element_type=\"section\" data-settings=\"{&quot;background_background&quot;:&quot;classic&quot;}\">\n\t\t\t\t\t\t<div class=\"elementor-container elementor-column-gap-default\">\n\t\t\t\t\t<div class=\"elementor-column elementor-col-100 elementor-top-column elementor-element elementor-element-986b0c7\" data-id=\"986b0c7\" data-element_type=\"column\" data-settings=\"{&quot;background_background&quot;:&quot;classic&quot;}\">\n\t\t\t<div class=\"elementor-widget-wrap elementor-element-populated\">\n\t\t\t\t\t\t<section class=\"elementor-section elementor-inner-section elementor-element elementor-element-39ff9d7 elementor-section-boxed elementor-section-height-default elementor-section-height-default\" data-id=\"39ff9d7\" data-element_type=\"section\" data-settings=\"{&quot;background_background&quot;:&quot;classic&quot;}\">\n\t\t\t\t\t\t<div class=\"elementor-container elementor-column-gap-default\">\n\t\t\t\t\t<div class=\"elementor-column elementor-col-50 elementor-inner-column elementor-element elementor-element-dad722f\" data-id=\"dad722f\" data-element_type=\"column\">\n\t\t\t<div class=\"elementor-widget-wrap elementor-element-populated\">\n\t\t\t\t\t\t<div class=\"elementor-element elementor-element-cb610dc elementor-widget elementor-widget-text-editor\" data-id=\"cb610dc\" data-element_type=\"widget\" data-widget_type=\"text-editor.default\">\n\t\t\t\t<div class=\"elementor-widget-container\">\n\t\t\t\t\t\t\t\t\t<p>La artroscopia est\u00e1 considerada como un tipo de endoscopia que se utiliza para visualizar una articulaci\u00f3n por dentro, por ejemplo,\u00a0una rodilla. Para ello, se introduce una c\u00e1mara dentro de un tubo llamado endoscopio. Cuando se trata de una articulaci\u00f3n, al no haber orificio o hueco natural que permita un acceso cercano, se realizan varias incisiones quir\u00fargicas para poder introducir la c\u00e1mara o lente que permitir\u00e1 ver la articulaci\u00f3n.<\/p><p>Para realizarla, normalmente, se aplica anestesia local, no obstante, el especialista tambi\u00e9n podr\u00e1 decidir utilizar anestesia regional (por ejemplo, la raqu\u00eddea en el caso de la rodilla) o bien anestesia general.<\/p><p>Es, por tanto, una t\u00e9cnica de m\u00ednima invasi\u00f3n y permite realizar operaciones complejas con el m\u00ednimo da\u00f1o a los tejidos, favoreciendo la recuperaci\u00f3n del paciente, ya que tambi\u00e9n reduce las infecciones postoperatorias. Y, de hecho, es una de las t\u00e9cnicas quir\u00fargicas m\u00e1s demandadas en Espa\u00f1a (m\u00e1s de 2 millones anuales) por los beneficios que reporta.<\/p><p>\u00a0<\/p><h6><strong>\u00bfQu\u00e9 tipos de artroscopias existen?<\/strong><\/h6><p>Hay dos tipos de artroscopia: la diagn\u00f3stica y la terap\u00e9utica. En la diagn\u00f3stica, el especialista realizar\u00e1 esta t\u00e9cnica para ver, en profundidad, el da\u00f1o causado en la articulaci\u00f3n y as\u00ed poder decidir la t\u00e9cnica m\u00e1s adecuada para dicha lesi\u00f3n.<\/p><p>En la terap\u00e9utica, el cirujano realizar\u00e1 t\u00e9cnicas reparadoras sobre la lesi\u00f3n a fin de que la articulaci\u00f3n recupere su completa movilidad.<\/p>\t\t\t\t\t\t\t\t<\/div>\n\t\t\t\t<\/div>\n\t\t\t\t\t<\/div>\n\t\t<\/div>\n\t\t\t\t<div class=\"elementor-column elementor-col-50 elementor-inner-column elementor-element elementor-element-f332862\" data-id=\"f332862\" data-element_type=\"column\">\n\t\t\t<div class=\"elementor-widget-wrap\">\n\t\t\t\t\t\t\t<\/div>\n\t\t<\/div>\n\t\t\t\t\t<\/div>\n\t\t<\/section>\n\t\t\t\t\t<\/div>\n\t\t<\/div>\n\t\t\t\t\t<\/div>\n\t\t<\/section>\n\t\t\t\t<section class=\"elementor-section elementor-top-section elementor-element elementor-element-ef6f009 elementor-section-boxed elementor-section-height-default elementor-section-height-default\" data-id=\"ef6f009\" data-element_type=\"section\">\n\t\t\t\t\t\t<div class=\"elementor-container elementor-column-gap-default\">\n\t\t\t\t\t<div class=\"elementor-column elementor-col-100 elementor-top-column elementor-element elementor-element-d15fdaf\" data-id=\"d15fdaf\" data-element_type=\"column\">\n\t\t\t<div class=\"elementor-widget-wrap elementor-element-populated\">\n\t\t\t\t\t\t<div class=\"elementor-element elementor-element-560ec6c elementor-widget-divider--view-line elementor-widget elementor-widget-divider\" data-id=\"560ec6c\" data-element_type=\"widget\" data-widget_type=\"divider.default\">\n\t\t\t\t<div class=\"elementor-widget-container\">\n\t\t\t\t\t\t\t<div class=\"elementor-divider\">\n\t\t\t<span class=\"elementor-divider-separator\">\n\t\t\t\t\t\t<\/span>\n\t\t<\/div>\n\t\t\t\t\t\t<\/div>\n\t\t\t\t<\/div>\n\t\t\t\t\t<\/div>\n\t\t<\/div>\n\t\t\t\t\t<\/div>\n\t\t<\/section>\n\t\t\t\t<section class=\"elementor-section elementor-top-section elementor-element elementor-element-e1f5114 elementor-section-boxed elementor-section-height-default elementor-section-height-default\" data-id=\"e1f5114\" data-element_type=\"section\" data-settings=\"{&quot;background_background&quot;:&quot;classic&quot;}\">\n\t\t\t\t\t\t<div class=\"elementor-container elementor-column-gap-default\">\n\t\t\t\t\t<div class=\"elementor-column elementor-col-100 elementor-top-column elementor-element elementor-element-ccc454c elementor-invisible\" data-id=\"ccc454c\" data-element_type=\"column\" data-settings=\"{&quot;background_background&quot;:&quot;classic&quot;,&quot;animation&quot;:&quot;fadeInUp&quot;}\">\n\t\t\t<div class=\"elementor-widget-wrap elementor-element-populated\">\n\t\t\t\t\t\t<section class=\"elementor-section elementor-inner-section elementor-element elementor-element-0f80d64 elementor-section-boxed elementor-section-height-default elementor-section-height-default\" data-id=\"0f80d64\" data-element_type=\"section\" data-settings=\"{&quot;background_background&quot;:&quot;classic&quot;}\">\n\t\t\t\t\t\t<div class=\"elementor-container elementor-column-gap-default\">\n\t\t\t\t\t<div class=\"elementor-column elementor-col-50 elementor-inner-column elementor-element elementor-element-9c218ab\" data-id=\"9c218ab\" data-element_type=\"column\">\n\t\t\t<div class=\"elementor-widget-wrap elementor-element-populated\">\n\t\t\t\t\t\t<div class=\"elementor-element elementor-element-e1ee6a5 elementor-widget elementor-widget-heading\" data-id=\"e1ee6a5\" data-element_type=\"widget\" data-widget_type=\"heading.default\">\n\t\t\t\t<div class=\"elementor-widget-container\">\n\t\t\t\t\t<h2 class=\"elementor-heading-title elementor-size-large\">Cirug\u00eda Laparosc\u00f3pica<\/h2>\t\t\t\t<\/div>\n\t\t\t\t<\/div>\n\t\t\t\t<div class=\"elementor-element elementor-element-43498ba elementor-widget elementor-widget-text-editor\" data-id=\"43498ba\" data-element_type=\"widget\" data-widget_type=\"text-editor.default\">\n\t\t\t\t<div class=\"elementor-widget-container\">\n\t\t\t\t\t\t\t\t\t<p style=\"text-align: left;\">La cirug\u00eda laparosc\u00f3pica es una t\u00e9cnica quir\u00fargica que se realiza mediante peque\u00f1as incisiones, utilizando el apoyo de una c\u00e1mara de video que permite al m\u00e9dico ver el campo quir\u00fargico dentro del paciente y accionar en el mismo. Es una t\u00e9cnica m\u00ednimamente invasiva, ya que evita los grandes cortes que se realizan en las cirug\u00edas abiertas. Por lo tanto, el periodo post-operatorio es mucho m\u00e1s r\u00e1pido y confortable, lo cual permite que el paciente tenga un menor tiempo de hospitalizaci\u00f3n y una recuperaci\u00f3n m\u00e1s r\u00e1pida<\/p>\t\t\t\t\t\t\t\t<\/div>\n\t\t\t\t<\/div>\n\t\t\t\t\t<\/div>\n\t\t<\/div>\n\t\t\t\t<div class=\"elementor-column elementor-col-50 elementor-inner-column elementor-element elementor-element-dcd6460\" data-id=\"dcd6460\" data-element_type=\"column\" data-settings=\"{&quot;background_background&quot;:&quot;classic&quot;}\">\n\t\t\t<div class=\"elementor-widget-wrap elementor-element-populated\">\n\t\t\t\t\t\t<div class=\"elementor-element elementor-element-1342ab1 elementor-widget elementor-widget-spacer\" data-id=\"1342ab1\" data-element_type=\"widget\" data-widget_type=\"spacer.default\">\n\t\t\t\t<div class=\"elementor-widget-container\">\n\t\t\t\t\t\t\t<div class=\"elementor-spacer\">\n\t\t\t<div class=\"elementor-spacer-inner\"><\/div>\n\t\t<\/div>\n\t\t\t\t\t\t<\/div>\n\t\t\t\t<\/div>\n\t\t\t\t\t<\/div>\n\t\t<\/div>\n\t\t\t\t\t<\/div>\n\t\t<\/section>\n\t\t\t\t\t<\/div>\n\t\t<\/div>\n\t\t\t\t\t<\/div>\n\t\t<\/section>\n\t\t\t\t<\/div>\n\t\t","protected":false},"excerpt":{"rendered":"<p>La artroscopia est\u00e1 considerada como un tipo de endoscopia que se utiliza para visualizar una articulaci\u00f3n por dentro, por ejemplo,\u00a0una rodilla. Para ello, se introduce una c\u00e1mara dentro de un tubo llamado endoscopio. Cuando se trata de una articulaci\u00f3n, al no haber orificio o hueco natural que permita un acceso cercano, se realizan varias incisiones [&hellip;]<\/p>\n","protected":false},"author":1,"featured_media":0,"parent":30,"menu_order":0,"comment_status":"closed","ping_status":"open","template":"","meta":{"site-sidebar-layout":"no-sidebar","site-content-layout":"plain-container","ast-site-content-layout":"normal-width-container","site-content-style":"unboxed","site-sidebar-style":"unboxed","ast-global-header-display":"","ast-banner-title-visibility":"","ast-main-header-display":"","ast-hfb-above-header-display":"","ast-hfb-below-header-display":"","ast-hfb-mobile-header-display":"","site-post-title":"","ast-breadcrumbs-content":"","ast-featured-img":"disabled","footer-sml-layout":"","theme-transparent-header-meta":"default","adv-header-id-meta":"","stick-header-meta":"","header-above-stick-meta":"","header-main-stick-meta":"","header-below-stick-meta":"","astra-migrate-meta-layouts":"set","ast-page-background-enabled":"default","ast-page-background-meta":{"desktop":{"background-color":"","background-image":"","background-repeat":"repeat","background-position":"center center","background-size":"auto","background-attachment":"scroll","background-type":"","background-media":"","overlay-type":"","overlay-color":"","overlay-opacity":"","overlay-gradient":""},"tablet":{"background-color":"","background-image":"","background-repeat":"repeat","background-position":"center center","background-size":"auto","background-attachment":"scroll","background-type":"","background-media":"","overlay-type":"","overlay-color":"","overlay-opacity":"","overlay-gradient":""},"mobile":{"background-color":"","background-image":"","background-repeat":"repeat","background-position":"center center","background-size":"auto","background-attachment":"scroll","background-type":"","background-media":"","overlay-type":"","overlay-color":"","overlay-opacity":"","overlay-gradient":""}},"ast-content-background-meta":{"desktop":{"background-color":"var(--ast-global-color-5)","background-image":"","background-repeat":"repeat","background-position":"center center","background-size":"auto","background-attachment":"scroll","background-type":"","background-media":"","overlay-type":"","overlay-color":"","overlay-opacity":"","overlay-gradient":""},"tablet":{"background-color":"var(--ast-global-color-5)","background-image":"","background-repeat":"repeat","background-position":"center center","background-size":"auto","background-attachment":"scroll","background-type":"","background-media":"","overlay-type":"","overlay-color":"","overlay-opacity":"","overlay-gradient":""},"mobile":{"background-color":"var(--ast-global-color-5)","background-image":"","background-repeat":"repeat","background-position":"center center","background-size":"auto","background-attachment":"scroll","background-type":"","background-media":"","overlay-type":"","overlay-color":"","overlay-opacity":"","overlay-gradient":""}},"footnotes":""},"class_list":["post-165","page","type-page","status-publish","hentry"],"_links":{"self":[{"href":"https:\/\/clinicacrearvision.com.co\/web\/index.php?rest_route=\/wp\/v2\/pages\/165","targetHints":{"allow":["GET"]}}],"collection":[{"href":"https:\/\/clinicacrearvision.com.co\/web\/index.php?rest_route=\/wp\/v2\/pages"}],"about":[{"href":"https:\/\/clinicacrearvision.com.co\/web\/index.php?rest_route=\/wp\/v2\/types\/page"}],"author":[{"embeddable":true,"href":"https:\/\/clinicacrearvision.com.co\/web\/index.php?rest_route=\/wp\/v2\/users\/1"}],"replies":[{"embeddable":true,"href":"https:\/\/clinicacrearvision.com.co\/web\/index.php?rest_route=%2Fwp%2Fv2%2Fcomments&post=165"}],"version-history":[{"count":36,"href":"https:\/\/clinicacrearvision.com.co\/web\/index.php?rest_route=\/wp\/v2\/pages\/165\/revisions"}],"predecessor-version":[{"id":13563,"href":"https:\/\/clinicacrearvision.com.co\/web\/index.php?rest_route=\/wp\/v2\/pages\/165\/revisions\/13563"}],"up":[{"embeddable":true,"href":"https:\/\/clinicacrearvision.com.co\/web\/index.php?rest_route=\/wp\/v2\/pages\/30"}],"wp:attachment":[{"href":"https:\/\/clinicacrearvision.com.co\/web\/index.php?rest_route=%2Fwp%2Fv2%2Fmedia&parent=165"}],"curies":[{"name":"wp","href":"https:\/\/api.w.org\/{rel}","templated":true}]}}