{"id":30,"date":"2013-02-23T18:47:56","date_gmt":"2013-02-23T18:47:56","guid":{"rendered":"http:\/\/clinicacrearvision.com.co\/web\/?page_id=30"},"modified":"2026-04-15T08:29:47","modified_gmt":"2026-04-15T13:29:47","slug":"cirugia-ambulatoria","status":"publish","type":"page","link":"https:\/\/clinicacrearvision.com.co\/web\/?page_id=30","title":{"rendered":"Cirug\u00eda Ambulatoria y Hospitalaria"},"content":{"rendered":"\t\t<div data-elementor-type=\"wp-page\" data-elementor-id=\"30\" class=\"elementor elementor-30\">\n\t\t\t\t\t\t<section class=\"elementor-section elementor-top-section elementor-element elementor-element-867ae4d animated-slow elementor-section-boxed elementor-section-height-default elementor-section-height-default elementor-invisible\" data-id=\"867ae4d\" data-element_type=\"section\" data-settings=\"{&quot;background_background&quot;:&quot;classic&quot;,&quot;animation&quot;:&quot;slideInUp&quot;}\">\n\t\t\t\t\t\t<div class=\"elementor-container elementor-column-gap-default\">\n\t\t\t\t\t<div class=\"elementor-column elementor-col-100 elementor-top-column elementor-element elementor-element-5f14791\" data-id=\"5f14791\" data-element_type=\"column\">\n\t\t\t<div class=\"elementor-widget-wrap elementor-element-populated\">\n\t\t\t\t\t\t<section class=\"elementor-section elementor-inner-section elementor-element elementor-element-8ab253c elementor-section-boxed elementor-section-height-default elementor-section-height-default\" data-id=\"8ab253c\" data-element_type=\"section\">\n\t\t\t\t\t\t\t<div class=\"elementor-background-overlay\"><\/div>\n\t\t\t\t\t\t\t<div class=\"elementor-container elementor-column-gap-default\">\n\t\t\t\t\t<div class=\"elementor-column elementor-col-50 elementor-inner-column elementor-element elementor-element-1a1560c\" data-id=\"1a1560c\" data-element_type=\"column\">\n\t\t\t<div class=\"elementor-widget-wrap elementor-element-populated\">\n\t\t\t\t\t\t<div class=\"elementor-element elementor-element-65c4214 elementor-widget elementor-widget-heading\" data-id=\"65c4214\" data-element_type=\"widget\" data-widget_type=\"heading.default\">\n\t\t\t\t<div class=\"elementor-widget-container\">\n\t\t\t\t\t<h2 class=\"elementor-heading-title elementor-size-medium\">Principal diferencia entre la cirug\u00eda la ambulatoria y la cirug\u00eda hospitalaria<\/h2>\t\t\t\t<\/div>\n\t\t\t\t<\/div>\n\t\t\t\t<div class=\"elementor-element elementor-element-82d3e3b elementor-widget elementor-widget-text-editor\" data-id=\"82d3e3b\" data-element_type=\"widget\" data-widget_type=\"text-editor.default\">\n\t\t\t\t<div class=\"elementor-widget-container\">\n\t\t\t\t\t\t\t\t\t<p>La cirug\u00eda hospitalaria implica que usted debe permanecer hospitalizado durante una noche (o m\u00e1s) despu\u00e9s de la operaci\u00f3n. Si su problema es menos complejo, el m\u00e9dico puede indicar que se realice una cirug\u00eda ambulatoria. En la cirug\u00eda ambulatoria, usted regresa a su casa poco despu\u00e9s de someterse a la operaci\u00f3n. Con frecuencia, esto significa que puede regresar a su casa el mismo d\u00eda de la cirug\u00eda. Pero, en algunos casos, regresar\u00e1 a su casa a la ma\u00f1ana temprano del d\u00eda siguiente.<\/p><p>\u00a0<\/p><p><strong>RECURSO FISICO<\/strong><\/p><p>Contamos con 1 QUIROFANO y una SALA de procedimientos menores completamente dotado con equipos de alta tecnolog\u00eda que garantizan la realizaci\u00f3n satisfactoria de la cirug\u00eda ambulatoria de varias especialidades como son:<\/p><ul style=\"text-align: justify;\"><li>CIRUG\u00cdA GENERAL<\/li><li>GINECOLOG\u00cdA<\/li><li>OFTALMOLOG\u00cdA<\/li><li>ORTOPEDIA Y TRAUMATOLOG\u00cdA<\/li><li>OTORRINOLARING\u00d3LOGIA<\/li><li>UROLOG\u00cdA<\/li><li>DERMATOLOGIA<\/li><\/ul><p><strong>UNIDAD DE\u00a0ESTERILIZACION:<\/strong> la unidad de esterilizaci\u00f3n contribuye al proceso general de asepsia y antisepsia de equipos de instrumentaci\u00f3n.\u00a0<\/p><p><strong>RECURSO HUMANO:<\/strong><\/p><ul><li style=\"list-style-type: none;\"><ul><li>AUXILIARES DE ENFERMERIA- 8<\/li><li>INSTRUMENTADORA QUIRURGICA-2<\/li><li>ENFERMERA JEFE-1<\/li><li>MEDICO GENERAL-1<\/li><li>ANESTESIOLOGO-1.<\/li><li>ESPECIALISTAS-10<\/li><\/ul><\/li><\/ul>\t\t\t\t\t\t\t\t<\/div>\n\t\t\t\t<\/div>\n\t\t\t\t\t<\/div>\n\t\t<\/div>\n\t\t\t\t<div class=\"elementor-column elementor-col-50 elementor-inner-column elementor-element elementor-element-14e1042\" data-id=\"14e1042\" data-element_type=\"column\">\n\t\t\t<div class=\"elementor-widget-wrap\">\n\t\t\t\t\t\t\t<\/div>\n\t\t<\/div>\n\t\t\t\t\t<\/div>\n\t\t<\/section>\n\t\t\t\t\t<\/div>\n\t\t<\/div>\n\t\t\t\t\t<\/div>\n\t\t<\/section>\n\t\t\t\t<\/div>\n\t\t","protected":false},"excerpt":{"rendered":"<p>Cirug\u00eda Ambulatoria y Hospitalaria<\/p>\n","protected":false},"author":1,"featured_media":0,"parent":17,"menu_order":0,"comment_status":"closed","ping_status":"open","template":"","meta":{"site-sidebar-layout":"default","site-content-layout":"plain-container","ast-site-content-layout":"normal-width-container","site-content-style":"unboxed","site-sidebar-style":"unboxed","ast-global-header-display":"","ast-banner-title-visibility":"","ast-main-header-display":"","ast-hfb-above-header-display":"","ast-hfb-below-header-display":"","ast-hfb-mobile-header-display":"","site-post-title":"","ast-breadcrumbs-content":"","ast-featured-img":"","footer-sml-layout":"","theme-transparent-header-meta":"default","adv-header-id-meta":"","stick-header-meta":"","header-above-stick-meta":"","header-main-stick-meta":"","header-below-stick-meta":"","astra-migrate-meta-layouts":"set","ast-page-background-enabled":"default","ast-page-background-meta":{"desktop":{"background-color":"","background-image":"","background-repeat":"repeat","background-position":"center center","background-size":"auto","background-attachment":"scroll","background-type":"","background-media":"","overlay-type":"","overlay-color":"","overlay-opacity":"","overlay-gradient":""},"tablet":{"background-color":"","background-image":"","background-repeat":"repeat","background-position":"center center","background-size":"auto","background-attachment":"scroll","background-type":"","background-media":"","overlay-type":"","overlay-color":"","overlay-opacity":"","overlay-gradient":""},"mobile":{"background-color":"","background-image":"","background-repeat":"repeat","background-position":"center center","background-size":"auto","background-attachment":"scroll","background-type":"","background-media":"","overlay-type":"","overlay-color":"","overlay-opacity":"","overlay-gradient":""}},"ast-content-background-meta":{"desktop":{"background-color":"var(--ast-global-color-5)","background-image":"","background-repeat":"repeat","background-position":"center center","background-size":"auto","background-attachment":"scroll","background-type":"","background-media":"","overlay-type":"","overlay-color":"","overlay-opacity":"","overlay-gradient":""},"tablet":{"background-color":"var(--ast-global-color-5)","background-image":"","background-repeat":"repeat","background-position":"center center","background-size":"auto","background-attachment":"scroll","background-type":"","background-media":"","overlay-type":"","overlay-color":"","overlay-opacity":"","overlay-gradient":""},"mobile":{"background-color":"var(--ast-global-color-5)","background-image":"","background-repeat":"repeat","background-position":"center center","background-size":"auto","background-attachment":"scroll","background-type":"","background-media":"","overlay-type":"","overlay-color":"","overlay-opacity":"","overlay-gradient":""}},"footnotes":""},"class_list":["post-30","page","type-page","status-publish","hentry"],"_links":{"self":[{"href":"https:\/\/clinicacrearvision.com.co\/web\/index.php?rest_route=\/wp\/v2\/pages\/30","targetHints":{"allow":["GET"]}}],"collection":[{"href":"https:\/\/clinicacrearvision.com.co\/web\/index.php?rest_route=\/wp\/v2\/pages"}],"about":[{"href":"https:\/\/clinicacrearvision.com.co\/web\/index.php?rest_route=\/wp\/v2\/types\/page"}],"author":[{"embeddable":true,"href":"https:\/\/clinicacrearvision.com.co\/web\/index.php?rest_route=\/wp\/v2\/users\/1"}],"replies":[{"embeddable":true,"href":"https:\/\/clinicacrearvision.com.co\/web\/index.php?rest_route=%2Fwp%2Fv2%2Fcomments&post=30"}],"version-history":[{"count":86,"href":"https:\/\/clinicacrearvision.com.co\/web\/index.php?rest_route=\/wp\/v2\/pages\/30\/revisions"}],"predecessor-version":[{"id":13837,"href":"https:\/\/clinicacrearvision.com.co\/web\/index.php?rest_route=\/wp\/v2\/pages\/30\/revisions\/13837"}],"up":[{"embeddable":true,"href":"https:\/\/clinicacrearvision.com.co\/web\/index.php?rest_route=\/wp\/v2\/pages\/17"}],"wp:attachment":[{"href":"https:\/\/clinicacrearvision.com.co\/web\/index.php?rest_route=%2Fwp%2Fv2%2Fmedia&parent=30"}],"curies":[{"name":"wp","href":"https:\/\/api.w.org\/{rel}","templated":true}]}}