{"id":33,"date":"2013-02-23T18:49:23","date_gmt":"2013-02-23T18:49:23","guid":{"rendered":"http:\/\/clinicacrearvision.com.co\/web\/?page_id=33"},"modified":"2025-03-24T18:57:52","modified_gmt":"2025-03-24T23:57:52","slug":"recurso-humano","status":"publish","type":"page","link":"https:\/\/clinicacrearvision.com.co\/web\/?page_id=33","title":{"rendered":"Colaboradores"},"content":{"rendered":"<p><strong>Medicina General: Consulta Externa<\/strong><\/p>\n<p>Recurso f\u00edsico:<\/p>\n<ul>\n<li>1 consultorio m\u00e9dico general<\/li>\n<\/ul>\n<p>Recurso humano:<\/p>\n<ul>\n<li>1 m\u00e9dico general<\/li>\n<li>3 auxiliares de enfermer\u00eda<\/li>\n<\/ul>\n<p>Horario de atencion<\/p>\n<ul>\n<li>Lunes a viernes<\/li>\n<li>Sabados<\/li>\n<\/ul>\n<hr>\n<p>&nbsp;<\/p>\n<p><strong>Medicina Especializada : Consulta externa<\/strong><\/p>\n<ul>\n<li>4 consultorios m\u00e9dicos especializados:<\/li>\n<\/ul>\n<p style=\"padding-left: 30px;\">Contamos con modernos consultorios atendidos por los mejores m\u00e9dicos especialistas y talento humano altamente calificado para brindar los servicios especializados de:<\/p>\n<blockquote>\n<ul style=\"padding-left: 30px;\">\n<li>Anestesia<\/li>\n<li>Cirug\u00eda general<\/li>\n<li>Ginecolog\u00eda<\/li>\n<li>Pediatr\u00eda<\/li>\n<li>Oftalmolog\u00eda<\/li>\n<li>Cardiologia<\/li>\n<li>Ortopedia y traumatolog\u00eda<\/li>\n<li>Otorrinolaring\u00f3logia<\/li>\n<li>Urolog\u00eda<\/li>\n<li>Dermatologia<\/li>\n<li>Medicina interna<\/li>\n<\/ul>\n<\/blockquote>\n<p><strong>Ex\u00e1menes de Diagn\u00f3stico<\/strong><\/p>\n<ul>\n<li>BX de Pr\u00f3stata guiada por ecograf\u00eda bajo anest\u00e9sia<\/li>\n<li>Citotosc\u00f3pia<\/li>\n<li>Colonosc\u00f3pia<\/li>\n<li>Colposc\u00f3pia<\/li>\n<li>Laparosc\u00f3pia<\/li>\n<li>Ecograf\u00eda<\/li>\n<li>Endosc\u00f3pia<\/li>\n<li>Urodin\u00e1mia<\/li>\n<li>Penesc\u00f3pia<\/li>\n<li>Litotr\u00edcia<\/li>\n<\/ul>\n<p style=\"text-align: center;\"><strong>&nbsp;HORARIO DE ATENCION: DE ACUERDO A DEMANDA<\/strong><\/p>\n<hr>\n<p><strong>RECURSO FISICO<\/strong><\/p>\n<p>Contamos con 2 QUIROFANO completamente dotado con equipos de alta tecnolog\u00eda que garantizan la realizaci\u00f3n satisfactoria de la cirug\u00eda ambulatoria de varias especialidades.<\/p>\n<ul>\n<li>Unidad de ESTERILIZACION: la unidad de esterilizaci\u00f3n contribuye al proceso general de asepsia y antisepsia de:<\/li>\n<\/ul>\n<blockquote>\n<ul>\n<li>Equipos de instrumentaci\u00f3n.<\/li>\n<li>Paquete de ropa de cirug\u00eda y de toda la cl\u00ednica<\/li>\n<li>Los tipos de esterilizaci\u00f3n que se manejan en esta unidad son:<\/li>\n<li>Autoclave a vapor por 100 litros, Marca AMSCO<\/li>\n<\/ul>\n<\/blockquote>\n<ul>\n<li>2 SALA DE RECUPERACI\u00d3N corta estancia una (1) para hombres y otra para mujeres<\/li>\n<li>1 SALA DE HOSPITALIZACI\u00d3N:\n<ul>\n<li>Tres (3) habitaciones con dos (2) camas cada una, para cirug\u00edas complejas<\/li>\n<\/ul>\n<\/li>\n<\/ul>\n","protected":false},"excerpt":{"rendered":"<p>Medicina General: Consulta Externa Recurso f\u00edsico: 1 consultorio m\u00e9dico general Recurso humano: 1 m\u00e9dico general 3 auxiliares de enfermer\u00eda Horario de atencion Lunes a viernes Sabados &nbsp; Medicina Especializada : Consulta externa 4 consultorios m\u00e9dicos especializados: Contamos con modernos consultorios atendidos por los mejores m\u00e9dicos especialistas y talento humano altamente calificado para brindar los servicios [&hellip;]<\/p>\n","protected":false},"author":1,"featured_media":0,"parent":25,"menu_order":0,"comment_status":"closed","ping_status":"open","template":"","meta":{"site-sidebar-layout":"default","site-content-layout":"default","ast-site-content-layout":"default","site-content-style":"default","site-sidebar-style":"default","ast-global-header-display":"","ast-banner-title-visibility":"","ast-main-header-display":"","ast-hfb-above-header-display":"","ast-hfb-below-header-display":"","ast-hfb-mobile-header-display":"","site-post-title":"","ast-breadcrumbs-content":"","ast-featured-img":"","footer-sml-layout":"","theme-transparent-header-meta":"default","adv-header-id-meta":"","stick-header-meta":"","header-above-stick-meta":"","header-main-stick-meta":"","header-below-stick-meta":"","astra-migrate-meta-layouts":"set","ast-page-background-enabled":"default","ast-page-background-meta":{"desktop":{"background-color":"","background-image":"","background-repeat":"repeat","background-position":"center center","background-size":"auto","background-attachment":"scroll","background-type":"","background-media":"","overlay-type":"","overlay-color":"","overlay-opacity":"","overlay-gradient":""},"tablet":{"background-color":"","background-image":"","background-repeat":"repeat","background-position":"center center","background-size":"auto","background-attachment":"scroll","background-type":"","background-media":"","overlay-type":"","overlay-color":"","overlay-opacity":"","overlay-gradient":""},"mobile":{"background-color":"","background-image":"","background-repeat":"repeat","background-position":"center center","background-size":"auto","background-attachment":"scroll","background-type":"","background-media":"","overlay-type":"","overlay-color":"","overlay-opacity":"","overlay-gradient":""}},"ast-content-background-meta":{"desktop":{"background-color":"var(--ast-global-color-5)","background-image":"","background-repeat":"repeat","background-position":"center center","background-size":"auto","background-attachment":"scroll","background-type":"","background-media":"","overlay-type":"","overlay-color":"","overlay-opacity":"","overlay-gradient":""},"tablet":{"background-color":"var(--ast-global-color-5)","background-image":"","background-repeat":"repeat","background-position":"center center","background-size":"auto","background-attachment":"scroll","background-type":"","background-media":"","overlay-type":"","overlay-color":"","overlay-opacity":"","overlay-gradient":""},"mobile":{"background-color":"var(--ast-global-color-5)","background-image":"","background-repeat":"repeat","background-position":"center center","background-size":"auto","background-attachment":"scroll","background-type":"","background-media":"","overlay-type":"","overlay-color":"","overlay-opacity":"","overlay-gradient":""}},"footnotes":""},"class_list":["post-33","page","type-page","status-publish","hentry"],"_links":{"self":[{"href":"https:\/\/clinicacrearvision.com.co\/web\/index.php?rest_route=\/wp\/v2\/pages\/33","targetHints":{"allow":["GET"]}}],"collection":[{"href":"https:\/\/clinicacrearvision.com.co\/web\/index.php?rest_route=\/wp\/v2\/pages"}],"about":[{"href":"https:\/\/clinicacrearvision.com.co\/web\/index.php?rest_route=\/wp\/v2\/types\/page"}],"author":[{"embeddable":true,"href":"https:\/\/clinicacrearvision.com.co\/web\/index.php?rest_route=\/wp\/v2\/users\/1"}],"replies":[{"embeddable":true,"href":"https:\/\/clinicacrearvision.com.co\/web\/index.php?rest_route=%2Fwp%2Fv2%2Fcomments&post=33"}],"version-history":[{"count":2,"href":"https:\/\/clinicacrearvision.com.co\/web\/index.php?rest_route=\/wp\/v2\/pages\/33\/revisions"}],"predecessor-version":[{"id":13559,"href":"https:\/\/clinicacrearvision.com.co\/web\/index.php?rest_route=\/wp\/v2\/pages\/33\/revisions\/13559"}],"up":[{"embeddable":true,"href":"https:\/\/clinicacrearvision.com.co\/web\/index.php?rest_route=\/wp\/v2\/pages\/25"}],"wp:attachment":[{"href":"https:\/\/clinicacrearvision.com.co\/web\/index.php?rest_route=%2Fwp%2Fv2%2Fmedia&parent=33"}],"curies":[{"name":"wp","href":"https:\/\/api.w.org\/{rel}","templated":true}]}}