{"id":35,"date":"2013-02-23T18:50:23","date_gmt":"2013-02-23T18:50:23","guid":{"rendered":"http:\/\/clinicacrearvision.com.co\/web\/?page_id=35"},"modified":"2025-03-24T19:01:37","modified_gmt":"2025-03-25T00:01:37","slug":"otros-servicios","status":"publish","type":"page","link":"https:\/\/clinicacrearvision.com.co\/web\/?page_id=35","title":{"rendered":"Otros Servicios"},"content":{"rendered":"\t\t<div data-elementor-type=\"wp-page\" data-elementor-id=\"35\" class=\"elementor elementor-35\">\n\t\t\t\t\t\t<section class=\"elementor-section elementor-top-section elementor-element elementor-element-9107835 elementor-section-boxed elementor-section-height-default elementor-section-height-default\" data-id=\"9107835\" data-element_type=\"section\" data-settings=\"{&quot;background_background&quot;:&quot;classic&quot;}\">\n\t\t\t\t\t\t<div class=\"elementor-container elementor-column-gap-default\">\n\t\t\t\t\t<div class=\"elementor-column elementor-col-50 elementor-top-column elementor-element elementor-element-2cdb75b\" data-id=\"2cdb75b\" data-element_type=\"column\">\n\t\t\t<div class=\"elementor-widget-wrap elementor-element-populated\">\n\t\t\t\t\t\t<div class=\"elementor-element elementor-element-82ad000 elementor-widget elementor-widget-image\" data-id=\"82ad000\" data-element_type=\"widget\" data-widget_type=\"image.default\">\n\t\t\t\t<div class=\"elementor-widget-container\">\n\t\t\t\t\t\t\t\t\t\t\t\t\t\t\t<img fetchpriority=\"high\" decoding=\"async\" width=\"768\" height=\"442\" src=\"https:\/\/clinicacrearvision.com.co\/web\/wp-content\/uploads\/2021\/07\/sangre-768x442.jpg\" class=\"attachment-medium_large size-medium_large wp-image-5639\" alt=\"\" srcset=\"https:\/\/clinicacrearvision.com.co\/web\/wp-content\/uploads\/2021\/07\/sangre-768x442.jpg 768w, https:\/\/clinicacrearvision.com.co\/web\/wp-content\/uploads\/2021\/07\/sangre-300x173.jpg 300w, https:\/\/clinicacrearvision.com.co\/web\/wp-content\/uploads\/2021\/07\/sangre-1024x589.jpg 1024w, https:\/\/clinicacrearvision.com.co\/web\/wp-content\/uploads\/2021\/07\/sangre-600x345.jpg 600w, https:\/\/clinicacrearvision.com.co\/web\/wp-content\/uploads\/2021\/07\/sangre.jpg 1078w\" sizes=\"(max-width: 768px) 100vw, 768px\" \/>\t\t\t\t\t\t\t\t\t\t\t\t\t\t\t<\/div>\n\t\t\t\t<\/div>\n\t\t\t\t<div class=\"elementor-element elementor-element-c39c03d elementor-widget elementor-widget-heading\" data-id=\"c39c03d\" data-element_type=\"widget\" data-widget_type=\"heading.default\">\n\t\t\t\t<div class=\"elementor-widget-container\">\n\t\t\t\t\t<h2 class=\"elementor-heading-title elementor-size-large\">Transfusi\u00f3n Sangu\u00ednea<\/h2>\t\t\t\t<\/div>\n\t\t\t\t<\/div>\n\t\t\t\t<div class=\"elementor-element elementor-element-ac686bd elementor-widget elementor-widget-text-editor\" data-id=\"ac686bd\" data-element_type=\"widget\" data-widget_type=\"text-editor.default\">\n\t\t\t\t<div class=\"elementor-widget-container\">\n\t\t\t\t\t\t\t\t\t<p>Una transfusi\u00f3n de sangre es un procedimiento m\u00e9dico de rutina en el cual el paciente recibe sangre donada por medio de un tubo estrecho colocado en una vena del brazo.<\/p>\t\t\t\t\t\t\t\t<\/div>\n\t\t\t\t<\/div>\n\t\t\t\t\t<\/div>\n\t\t<\/div>\n\t\t\t\t<div class=\"elementor-column elementor-col-50 elementor-top-column elementor-element elementor-element-0ba1ad6\" data-id=\"0ba1ad6\" data-element_type=\"column\">\n\t\t\t<div class=\"elementor-widget-wrap elementor-element-populated\">\n\t\t\t\t\t\t<div class=\"elementor-element elementor-element-149c407 elementor-widget elementor-widget-image\" data-id=\"149c407\" data-element_type=\"widget\" data-widget_type=\"image.default\">\n\t\t\t\t<div class=\"elementor-widget-container\">\n\t\t\t\t\t\t\t\t\t\t\t\t\t\t\t<img decoding=\"async\" width=\"768\" height=\"441\" src=\"https:\/\/clinicacrearvision.com.co\/web\/wp-content\/uploads\/2021\/07\/radio-768x441.png\" class=\"attachment-medium_large size-medium_large wp-image-5650\" alt=\"\" srcset=\"https:\/\/clinicacrearvision.com.co\/web\/wp-content\/uploads\/2021\/07\/radio-768x441.png 768w, https:\/\/clinicacrearvision.com.co\/web\/wp-content\/uploads\/2021\/07\/radio-300x172.png 300w, https:\/\/clinicacrearvision.com.co\/web\/wp-content\/uploads\/2021\/07\/radio-1024x588.png 1024w, https:\/\/clinicacrearvision.com.co\/web\/wp-content\/uploads\/2021\/07\/radio-600x345.png 600w, https:\/\/clinicacrearvision.com.co\/web\/wp-content\/uploads\/2021\/07\/radio.png 1079w\" sizes=\"(max-width: 768px) 100vw, 768px\" \/>\t\t\t\t\t\t\t\t\t\t\t\t\t\t\t<\/div>\n\t\t\t\t<\/div>\n\t\t\t\t<div class=\"elementor-element elementor-element-9789788 elementor-widget elementor-widget-heading\" data-id=\"9789788\" data-element_type=\"widget\" data-widget_type=\"heading.default\">\n\t\t\t\t<div class=\"elementor-widget-container\">\n\t\t\t\t\t<h2 class=\"elementor-heading-title elementor-size-large\">Radiolog\u00eda e Im\u00e1genes Diagnosticas Hospitalaria<\/h2>\t\t\t\t<\/div>\n\t\t\t\t<\/div>\n\t\t\t\t<div class=\"elementor-element elementor-element-2bb90f5 elementor-widget elementor-widget-text-editor\" data-id=\"2bb90f5\" data-element_type=\"widget\" data-widget_type=\"text-editor.default\">\n\t\t\t\t<div class=\"elementor-widget-container\">\n\t\t\t\t\t\t\t\t\t<p>Esta especialidad m\u00e9dica, se ocupa de generar im\u00e1genes del interior del cuerpo mediante diferentes agentes f\u00edsicos (rayos X, ultrasonidos, campos magn\u00e9ticos, entre otros)<\/p>\t\t\t\t\t\t\t\t<\/div>\n\t\t\t\t<\/div>\n\t\t\t\t\t<\/div>\n\t\t<\/div>\n\t\t\t\t\t<\/div>\n\t\t<\/section>\n\t\t\t\t<section class=\"elementor-section elementor-top-section elementor-element elementor-element-ea6c0bf elementor-section-boxed elementor-section-height-default elementor-section-height-default\" data-id=\"ea6c0bf\" data-element_type=\"section\" data-settings=\"{&quot;background_background&quot;:&quot;classic&quot;}\">\n\t\t\t\t\t\t<div class=\"elementor-container elementor-column-gap-default\">\n\t\t\t\t\t<div class=\"elementor-column elementor-col-50 elementor-top-column elementor-element elementor-element-c7deeff\" data-id=\"c7deeff\" data-element_type=\"column\">\n\t\t\t<div class=\"elementor-widget-wrap elementor-element-populated\">\n\t\t\t\t\t\t<div class=\"elementor-element elementor-element-cde16df elementor-widget elementor-widget-image\" data-id=\"cde16df\" data-element_type=\"widget\" data-widget_type=\"image.default\">\n\t\t\t\t<div class=\"elementor-widget-container\">\n\t\t\t\t\t\t\t\t\t\t\t\t\t\t\t<img decoding=\"async\" width=\"768\" height=\"441\" src=\"https:\/\/clinicacrearvision.com.co\/web\/wp-content\/uploads\/2021\/07\/Esteriliz-1-768x441.png\" class=\"attachment-medium_large size-medium_large wp-image-5642\" alt=\"\" srcset=\"https:\/\/clinicacrearvision.com.co\/web\/wp-content\/uploads\/2021\/07\/Esteriliz-1-768x441.png 768w, https:\/\/clinicacrearvision.com.co\/web\/wp-content\/uploads\/2021\/07\/Esteriliz-1-300x172.png 300w, https:\/\/clinicacrearvision.com.co\/web\/wp-content\/uploads\/2021\/07\/Esteriliz-1-1024x588.png 1024w, https:\/\/clinicacrearvision.com.co\/web\/wp-content\/uploads\/2021\/07\/Esteriliz-1-600x345.png 600w, https:\/\/clinicacrearvision.com.co\/web\/wp-content\/uploads\/2021\/07\/Esteriliz-1.png 1079w\" sizes=\"(max-width: 768px) 100vw, 768px\" \/>\t\t\t\t\t\t\t\t\t\t\t\t\t\t\t<\/div>\n\t\t\t\t<\/div>\n\t\t\t\t<div class=\"elementor-element elementor-element-ee02bf7 elementor-widget elementor-widget-heading\" data-id=\"ee02bf7\" data-element_type=\"widget\" data-widget_type=\"heading.default\">\n\t\t\t\t<div class=\"elementor-widget-container\">\n\t\t\t\t\t<h2 class=\"elementor-heading-title elementor-size-large\">Esterilizaci\u00f3n<\/h2>\t\t\t\t<\/div>\n\t\t\t\t<\/div>\n\t\t\t\t<div class=\"elementor-element elementor-element-9eba05f elementor-widget elementor-widget-text-editor\" data-id=\"9eba05f\" data-element_type=\"widget\" data-widget_type=\"text-editor.default\">\n\t\t\t\t<div class=\"elementor-widget-container\">\n\t\t\t\t\t\t\t\t\t<p>la unidad de esterilizaci\u00f3n contribuye al proceso general de asepsia y antisepsia de:<\/p><p>Equipos de instrumentaci\u00f3n, paquete de ropa de cirug\u00eda y de toda la cl\u00ednica.<\/p><p>Los tipos de esterilizaci\u00f3n que se manejan en esta unidad son:<\/p><p>Autoclave a vapor por 100 litros, Marca AMSCO.<\/p>\t\t\t\t\t\t\t\t<\/div>\n\t\t\t\t<\/div>\n\t\t\t\t\t<\/div>\n\t\t<\/div>\n\t\t\t\t<div class=\"elementor-column elementor-col-50 elementor-top-column elementor-element elementor-element-bc8f320\" data-id=\"bc8f320\" data-element_type=\"column\">\n\t\t\t<div class=\"elementor-widget-wrap elementor-element-populated\">\n\t\t\t\t\t\t<div class=\"elementor-element elementor-element-a5b1846 elementor-widget elementor-widget-image\" data-id=\"a5b1846\" data-element_type=\"widget\" data-widget_type=\"image.default\">\n\t\t\t\t<div class=\"elementor-widget-container\">\n\t\t\t\t\t\t\t\t\t\t\t\t\t\t\t<img loading=\"lazy\" decoding=\"async\" width=\"768\" height=\"441\" src=\"https:\/\/clinicacrearvision.com.co\/web\/wp-content\/uploads\/2021\/07\/nutri-768x441.png\" class=\"attachment-medium_large size-medium_large wp-image-5655\" alt=\"\" srcset=\"https:\/\/clinicacrearvision.com.co\/web\/wp-content\/uploads\/2021\/07\/nutri-768x441.png 768w, https:\/\/clinicacrearvision.com.co\/web\/wp-content\/uploads\/2021\/07\/nutri-300x172.png 300w, https:\/\/clinicacrearvision.com.co\/web\/wp-content\/uploads\/2021\/07\/nutri-1024x588.png 1024w, https:\/\/clinicacrearvision.com.co\/web\/wp-content\/uploads\/2021\/07\/nutri-600x345.png 600w, https:\/\/clinicacrearvision.com.co\/web\/wp-content\/uploads\/2021\/07\/nutri.png 1079w\" sizes=\"(max-width: 768px) 100vw, 768px\" \/>\t\t\t\t\t\t\t\t\t\t\t\t\t\t\t<\/div>\n\t\t\t\t<\/div>\n\t\t\t\t<div class=\"elementor-element elementor-element-db68178 elementor-widget elementor-widget-heading\" data-id=\"db68178\" data-element_type=\"widget\" data-widget_type=\"heading.default\">\n\t\t\t\t<div class=\"elementor-widget-container\">\n\t\t\t\t\t<h2 class=\"elementor-heading-title elementor-size-large\">Nutrici\u00f3n y Diet\u00e9tica<\/h2>\t\t\t\t<\/div>\n\t\t\t\t<\/div>\n\t\t\t\t<div class=\"elementor-element elementor-element-c576df7 elementor-widget elementor-widget-text-editor\" data-id=\"c576df7\" data-element_type=\"widget\" data-widget_type=\"text-editor.default\">\n\t\t\t\t<div class=\"elementor-widget-container\">\n\t\t\t\t\t\t\t\t\t<p>Esta \u00e1rea\u00a0 busca prevenir los riesgos relacionados a problemas nutricionales, promover estilos de vida saludables, definir las necesidades nutricionales del paciente, realizar evaluaciones nutricionales para determinar su estado de salud en general, brindar tratamiento nutricional a los pacientes seg\u00fan sus necesidades o enfermedades<\/p>\t\t\t\t\t\t\t\t<\/div>\n\t\t\t\t<\/div>\n\t\t\t\t\t<\/div>\n\t\t<\/div>\n\t\t\t\t\t<\/div>\n\t\t<\/section>\n\t\t\t\t<section class=\"elementor-section elementor-top-section elementor-element elementor-element-4afd1e4 elementor-section-boxed elementor-section-height-default elementor-section-height-default\" data-id=\"4afd1e4\" data-element_type=\"section\" data-settings=\"{&quot;background_background&quot;:&quot;classic&quot;}\">\n\t\t\t\t\t\t<div class=\"elementor-container elementor-column-gap-default\">\n\t\t\t\t\t<div class=\"elementor-column elementor-col-50 elementor-top-column elementor-element elementor-element-92c4b7f\" data-id=\"92c4b7f\" data-element_type=\"column\">\n\t\t\t<div class=\"elementor-widget-wrap elementor-element-populated\">\n\t\t\t\t\t\t<div class=\"elementor-element elementor-element-57d2171 elementor-widget elementor-widget-image\" data-id=\"57d2171\" data-element_type=\"widget\" data-widget_type=\"image.default\">\n\t\t\t\t<div class=\"elementor-widget-container\">\n\t\t\t\t\t\t\t\t\t\t\t\t\t\t\t<img loading=\"lazy\" decoding=\"async\" width=\"768\" height=\"441\" src=\"https:\/\/clinicacrearvision.com.co\/web\/wp-content\/uploads\/2021\/07\/LTR-768x441.jpg\" class=\"attachment-medium_large size-medium_large wp-image-5675\" alt=\"\" srcset=\"https:\/\/clinicacrearvision.com.co\/web\/wp-content\/uploads\/2021\/07\/LTR-768x441.jpg 768w, https:\/\/clinicacrearvision.com.co\/web\/wp-content\/uploads\/2021\/07\/LTR-300x172.jpg 300w, https:\/\/clinicacrearvision.com.co\/web\/wp-content\/uploads\/2021\/07\/LTR-1024x588.jpg 1024w, https:\/\/clinicacrearvision.com.co\/web\/wp-content\/uploads\/2021\/07\/LTR-600x345.jpg 600w, https:\/\/clinicacrearvision.com.co\/web\/wp-content\/uploads\/2021\/07\/LTR.jpg 1079w\" sizes=\"(max-width: 768px) 100vw, 768px\" \/>\t\t\t\t\t\t\t\t\t\t\t\t\t\t\t<\/div>\n\t\t\t\t<\/div>\n\t\t\t\t<div class=\"elementor-element elementor-element-86f4b48 elementor-widget elementor-widget-heading\" data-id=\"86f4b48\" data-element_type=\"widget\" data-widget_type=\"heading.default\">\n\t\t\t\t<div class=\"elementor-widget-container\">\n\t\t\t\t\t<h2 class=\"elementor-heading-title elementor-size-large\">Litotricia \nExtracorp\u00f3rea<\/h2>\t\t\t\t<\/div>\n\t\t\t\t<\/div>\n\t\t\t\t<div class=\"elementor-element elementor-element-6642336 elementor-widget elementor-widget-text-editor\" data-id=\"6642336\" data-element_type=\"widget\" data-widget_type=\"text-editor.default\">\n\t\t\t\t<div class=\"elementor-widget-container\">\n\t\t\t\t\t\t\t\t\t<p>Es un procedimiento que utiliza ondas de choque para desintegrar c\u00e1lculos en el ri\u00f1\u00f3n y partes del ur\u00e9ter. Despu\u00e9s del procedimiento, los diminutos pedazos de los c\u00e1lculos salen del cuerpo a trav\u00e9s de la <br \/>orina.<\/p>\t\t\t\t\t\t\t\t<\/div>\n\t\t\t\t<\/div>\n\t\t\t\t\t<\/div>\n\t\t<\/div>\n\t\t\t\t<div class=\"elementor-column elementor-col-50 elementor-top-column elementor-element elementor-element-263dd58\" data-id=\"263dd58\" data-element_type=\"column\">\n\t\t\t<div class=\"elementor-widget-wrap elementor-element-populated\">\n\t\t\t\t\t\t<div class=\"elementor-element elementor-element-f57b136 elementor-widget elementor-widget-image\" data-id=\"f57b136\" data-element_type=\"widget\" data-widget_type=\"image.default\">\n\t\t\t\t<div class=\"elementor-widget-container\">\n\t\t\t\t\t\t\t\t\t\t\t\t\t\t\t<img loading=\"lazy\" decoding=\"async\" width=\"768\" height=\"441\" src=\"https:\/\/clinicacrearvision.com.co\/web\/wp-content\/uploads\/2021\/07\/CESA-768x441.jpg\" class=\"attachment-medium_large size-medium_large wp-image-5676\" alt=\"\" srcset=\"https:\/\/clinicacrearvision.com.co\/web\/wp-content\/uploads\/2021\/07\/CESA-768x441.jpg 768w, https:\/\/clinicacrearvision.com.co\/web\/wp-content\/uploads\/2021\/07\/CESA-300x172.jpg 300w, https:\/\/clinicacrearvision.com.co\/web\/wp-content\/uploads\/2021\/07\/CESA-1024x588.jpg 1024w, https:\/\/clinicacrearvision.com.co\/web\/wp-content\/uploads\/2021\/07\/CESA-600x345.jpg 600w, https:\/\/clinicacrearvision.com.co\/web\/wp-content\/uploads\/2021\/07\/CESA.jpg 1079w\" sizes=\"(max-width: 768px) 100vw, 768px\" \/>\t\t\t\t\t\t\t\t\t\t\t\t\t\t\t<\/div>\n\t\t\t\t<\/div>\n\t\t\t\t<div class=\"elementor-element elementor-element-b71aa4c elementor-widget elementor-widget-heading\" data-id=\"b71aa4c\" data-element_type=\"widget\" data-widget_type=\"heading.default\">\n\t\t\t\t<div class=\"elementor-widget-container\">\n\t\t\t\t\t<h2 class=\"elementor-heading-title elementor-size-large\">Ces\u00e1rea<\/h2>\t\t\t\t<\/div>\n\t\t\t\t<\/div>\n\t\t\t\t<div class=\"elementor-element elementor-element-a1b733c elementor-widget elementor-widget-text-editor\" data-id=\"a1b733c\" data-element_type=\"widget\" data-widget_type=\"text-editor.default\">\n\t\t\t\t<div class=\"elementor-widget-container\">\n\t\t\t\t\t\t\t\t\t<p>La ces\u00e1rea es una cirug\u00eda para el nacimiento de un beb\u00e9. El beb\u00e9 se saca a trav\u00e9s de una incisi\u00f3n en el abdomen de la madre<\/p>\t\t\t\t\t\t\t\t<\/div>\n\t\t\t\t<\/div>\n\t\t\t\t\t<\/div>\n\t\t<\/div>\n\t\t\t\t\t<\/div>\n\t\t<\/section>\n\t\t\t\t<section class=\"elementor-section elementor-top-section elementor-element elementor-element-cdea700 elementor-section-boxed elementor-section-height-default elementor-section-height-default\" data-id=\"cdea700\" data-element_type=\"section\" data-settings=\"{&quot;background_background&quot;:&quot;classic&quot;}\">\n\t\t\t\t\t\t<div class=\"elementor-container elementor-column-gap-default\">\n\t\t\t\t\t<div class=\"elementor-column elementor-col-50 elementor-top-column elementor-element elementor-element-30fa577\" data-id=\"30fa577\" data-element_type=\"column\">\n\t\t\t<div class=\"elementor-widget-wrap elementor-element-populated\">\n\t\t\t\t\t\t<div class=\"elementor-element elementor-element-adca7c5 elementor-widget elementor-widget-image\" data-id=\"adca7c5\" data-element_type=\"widget\" data-widget_type=\"image.default\">\n\t\t\t\t<div class=\"elementor-widget-container\">\n\t\t\t\t\t\t\t\t\t\t\t\t\t\t\t<img loading=\"lazy\" decoding=\"async\" width=\"768\" height=\"441\" src=\"https:\/\/clinicacrearvision.com.co\/web\/wp-content\/uploads\/2021\/07\/FISICA-768x441.jpg\" class=\"attachment-medium_large size-medium_large wp-image-5670\" alt=\"\" srcset=\"https:\/\/clinicacrearvision.com.co\/web\/wp-content\/uploads\/2021\/07\/FISICA-768x441.jpg 768w, https:\/\/clinicacrearvision.com.co\/web\/wp-content\/uploads\/2021\/07\/FISICA-300x172.jpg 300w, https:\/\/clinicacrearvision.com.co\/web\/wp-content\/uploads\/2021\/07\/FISICA-1024x588.jpg 1024w, https:\/\/clinicacrearvision.com.co\/web\/wp-content\/uploads\/2021\/07\/FISICA-600x345.jpg 600w, https:\/\/clinicacrearvision.com.co\/web\/wp-content\/uploads\/2021\/07\/FISICA.jpg 1079w\" sizes=\"(max-width: 768px) 100vw, 768px\" \/>\t\t\t\t\t\t\t\t\t\t\t\t\t\t\t<\/div>\n\t\t\t\t<\/div>\n\t\t\t\t<div class=\"elementor-element elementor-element-cb5630a elementor-widget elementor-widget-heading\" data-id=\"cb5630a\" data-element_type=\"widget\" data-widget_type=\"heading.default\">\n\t\t\t\t<div class=\"elementor-widget-container\">\n\t\t\t\t\t<h2 class=\"elementor-heading-title elementor-size-large\">Terapia F\u00edsica <\/h2>\t\t\t\t<\/div>\n\t\t\t\t<\/div>\n\t\t\t\t<div class=\"elementor-element elementor-element-af3d2f9 elementor-widget elementor-widget-text-editor\" data-id=\"af3d2f9\" data-element_type=\"widget\" data-widget_type=\"text-editor.default\">\n\t\t\t\t<div class=\"elementor-widget-container\">\n\t\t\t\t\t\t\t\t\t<p>En el servico de fisioterapia nos encargamos de atender a pacientes con limitaciones o discapacidades f\u00edsicas por medio de programas o procedimiento,con el fin de restaurar o restablecer el movimiento para mejorar la calidad de vida<\/p>\t\t\t\t\t\t\t\t<\/div>\n\t\t\t\t<\/div>\n\t\t\t\t\t<\/div>\n\t\t<\/div>\n\t\t\t\t<div class=\"elementor-column elementor-col-50 elementor-top-column elementor-element elementor-element-8e07b37\" data-id=\"8e07b37\" data-element_type=\"column\">\n\t\t\t<div class=\"elementor-widget-wrap\">\n\t\t\t\t\t\t\t<\/div>\n\t\t<\/div>\n\t\t\t\t\t<\/div>\n\t\t<\/section>\n\t\t\t\t<\/div>\n\t\t","protected":false},"excerpt":{"rendered":"<p>Asignaci\u00f3n de Citas por Tel\u00e9fono &#8211; Salas de Espera<\/p>\n","protected":false},"author":1,"featured_media":0,"parent":17,"menu_order":0,"comment_status":"closed","ping_status":"open","template":"","meta":{"site-sidebar-layout":"default","site-content-layout":"default","ast-site-content-layout":"default","site-content-style":"default","site-sidebar-style":"default","ast-global-header-display":"","ast-banner-title-visibility":"","ast-main-header-display":"","ast-hfb-above-header-display":"","ast-hfb-below-header-display":"","ast-hfb-mobile-header-display":"","site-post-title":"","ast-breadcrumbs-content":"","ast-featured-img":"","footer-sml-layout":"","theme-transparent-header-meta":"default","adv-header-id-meta":"","stick-header-meta":"","header-above-stick-meta":"","header-main-stick-meta":"","header-below-stick-meta":"","astra-migrate-meta-layouts":"set","ast-page-background-enabled":"default","ast-page-background-meta":{"desktop":{"background-color":"","background-image":"","background-repeat":"repeat","background-position":"center center","background-size":"auto","background-attachment":"scroll","background-type":"","background-media":"","overlay-type":"","overlay-color":"","overlay-opacity":"","overlay-gradient":""},"tablet":{"background-color":"","background-image":"","background-repeat":"repeat","background-position":"center center","background-size":"auto","background-attachment":"scroll","background-type":"","background-media":"","overlay-type":"","overlay-color":"","overlay-opacity":"","overlay-gradient":""},"mobile":{"background-color":"","background-image":"","background-repeat":"repeat","background-position":"center center","background-size":"auto","background-attachment":"scroll","background-type":"","background-media":"","overlay-type":"","overlay-color":"","overlay-opacity":"","overlay-gradient":""}},"ast-content-background-meta":{"desktop":{"background-color":"var(--ast-global-color-5)","background-image":"","background-repeat":"repeat","background-position":"center center","background-size":"auto","background-attachment":"scroll","background-type":"","background-media":"","overlay-type":"","overlay-color":"","overlay-opacity":"","overlay-gradient":""},"tablet":{"background-color":"var(--ast-global-color-5)","background-image":"","background-repeat":"repeat","background-position":"center center","background-size":"auto","background-attachment":"scroll","background-type":"","background-media":"","overlay-type":"","overlay-color":"","overlay-opacity":"","overlay-gradient":""},"mobile":{"background-color":"var(--ast-global-color-5)","background-image":"","background-repeat":"repeat","background-position":"center center","background-size":"auto","background-attachment":"scroll","background-type":"","background-media":"","overlay-type":"","overlay-color":"","overlay-opacity":"","overlay-gradient":""}},"footnotes":""},"class_list":["post-35","page","type-page","status-publish","hentry"],"_links":{"self":[{"href":"https:\/\/clinicacrearvision.com.co\/web\/index.php?rest_route=\/wp\/v2\/pages\/35","targetHints":{"allow":["GET"]}}],"collection":[{"href":"https:\/\/clinicacrearvision.com.co\/web\/index.php?rest_route=\/wp\/v2\/pages"}],"about":[{"href":"https:\/\/clinicacrearvision.com.co\/web\/index.php?rest_route=\/wp\/v2\/types\/page"}],"author":[{"embeddable":true,"href":"https:\/\/clinicacrearvision.com.co\/web\/index.php?rest_route=\/wp\/v2\/users\/1"}],"replies":[{"embeddable":true,"href":"https:\/\/clinicacrearvision.com.co\/web\/index.php?rest_route=%2Fwp%2Fv2%2Fcomments&post=35"}],"version-history":[{"count":40,"href":"https:\/\/clinicacrearvision.com.co\/web\/index.php?rest_route=\/wp\/v2\/pages\/35\/revisions"}],"predecessor-version":[{"id":13568,"href":"https:\/\/clinicacrearvision.com.co\/web\/index.php?rest_route=\/wp\/v2\/pages\/35\/revisions\/13568"}],"up":[{"embeddable":true,"href":"https:\/\/clinicacrearvision.com.co\/web\/index.php?rest_route=\/wp\/v2\/pages\/17"}],"wp:attachment":[{"href":"https:\/\/clinicacrearvision.com.co\/web\/index.php?rest_route=%2Fwp%2Fv2%2Fmedia&parent=35"}],"curies":[{"name":"wp","href":"https:\/\/api.w.org\/{rel}","templated":true}]}}