{"id":3551,"date":"2021-06-16T07:44:14","date_gmt":"2021-06-16T12:44:14","guid":{"rendered":"https:\/\/clinicacrearvision.com.co\/web\/?page_id=3551"},"modified":"2021-09-15T16:53:19","modified_gmt":"2021-09-15T21:53:19","slug":"quienes-somos","status":"publish","type":"page","link":"https:\/\/clinicacrearvision.com.co\/web\/?page_id=3551","title":{"rendered":"Historia"},"content":{"rendered":"\t\t<div data-elementor-type=\"wp-page\" data-elementor-id=\"3551\" class=\"elementor elementor-3551\">\n\t\t\t\t\t\t<section class=\"elementor-section elementor-top-section elementor-element elementor-element-4d710ba elementor-section-boxed elementor-section-height-default elementor-section-height-default\" data-id=\"4d710ba\" data-element_type=\"section\">\n\t\t\t\t\t\t\t<div class=\"elementor-background-overlay\"><\/div>\n\t\t\t\t\t\t\t<div class=\"elementor-container elementor-column-gap-default\">\n\t\t\t\t\t<div class=\"elementor-column elementor-col-100 elementor-top-column elementor-element elementor-element-07bd445\" data-id=\"07bd445\" data-element_type=\"column\">\n\t\t\t<div class=\"elementor-widget-wrap elementor-element-populated\">\n\t\t\t\t\t\t<div class=\"elementor-element elementor-element-d1c86f1 elementor-widget elementor-widget-spacer\" data-id=\"d1c86f1\" data-element_type=\"widget\" data-widget_type=\"spacer.default\">\n\t\t\t\t<div class=\"elementor-widget-container\">\n\t\t\t\t\t\t\t<div class=\"elementor-spacer\">\n\t\t\t<div class=\"elementor-spacer-inner\"><\/div>\n\t\t<\/div>\n\t\t\t\t\t\t<\/div>\n\t\t\t\t<\/div>\n\t\t\t\t\t<\/div>\n\t\t<\/div>\n\t\t\t\t\t<\/div>\n\t\t<\/section>\n\t\t\t\t<section class=\"elementor-section elementor-top-section elementor-element elementor-element-6496e01 elementor-section-boxed elementor-section-height-default elementor-section-height-default\" data-id=\"6496e01\" data-element_type=\"section\">\n\t\t\t\t\t\t<div class=\"elementor-container elementor-column-gap-default\">\n\t\t\t\t\t<div class=\"elementor-column elementor-col-100 elementor-top-column elementor-element elementor-element-c03ecb0\" data-id=\"c03ecb0\" data-element_type=\"column\">\n\t\t\t<div class=\"elementor-widget-wrap elementor-element-populated\">\n\t\t\t\t\t\t<div class=\"elementor-element elementor-element-949cea6 elementor-widget elementor-widget-spacer\" data-id=\"949cea6\" data-element_type=\"widget\" data-widget_type=\"spacer.default\">\n\t\t\t\t<div class=\"elementor-widget-container\">\n\t\t\t\t\t\t\t<div class=\"elementor-spacer\">\n\t\t\t<div class=\"elementor-spacer-inner\"><\/div>\n\t\t<\/div>\n\t\t\t\t\t\t<\/div>\n\t\t\t\t<\/div>\n\t\t\t\t\t<\/div>\n\t\t<\/div>\n\t\t\t\t\t<\/div>\n\t\t<\/section>\n\t\t\t\t<section class=\"elementor-section elementor-top-section elementor-element elementor-element-f32078f elementor-section-boxed elementor-section-height-default elementor-section-height-default\" data-id=\"f32078f\" data-element_type=\"section\">\n\t\t\t\t\t\t<div class=\"elementor-container elementor-column-gap-default\">\n\t\t\t\t\t<div class=\"elementor-column elementor-col-33 elementor-top-column elementor-element elementor-element-3e72ed2\" data-id=\"3e72ed2\" data-element_type=\"column\" data-settings=\"{&quot;background_background&quot;:&quot;classic&quot;}\">\n\t\t\t<div class=\"elementor-widget-wrap elementor-element-populated\">\n\t\t\t\t\t<div class=\"elementor-background-overlay\"><\/div>\n\t\t\t\t\t\t<div class=\"elementor-element elementor-element-8224ee0 elementor-widget elementor-widget-text-editor\" data-id=\"8224ee0\" data-element_type=\"widget\" data-widget_type=\"text-editor.default\">\n\t\t\t\t<div class=\"elementor-widget-container\">\n\t\t\t\t\t\t\t\t\t<p style=\"text-align: left;\">Desde 1999, LA CL\u00cdNICA CREAR VISI\u00d2N es una organizaci\u00f3n privada con sede en Mocoa, presta sus servicios a los habitantes del Putumayo, Cauca y Caquet\u00e1; brindando una \u00f3ptima atenci\u00f3n, cordial, humana y de alta calidad oportunamente a sus usuarios.<\/p><p>CREAR VISION es pionera en la prestaci\u00f3n de servicios m\u00e9dicos en diferentes especialidades, que eran ajenas al territorio; cuenta con una amplia experiencia cl\u00ednica y quir\u00fargica que ofrece a la poblaci\u00f3n una nueva alternativa con mayor calidad y comodidad a menor costo tanto a la poblaci\u00f3n particular como a las entidades aseguradoras que trabajan en esta zona.<\/p><p>Desde su fundaci\u00f3n CREAR VISION cumple con un prop\u00f3sito institucional y social en pro de ofrecer a la poblaci\u00f3n mejores alternativas de salud en la prestaci\u00f3n de servicios de cirug\u00eda y consulta especializada de Oftalmolog\u00eda; proyectando la atenci\u00f3n peri\u00f3dica de subespecialidades en retina, v\u00edtreo y glaucoma, consulta de psicolog\u00eda, terapias de grupo, etc.<\/p>\t\t\t\t\t\t\t\t<\/div>\n\t\t\t\t<\/div>\n\t\t\t\t\t<\/div>\n\t\t<\/div>\n\t\t\t\t<div class=\"elementor-column elementor-col-33 elementor-top-column elementor-element elementor-element-74dd7ba\" data-id=\"74dd7ba\" data-element_type=\"column\">\n\t\t\t<div class=\"elementor-widget-wrap elementor-element-populated\">\n\t\t\t\t\t\t<div class=\"elementor-element elementor-element-f20e9ad elementor-widget elementor-widget-text-editor\" data-id=\"f20e9ad\" data-element_type=\"widget\" data-widget_type=\"text-editor.default\">\n\t\t\t\t<div class=\"elementor-widget-container\">\n\t\t\t\t\t\t\t\t\t<p>Desde el a\u00f1o 2011 contamos con otras especialidades como son:<\/p><ul><li>Otorrinolaringolog\u00eda<\/li><li>Ortopedia<\/li><li>Pediatr\u00eda<\/li><li>Ginecolog\u00eda<\/li><li>Urolog\u00eda<\/li><li>Oftalmolog\u00eda\u00a0 \u00a0 \u00a0 \u00a0 \u00a0 \u00a0\u00a0<\/li><li>Cirug\u00eda General<\/li><li>Dermatolog\u00eda<\/li><li>Anestesiolog\u00eda<\/li><li>Medicina interna<\/li><li>Cardi\u00f3loga<\/li><\/ul><p>\u00a0<\/p><p>Por m\u00e1s de diez a\u00f1os hemos logrado acreditar nuestros excelentes servicios encontrando el reconocimiento de nuestros usuarios logrando relaciones contractuales con instituciones aseguradoras del departamento y particulares, qui\u00e9nes nos reconocen en el medio de la salud como una entidad responsable, eficiente y con alto sentido cient\u00edfico en los servicios que prestamos.<\/p>\t\t\t\t\t\t\t\t<\/div>\n\t\t\t\t<\/div>\n\t\t\t\t\t<\/div>\n\t\t<\/div>\n\t\t\t\t<div class=\"elementor-column elementor-col-33 elementor-top-column elementor-element elementor-element-9a3fada\" data-id=\"9a3fada\" data-element_type=\"column\" data-settings=\"{&quot;background_background&quot;:&quot;classic&quot;}\">\n\t\t\t<div class=\"elementor-widget-wrap\">\n\t\t\t\t\t\t\t<\/div>\n\t\t<\/div>\n\t\t\t\t\t<\/div>\n\t\t<\/section>\n\t\t\t\t<section class=\"elementor-section elementor-top-section elementor-element elementor-element-feed564 elementor-section-boxed elementor-section-height-default elementor-section-height-default\" data-id=\"feed564\" data-element_type=\"section\">\n\t\t\t\t\t\t<div class=\"elementor-container elementor-column-gap-default\">\n\t\t\t\t\t<div class=\"elementor-column elementor-col-100 elementor-top-column elementor-element elementor-element-8176c1c\" data-id=\"8176c1c\" data-element_type=\"column\">\n\t\t\t<div class=\"elementor-widget-wrap elementor-element-populated\">\n\t\t\t\t\t\t<div class=\"elementor-element elementor-element-25e1b2b elementor-widget elementor-widget-text-editor\" data-id=\"25e1b2b\" data-element_type=\"widget\" data-widget_type=\"text-editor.default\">\n\t\t\t\t<div class=\"elementor-widget-container\">\n\t\t\t\t\t\t\t\t\t<p style=\"text-align: center;\"><a href=\"https:\/\/clinicacrearvision.com.co\/web\/?page_id=3551\">Historia<\/a>\u00a0 \/\u00a0 \u00a0<a href=\"https:\/\/clinicacrearvision.com.co\/web\/?page_id=6\">Misi\u00f3n &#8211; Visi\u00f3n<\/a>\u00a0 \u00a0\/\u00a0 <a href=\"https:\/\/clinicacrearvision.com.co\/web\/?page_id=7\">Pol\u00edticas<\/a>\u00a0 \/\u00a0 <a href=\"https:\/\/clinicacrearvision.com.co\/web\/?page_id=96\">Principios y Valores<\/a>\u00a0 \/ <a href=\"https:\/\/clinicacrearvision.com.co\/web\/?page_id=968\">Estados Financieros\u00a0<\/a><\/p>\t\t\t\t\t\t\t\t<\/div>\n\t\t\t\t<\/div>\n\t\t\t\t\t<\/div>\n\t\t<\/div>\n\t\t\t\t\t<\/div>\n\t\t<\/section>\n\t\t\t\t<section class=\"elementor-section elementor-top-section elementor-element elementor-element-baf43a2 elementor-section-boxed elementor-section-height-default elementor-section-height-default\" data-id=\"baf43a2\" data-element_type=\"section\">\n\t\t\t\t\t\t<div class=\"elementor-container elementor-column-gap-default\">\n\t\t\t\t\t<div class=\"elementor-column elementor-col-100 elementor-top-column elementor-element elementor-element-8f674bd\" data-id=\"8f674bd\" data-element_type=\"column\">\n\t\t\t<div class=\"elementor-widget-wrap elementor-element-populated\">\n\t\t\t\t\t\t<div class=\"elementor-element elementor-element-1983bc5 elementor-widget elementor-widget-spacer\" data-id=\"1983bc5\" data-element_type=\"widget\" data-widget_type=\"spacer.default\">\n\t\t\t\t<div class=\"elementor-widget-container\">\n\t\t\t\t\t\t\t<div class=\"elementor-spacer\">\n\t\t\t<div class=\"elementor-spacer-inner\"><\/div>\n\t\t<\/div>\n\t\t\t\t\t\t<\/div>\n\t\t\t\t<\/div>\n\t\t\t\t\t<\/div>\n\t\t<\/div>\n\t\t\t\t\t<\/div>\n\t\t<\/section>\n\t\t\t\t<\/div>\n\t\t","protected":false},"excerpt":{"rendered":"<p>Desde 1999, LA CL\u00cdNICA CREAR VISI\u00d2N es una organizaci\u00f3n privada con sede en Mocoa, presta sus servicios a los habitantes del Putumayo, Cauca y Caquet\u00e1; brindando una \u00f3ptima atenci\u00f3n, cordial, humana y de alta calidad oportunamente a sus usuarios. CREAR VISION es pionera en la prestaci\u00f3n de servicios m\u00e9dicos en diferentes especialidades, que eran ajenas [&hellip;]<\/p>\n","protected":false},"author":2,"featured_media":0,"parent":0,"menu_order":0,"comment_status":"closed","ping_status":"closed","template":"","meta":{"site-sidebar-layout":"no-sidebar","site-content-layout":"plain-container","ast-site-content-layout":"","site-content-style":"default","site-sidebar-style":"default","ast-global-header-display":"","ast-banner-title-visibility":"","ast-main-header-display":"","ast-hfb-above-header-display":"","ast-hfb-below-header-display":"","ast-hfb-mobile-header-display":"","site-post-title":"","ast-breadcrumbs-content":"","ast-featured-img":"disabled","footer-sml-layout":"","theme-transparent-header-meta":"default","adv-header-id-meta":"","stick-header-meta":"","header-above-stick-meta":"","header-main-stick-meta":"","header-below-stick-meta":"","astra-migrate-meta-layouts":"default","ast-page-background-enabled":"default","ast-page-background-meta":{"desktop":{"background-color":"","background-image":"","background-repeat":"repeat","background-position":"center center","background-size":"auto","background-attachment":"scroll","background-type":"","background-media":"","overlay-type":"","overlay-color":"","overlay-opacity":"","overlay-gradient":""},"tablet":{"background-color":"","background-image":"","background-repeat":"repeat","background-position":"center center","background-size":"auto","background-attachment":"scroll","background-type":"","background-media":"","overlay-type":"","overlay-color":"","overlay-opacity":"","overlay-gradient":""},"mobile":{"background-color":"","background-image":"","background-repeat":"repeat","background-position":"center center","background-size":"auto","background-attachment":"scroll","background-type":"","background-media":"","overlay-type":"","overlay-color":"","overlay-opacity":"","overlay-gradient":""}},"ast-content-background-meta":{"desktop":{"background-color":"var(--ast-global-color-5)","background-image":"","background-repeat":"repeat","background-position":"center center","background-size":"auto","background-attachment":"scroll","background-type":"","background-media":"","overlay-type":"","overlay-color":"","overlay-opacity":"","overlay-gradient":""},"tablet":{"background-color":"var(--ast-global-color-5)","background-image":"","background-repeat":"repeat","background-position":"center center","background-size":"auto","background-attachment":"scroll","background-type":"","background-media":"","overlay-type":"","overlay-color":"","overlay-opacity":"","overlay-gradient":""},"mobile":{"background-color":"var(--ast-global-color-5)","background-image":"","background-repeat":"repeat","background-position":"center center","background-size":"auto","background-attachment":"scroll","background-type":"","background-media":"","overlay-type":"","overlay-color":"","overlay-opacity":"","overlay-gradient":""}},"footnotes":""},"class_list":["post-3551","page","type-page","status-publish","hentry"],"_links":{"self":[{"href":"https:\/\/clinicacrearvision.com.co\/web\/index.php?rest_route=\/wp\/v2\/pages\/3551","targetHints":{"allow":["GET"]}}],"collection":[{"href":"https:\/\/clinicacrearvision.com.co\/web\/index.php?rest_route=\/wp\/v2\/pages"}],"about":[{"href":"https:\/\/clinicacrearvision.com.co\/web\/index.php?rest_route=\/wp\/v2\/types\/page"}],"author":[{"embeddable":true,"href":"https:\/\/clinicacrearvision.com.co\/web\/index.php?rest_route=\/wp\/v2\/users\/2"}],"replies":[{"embeddable":true,"href":"https:\/\/clinicacrearvision.com.co\/web\/index.php?rest_route=%2Fwp%2Fv2%2Fcomments&post=3551"}],"version-history":[{"count":116,"href":"https:\/\/clinicacrearvision.com.co\/web\/index.php?rest_route=\/wp\/v2\/pages\/3551\/revisions"}],"predecessor-version":[{"id":7008,"href":"https:\/\/clinicacrearvision.com.co\/web\/index.php?rest_route=\/wp\/v2\/pages\/3551\/revisions\/7008"}],"wp:attachment":[{"href":"https:\/\/clinicacrearvision.com.co\/web\/index.php?rest_route=%2Fwp%2Fv2%2Fmedia&parent=3551"}],"curies":[{"name":"wp","href":"https:\/\/api.w.org\/{rel}","templated":true}]}}