{"id":624,"date":"2020-04-26T16:59:35","date_gmt":"2020-04-26T21:59:35","guid":{"rendered":"http:\/\/clinicacrearvision.com.co\/web\/?page_id=624"},"modified":"2025-03-24T18:57:22","modified_gmt":"2025-03-24T23:57:22","slug":"estados-financieros","status":"publish","type":"page","link":"https:\/\/clinicacrearvision.com.co\/web\/?page_id=624","title":{"rendered":"Publicaciones"},"content":{"rendered":"\t\t<div data-elementor-type=\"wp-page\" data-elementor-id=\"624\" class=\"elementor elementor-624\">\n\t\t\t\t\t\t<section class=\"elementor-section elementor-top-section elementor-element elementor-element-f62bf07 elementor-section-boxed elementor-section-height-default elementor-section-height-default\" data-id=\"f62bf07\" data-element_type=\"section\" data-settings=\"{&quot;background_background&quot;:&quot;classic&quot;}\">\n\t\t\t\t\t\t<div class=\"elementor-container elementor-column-gap-default\">\n\t\t\t\t\t<div class=\"elementor-column elementor-col-50 elementor-top-column elementor-element elementor-element-70f0a5a\" data-id=\"70f0a5a\" data-element_type=\"column\">\n\t\t\t<div class=\"elementor-widget-wrap elementor-element-populated\">\n\t\t\t\t\t\t<div class=\"elementor-element elementor-element-35fd4c2 elementor-invisible elementor-widget elementor-widget-heading\" data-id=\"35fd4c2\" data-element_type=\"widget\" data-settings=\"{&quot;_animation&quot;:&quot;fadeIn&quot;}\" data-widget_type=\"heading.default\">\n\t\t\t\t<div class=\"elementor-widget-container\">\n\t\t\t\t\t<h1 class=\"elementor-heading-title elementor-size-xl\">Modelo prestaci\u00f3n de servicios 2021<\/h1>\t\t\t\t<\/div>\n\t\t\t\t<\/div>\n\t\t\t\t\t<\/div>\n\t\t<\/div>\n\t\t\t\t<div class=\"elementor-column elementor-col-50 elementor-top-column elementor-element elementor-element-d22124a\" data-id=\"d22124a\" data-element_type=\"column\">\n\t\t\t<div class=\"elementor-widget-wrap elementor-element-populated\">\n\t\t\t\t\t\t<div class=\"elementor-element elementor-element-b949330 elementor-widget elementor-widget-spacer\" data-id=\"b949330\" data-element_type=\"widget\" data-widget_type=\"spacer.default\">\n\t\t\t\t<div class=\"elementor-widget-container\">\n\t\t\t\t\t\t\t<div class=\"elementor-spacer\">\n\t\t\t<div class=\"elementor-spacer-inner\"><\/div>\n\t\t<\/div>\n\t\t\t\t\t\t<\/div>\n\t\t\t\t<\/div>\n\t\t\t\t<div class=\"elementor-element elementor-element-0c27019 elementor-align-center elementor-invisible elementor-widget elementor-widget-button\" data-id=\"0c27019\" data-element_type=\"widget\" data-settings=\"{&quot;_animation&quot;:&quot;fadeInUp&quot;}\" data-widget_type=\"button.default\">\n\t\t\t\t<div class=\"elementor-widget-container\">\n\t\t\t\t\t\t\t\t\t<div class=\"elementor-button-wrapper\">\n\t\t\t\t\t<a class=\"elementor-button elementor-button-link elementor-size-lg elementor-animation-pulse\" href=\"https:\/\/clinicacrearvision.com.co\/web\/wp-content\/uploads\/2021\/09\/MODELO-PRESTACION-SERVICIOS-2021.pdf\">\n\t\t\t\t\t\t<span class=\"elementor-button-content-wrapper\">\n\t\t\t\t\t\t\t\t\t<span class=\"elementor-button-text\">Ver pdf<\/span>\n\t\t\t\t\t<\/span>\n\t\t\t\t\t<\/a>\n\t\t\t\t<\/div>\n\t\t\t\t\t\t\t\t<\/div>\n\t\t\t\t<\/div>\n\t\t\t\t\t<\/div>\n\t\t<\/div>\n\t\t\t\t\t<\/div>\n\t\t<\/section>\n\t\t\t\t<section class=\"elementor-section elementor-top-section elementor-element elementor-element-73fc94e3 elementor-section-boxed elementor-section-height-default elementor-section-height-default\" data-id=\"73fc94e3\" data-element_type=\"section\">\n\t\t\t\t\t\t<div class=\"elementor-container elementor-column-gap-default\">\n\t\t\t\t\t<div class=\"elementor-column elementor-col-100 elementor-top-column elementor-element elementor-element-6da1ecc\" data-id=\"6da1ecc\" data-element_type=\"column\">\n\t\t\t<div class=\"elementor-widget-wrap elementor-element-populated\">\n\t\t\t\t\t\t<div class=\"elementor-element elementor-element-cb9647f elementor-widget elementor-widget-spacer\" data-id=\"cb9647f\" data-element_type=\"widget\" data-widget_type=\"spacer.default\">\n\t\t\t\t<div class=\"elementor-widget-container\">\n\t\t\t\t\t\t\t<div class=\"elementor-spacer\">\n\t\t\t<div class=\"elementor-spacer-inner\"><\/div>\n\t\t<\/div>\n\t\t\t\t\t\t<\/div>\n\t\t\t\t<\/div>\n\t\t\t\t<div class=\"elementor-element elementor-element-1aad3d9f elementor-widget elementor-widget-text-editor\" data-id=\"1aad3d9f\" data-element_type=\"widget\" data-widget_type=\"text-editor.default\">\n\t\t\t\t<div class=\"elementor-widget-container\">\n\t\t\t\t\t\t\t\t\t\n<p><strong><a href=\"https:\/\/clinicacrearvision.com.co\/web\/?page_id=977\" data-type=\"page\" data-id=\"977\">INFORME SEMANAL DE SEGUIMIENTO DEL COPASST Y EL SST A LAS MEDIDAS DE PREVENCI\u00d3N Y CONTENCI\u00d3N DE CONTAGIO COVID-19<\/a><\/strong><\/p>\n\n\n\n<p><\/p>\n\n\n\n<p><strong><a href=\"https:\/\/clinicacrearvision.com.co\/web\/?page_id=968\" data-type=\"page\" data-id=\"968\">PUBLICACI\u00d3N ESTADOS FINANCIEROS<\/a><\/strong><\/p>\n\n\n\n<p><\/p>\n\n\n\n<p><strong><a href=\"https:\/\/clinicacrearvision.com.co\/web\/?page_id=1001\" data-type=\"page\" data-id=\"1001\">POLITICA DE PARTICIPACION SOCIAL EN SALUD &#8211; PPSS<\/a><\/strong><\/p>\n\n\n\n<div class=\"wp-block-buttons is-layout-flex wp-block-buttons-is-layout-flex\"><\/div>\n\n\n\n<p><\/p>\n\t\t\t\t\t\t\t\t<\/div>\n\t\t\t\t<\/div>\n\t\t\t\t<div class=\"elementor-element elementor-element-78a0573 elementor-widget elementor-widget-spacer\" data-id=\"78a0573\" data-element_type=\"widget\" data-widget_type=\"spacer.default\">\n\t\t\t\t<div class=\"elementor-widget-container\">\n\t\t\t\t\t\t\t<div class=\"elementor-spacer\">\n\t\t\t<div class=\"elementor-spacer-inner\"><\/div>\n\t\t<\/div>\n\t\t\t\t\t\t<\/div>\n\t\t\t\t<\/div>\n\t\t\t\t\t<\/div>\n\t\t<\/div>\n\t\t\t\t\t<\/div>\n\t\t<\/section>\n\t\t\t\t<section class=\"elementor-section elementor-top-section elementor-element elementor-element-553a288 elementor-section-boxed elementor-section-height-default elementor-section-height-default\" data-id=\"553a288\" data-element_type=\"section\" data-settings=\"{&quot;background_background&quot;:&quot;classic&quot;}\">\n\t\t\t\t\t\t<div class=\"elementor-container elementor-column-gap-default\">\n\t\t\t\t\t<div class=\"elementor-column elementor-col-100 elementor-top-column elementor-element elementor-element-6f17a42\" data-id=\"6f17a42\" data-element_type=\"column\">\n\t\t\t<div class=\"elementor-widget-wrap elementor-element-populated\">\n\t\t\t\t\t\t<div class=\"elementor-element elementor-element-97491d5 elementor-invisible elementor-widget elementor-widget-heading\" data-id=\"97491d5\" data-element_type=\"widget\" data-settings=\"{&quot;_animation&quot;:&quot;fadeIn&quot;}\" data-widget_type=\"heading.default\">\n\t\t\t\t<div class=\"elementor-widget-container\">\n\t\t\t\t\t<h1 class=\"elementor-heading-title elementor-size-xl\">Anexo t\u00e9cnico No. 11<br>\nResoluci\u00f3n  4331 de 2012<\/h1>\t\t\t\t<\/div>\n\t\t\t\t<\/div>\n\t\t\t\t\t<\/div>\n\t\t<\/div>\n\t\t\t\t\t<\/div>\n\t\t<\/section>\n\t\t\t\t<section class=\"elementor-section elementor-top-section elementor-element elementor-element-aa10431 elementor-section-boxed elementor-section-height-default elementor-section-height-default\" data-id=\"aa10431\" data-element_type=\"section\" data-settings=\"{&quot;background_background&quot;:&quot;classic&quot;}\">\n\t\t\t\t\t\t<div class=\"elementor-container elementor-column-gap-default\">\n\t\t\t\t\t<div class=\"elementor-column elementor-col-100 elementor-top-column elementor-element elementor-element-ef5621b\" data-id=\"ef5621b\" data-element_type=\"column\">\n\t\t\t<div class=\"elementor-widget-wrap elementor-element-populated\">\n\t\t\t\t\t\t<div class=\"elementor-element elementor-element-1f9e427 elementor-widget elementor-widget-spacer\" data-id=\"1f9e427\" data-element_type=\"widget\" data-widget_type=\"spacer.default\">\n\t\t\t\t<div class=\"elementor-widget-container\">\n\t\t\t\t\t\t\t<div class=\"elementor-spacer\">\n\t\t\t<div class=\"elementor-spacer-inner\"><\/div>\n\t\t<\/div>\n\t\t\t\t\t\t<\/div>\n\t\t\t\t<\/div>\n\t\t\t\t<div class=\"elementor-element elementor-element-8ad4a9d elementor-widget elementor-widget-text-editor\" data-id=\"8ad4a9d\" data-element_type=\"widget\" data-widget_type=\"text-editor.default\">\n\t\t\t\t<div class=\"elementor-widget-container\">\n\t\t\t\t\t\t\t\t\t<h5>El Ministerio de Salud y Protecci\u00f3n Social, recuerda a todos los ciudadanos que requierenservicios de salud que:<\/h5>\t\t\t\t\t\t\t\t<\/div>\n\t\t\t\t<\/div>\n\t\t\t\t<section class=\"elementor-section elementor-inner-section elementor-element elementor-element-a774aa2 elementor-section-boxed elementor-section-height-default elementor-section-height-default\" data-id=\"a774aa2\" data-element_type=\"section\">\n\t\t\t\t\t\t<div class=\"elementor-container elementor-column-gap-default\">\n\t\t\t\t\t<div class=\"elementor-column elementor-col-50 elementor-inner-column elementor-element elementor-element-7c1516a\" data-id=\"7c1516a\" data-element_type=\"column\">\n\t\t\t<div class=\"elementor-widget-wrap elementor-element-populated\">\n\t\t\t\t\t\t<div class=\"elementor-element elementor-element-57803fb elementor-widget elementor-widget-text-editor\" data-id=\"57803fb\" data-element_type=\"widget\" data-widget_type=\"text-editor.default\">\n\t\t\t\t<div class=\"elementor-widget-container\">\n\t\t\t\t\t\t\t\t\t<ul>\n<li>Las Entidades Responsables del Pago (EPS Secretar\u00edas de Salud, Entidades <span style=\"font-style: inherit; font-weight: inherit;\">Adaptadas) y los presentadores de servicios\u00a0<\/span><span style=\"font-style: inherit; font-weight: inherit;\">de salud tienen prohibido exigir fotocopias\u00a0<\/span><span style=\"font-style: inherit; font-weight: inherit;\">de documentos (Art. 11 decreto 4747 de\u00a0<\/span>2007), excepto en casos de atenci\u00f3n de victimas de accidentes de transito (Decreto 3990 de 2007).<\/li>\n<li>El acceso a los servicios de salud se har\u00e1 a trav\u00e9s de la c\u00e9dula de ciudadan\u00eda u otro documento de identidad (Art. 22 Ley 1438\u00a0 de 2011).<\/li>\n<li>El tr\u00e1mite de la autorizaci\u00f3n de servicios de salud lo efectuar\u00e1 de manera directa la Instituci\u00f3n Prestadora de Servicios de Salud ante la Entidad Promotora de Salud. Ning\u00fan tr\u00e1mite para la obtenci\u00f3n de la autorizaci\u00f3n puede ser trasladado al usuario (Art. 120 Decreto Ley 019 de 2012).<\/li>\n<li>Las autorizaciones de servicios contenidos en el Plan Obligatorio de Salud tendr\u00e1n una vigencia no menos de dos (2) meses, contados a partir de la fecha de emisi\u00f3n.\u00a0<\/li>\n<li>Las f\u00f3rmulas de medicamentos tendr\u00e1n una vigencia no inferior a un (1) mes contado a partir de la fecha de su expedici\u00f3n y no requieren autorizaci\u00f3n adicional, excepto aquellos que no hacen parte del Plan Obligatorio de Salud.<\/li>\n<\/ul>\t\t\t\t\t\t\t\t<\/div>\n\t\t\t\t<\/div>\n\t\t\t\t\t<\/div>\n\t\t<\/div>\n\t\t\t\t<div class=\"elementor-column elementor-col-50 elementor-inner-column elementor-element elementor-element-f2600a5\" data-id=\"f2600a5\" data-element_type=\"column\">\n\t\t\t<div class=\"elementor-widget-wrap elementor-element-populated\">\n\t\t\t\t\t\t<div class=\"elementor-element elementor-element-c0fe1ec elementor-widget elementor-widget-text-editor\" data-id=\"c0fe1ec\" data-element_type=\"widget\" data-widget_type=\"text-editor.default\">\n\t\t\t\t<div class=\"elementor-widget-container\">\n\t\t\t\t\t\t\t\t\t<ul>\n<li style=\"font-size: 15px;\">Para pacientes con patolog\u00edas cr\u00f3nicas con manejo farmacol\u00f3gico, las entidades responsables de pago garantizaran la continuidad en el suministro de medicamentos, mediante la prescripci\u00f3n por periodos no menores a 90 d\u00edas con entregas no inferiores a un (1) mes.<\/li>\n<li>las autorizaciones asociadas a quimioterapia o radioterapia de pacientes con c\u00e1ncer que sigan gu\u00edas o protocolos acordados se har\u00e1n una \u00fanica vez para todos los ciclos incluidos en la gu\u00eda o protocolo. Para aquellos casos en que el onc\u00f3logo tratante prescriba la quimioterapia o radioterapia por fuera de las gu\u00edas o protocolos acordados, la autorizaci\u00f3n deber\u00e1 cubrir como m\u00ednimo los ciclos a realizar durante los siguientes seis (6) meses, contados a partir de la fecha de solicitud de autorizaci\u00f3n.<\/li>\n<li>La autorizaci\u00f3n de oxigeno domiciliario para paciente con patolog\u00edas cr\u00f3nicas se expedir\u00e1\u00a0 una vez s\u00f3lo podr\u00e1 ser desautorizada cuando el medico tratante disponga que no se requiere.<\/li>\n<li>Las entidades Promotoras de Salud deben garantizar la asignaci\u00f3n de citas de medicina general u odontol\u00f3gica general a m\u00e1s tardar dentro de los tres (3) d\u00edas\u00a0 h\u00e1biles contados a partir de la solicitud, sin que se tenga que hacer la solicitud de forma presencial. (Art. 123 Decreto Ley 019 de 2012)<\/li>\n<\/ul>\t\t\t\t\t\t\t\t<\/div>\n\t\t\t\t<\/div>\n\t\t\t\t\t<\/div>\n\t\t<\/div>\n\t\t\t\t\t<\/div>\n\t\t<\/section>\n\t\t\t\t<div class=\"elementor-element elementor-element-38bb2e7 elementor-widget elementor-widget-text-editor\" data-id=\"38bb2e7\" data-element_type=\"widget\" data-widget_type=\"text-editor.default\">\n\t\t\t\t<div class=\"elementor-widget-container\">\n\t\t\t\t\t\t\t\t\t<h4 style=\"text-align: center;\">Conozca sus derechos, exija su cumplimiento. Denuncie la violaci\u00f3n de sus derechos a la Direcci\u00f3n Municipal de Salud, Personer\u00eda Municipal, Direcci\u00f3n Departamental o Distrital de Salud, Defensor\u00eda del Pueblo, Procurador\u00eda General de la Naci\u00f3n, Superintendencia Nacional de Salud\u00a0<\/h4>\t\t\t\t\t\t\t\t<\/div>\n\t\t\t\t<\/div>\n\t\t\t\t<div class=\"elementor-element elementor-element-cef41ec elementor-widget elementor-widget-spacer\" data-id=\"cef41ec\" data-element_type=\"widget\" data-widget_type=\"spacer.default\">\n\t\t\t\t<div class=\"elementor-widget-container\">\n\t\t\t\t\t\t\t<div class=\"elementor-spacer\">\n\t\t\t<div class=\"elementor-spacer-inner\"><\/div>\n\t\t<\/div>\n\t\t\t\t\t\t<\/div>\n\t\t\t\t<\/div>\n\t\t\t\t\t<\/div>\n\t\t<\/div>\n\t\t\t\t\t<\/div>\n\t\t<\/section>\n\t\t\t\t<section class=\"elementor-section elementor-top-section elementor-element elementor-element-443365b elementor-section-boxed elementor-section-height-default elementor-section-height-default\" data-id=\"443365b\" data-element_type=\"section\">\n\t\t\t\t\t\t<div class=\"elementor-container elementor-column-gap-default\">\n\t\t\t\t\t<div class=\"elementor-column elementor-col-100 elementor-top-column elementor-element elementor-element-d2aabf4\" data-id=\"d2aabf4\" data-element_type=\"column\">\n\t\t\t<div class=\"elementor-widget-wrap\">\n\t\t\t\t\t\t\t<\/div>\n\t\t<\/div>\n\t\t\t\t\t<\/div>\n\t\t<\/section>\n\t\t\t\t<\/div>\n\t\t","protected":false},"excerpt":{"rendered":"<p>Modelo prestaci\u00f3n de servicios 2021 Ver pdf INFORME SEMANAL DE SEGUIMIENTO DEL COPASST Y EL SST A LAS MEDIDAS DE PREVENCI\u00d3N Y CONTENCI\u00d3N DE CONTAGIO COVID-19 PUBLICACI\u00d3N ESTADOS FINANCIEROS POLITICA DE PARTICIPACION SOCIAL EN SALUD &#8211; PPSS Anexo t\u00e9cnico No. 11 Resoluci\u00f3n 4331 de 2012 El Ministerio de Salud y Protecci\u00f3n Social, recuerda a todos [&hellip;]<\/p>\n","protected":false},"author":1,"featured_media":0,"parent":0,"menu_order":0,"comment_status":"closed","ping_status":"closed","template":"","meta":{"site-sidebar-layout":"default","site-content-layout":"","ast-site-content-layout":"default","site-content-style":"default","site-sidebar-style":"default","ast-global-header-display":"","ast-banner-title-visibility":"","ast-main-header-display":"","ast-hfb-above-header-display":"","ast-hfb-below-header-display":"","ast-hfb-mobile-header-display":"","site-post-title":"","ast-breadcrumbs-content":"","ast-featured-img":"","footer-sml-layout":"","theme-transparent-header-meta":"","adv-header-id-meta":"","stick-header-meta":"","header-above-stick-meta":"","header-main-stick-meta":"","header-below-stick-meta":"","astra-migrate-meta-layouts":"set","ast-page-background-enabled":"default","ast-page-background-meta":{"desktop":{"background-color":"","background-image":"","background-repeat":"repeat","background-position":"center center","background-size":"auto","background-attachment":"scroll","background-type":"","background-media":"","overlay-type":"","overlay-color":"","overlay-opacity":"","overlay-gradient":""},"tablet":{"background-color":"","background-image":"","background-repeat":"repeat","background-position":"center center","background-size":"auto","background-attachment":"scroll","background-type":"","background-media":"","overlay-type":"","overlay-color":"","overlay-opacity":"","overlay-gradient":""},"mobile":{"background-color":"","background-image":"","background-repeat":"repeat","background-position":"center center","background-size":"auto","background-attachment":"scroll","background-type":"","background-media":"","overlay-type":"","overlay-color":"","overlay-opacity":"","overlay-gradient":""}},"ast-content-background-meta":{"desktop":{"background-color":"var(--ast-global-color-5)","background-image":"","background-repeat":"repeat","background-position":"center center","background-size":"auto","background-attachment":"scroll","background-type":"","background-media":"","overlay-type":"","overlay-color":"","overlay-opacity":"","overlay-gradient":""},"tablet":{"background-color":"var(--ast-global-color-5)","background-image":"","background-repeat":"repeat","background-position":"center center","background-size":"auto","background-attachment":"scroll","background-type":"","background-media":"","overlay-type":"","overlay-color":"","overlay-opacity":"","overlay-gradient":""},"mobile":{"background-color":"var(--ast-global-color-5)","background-image":"","background-repeat":"repeat","background-position":"center center","background-size":"auto","background-attachment":"scroll","background-type":"","background-media":"","overlay-type":"","overlay-color":"","overlay-opacity":"","overlay-gradient":""}},"footnotes":""},"class_list":["post-624","page","type-page","status-publish","hentry"],"_links":{"self":[{"href":"https:\/\/clinicacrearvision.com.co\/web\/index.php?rest_route=\/wp\/v2\/pages\/624","targetHints":{"allow":["GET"]}}],"collection":[{"href":"https:\/\/clinicacrearvision.com.co\/web\/index.php?rest_route=\/wp\/v2\/pages"}],"about":[{"href":"https:\/\/clinicacrearvision.com.co\/web\/index.php?rest_route=\/wp\/v2\/types\/page"}],"author":[{"embeddable":true,"href":"https:\/\/clinicacrearvision.com.co\/web\/index.php?rest_route=\/wp\/v2\/users\/1"}],"replies":[{"embeddable":true,"href":"https:\/\/clinicacrearvision.com.co\/web\/index.php?rest_route=%2Fwp%2Fv2%2Fcomments&post=624"}],"version-history":[{"count":55,"href":"https:\/\/clinicacrearvision.com.co\/web\/index.php?rest_route=\/wp\/v2\/pages\/624\/revisions"}],"predecessor-version":[{"id":13558,"href":"https:\/\/clinicacrearvision.com.co\/web\/index.php?rest_route=\/wp\/v2\/pages\/624\/revisions\/13558"}],"wp:attachment":[{"href":"https:\/\/clinicacrearvision.com.co\/web\/index.php?rest_route=%2Fwp%2Fv2%2Fmedia&parent=624"}],"curies":[{"name":"wp","href":"https:\/\/api.w.org\/{rel}","templated":true}]}}