{"id":6878,"date":"2021-09-15T09:58:04","date_gmt":"2021-09-15T14:58:04","guid":{"rendered":"https:\/\/clinicacrearvision.com.co\/web\/?page_id=6878"},"modified":"2026-04-15T16:49:31","modified_gmt":"2026-04-15T21:49:31","slug":"medicina-g","status":"publish","type":"page","link":"https:\/\/clinicacrearvision.com.co\/web\/?page_id=6878","title":{"rendered":"Medicina General"},"content":{"rendered":"\t\t<div data-elementor-type=\"wp-page\" data-elementor-id=\"6878\" class=\"elementor elementor-6878\">\n\t\t\t\t\t\t<section class=\"elementor-section elementor-top-section elementor-element elementor-element-5cd7033 elementor-section-boxed elementor-section-height-default elementor-section-height-default\" data-id=\"5cd7033\" data-element_type=\"section\">\n\t\t\t\t\t\t<div class=\"elementor-container elementor-column-gap-default\">\n\t\t\t\t\t<div class=\"elementor-column elementor-col-50 elementor-top-column elementor-element elementor-element-7dbbba4\" data-id=\"7dbbba4\" data-element_type=\"column\">\n\t\t\t<div class=\"elementor-widget-wrap elementor-element-populated\">\n\t\t\t\t\t\t<div class=\"elementor-element elementor-element-5ba6630 elementor-widget__width-initial elementor-widget-divider--view-line elementor-widget elementor-widget-divider\" data-id=\"5ba6630\" data-element_type=\"widget\" data-widget_type=\"divider.default\">\n\t\t\t\t<div class=\"elementor-widget-container\">\n\t\t\t\t\t\t\t<div class=\"elementor-divider\">\n\t\t\t<span class=\"elementor-divider-separator\">\n\t\t\t\t\t\t<\/span>\n\t\t<\/div>\n\t\t\t\t\t\t<\/div>\n\t\t\t\t<\/div>\n\t\t\t\t<div class=\"elementor-element elementor-element-87df0b4 elementor-widget elementor-widget-text-editor\" data-id=\"87df0b4\" data-element_type=\"widget\" data-widget_type=\"text-editor.default\">\n\t\t\t\t<div class=\"elementor-widget-container\">\n\t\t\t\t\t\t\t\t\t<p>La Medicina general es el primer nivel de atenci\u00f3n m\u00e9dica cuyo objetivo es prevenir, detectar y tratar enfermedades comunes, as\u00ed como tambi\u00e9n derivar con el especialista indicado, en caso de ser necesario. Cualquier persona, adulto o ni\u00f1o, hombre o mujer, puede visitar a un m\u00e9dico general.<\/p><p><strong>RECURSO FISICO:<\/strong><\/p><p>Consultorio M\u00e9dico General<\/p><p><strong>RECURSO HUMANO:<\/strong><\/p><p>M\u00e9dico General &#8211; <strong>2<\/strong><\/p><p>Enfermera Jefe &#8211; <strong>1<\/strong><\/p><p>Auxiliar de Enfermer\u00eda &#8211; <strong>6<\/strong><\/p><p>Facturador y Atenci\u00f3n al Usuario &#8211; <strong>7<\/strong><\/p>\t\t\t\t\t\t\t\t<\/div>\n\t\t\t\t<\/div>\n\t\t\t\t<div class=\"elementor-element elementor-element-5d75f6c elementor-align-center elementor-widget elementor-widget-button\" data-id=\"5d75f6c\" data-element_type=\"widget\" data-widget_type=\"button.default\">\n\t\t\t\t<div class=\"elementor-widget-container\">\n\t\t\t\t\t\t\t\t\t<div class=\"elementor-button-wrapper\">\n\t\t\t\t\t<a class=\"elementor-button elementor-button-link elementor-size-sm\" href=\"https:\/\/clinicacrearvision.com.co\/web\/?page_id=149\">\n\t\t\t\t\t\t<span class=\"elementor-button-content-wrapper\">\n\t\t\t\t\t\t\t\t\t<span class=\"elementor-button-text\">Solicitar cita m\u00e9dica <\/span>\n\t\t\t\t\t<\/span>\n\t\t\t\t\t<\/a>\n\t\t\t\t<\/div>\n\t\t\t\t\t\t\t\t<\/div>\n\t\t\t\t<\/div>\n\t\t\t\t\t<\/div>\n\t\t<\/div>\n\t\t\t\t<div class=\"elementor-column elementor-col-50 elementor-top-column elementor-element elementor-element-5ec0aaf\" data-id=\"5ec0aaf\" data-element_type=\"column\">\n\t\t\t<div class=\"elementor-widget-wrap elementor-element-populated\">\n\t\t\t\t\t\t<div class=\"elementor-element elementor-element-5b4a265 elementor-widget elementor-widget-spacer\" data-id=\"5b4a265\" data-element_type=\"widget\" data-widget_type=\"spacer.default\">\n\t\t\t\t<div class=\"elementor-widget-container\">\n\t\t\t\t\t\t\t<div class=\"elementor-spacer\">\n\t\t\t<div class=\"elementor-spacer-inner\"><\/div>\n\t\t<\/div>\n\t\t\t\t\t\t<\/div>\n\t\t\t\t<\/div>\n\t\t\t\t<div class=\"elementor-element elementor-element-35ddf7d elementor-widget elementor-widget-image\" data-id=\"35ddf7d\" data-element_type=\"widget\" data-widget_type=\"image.default\">\n\t\t\t\t<div class=\"elementor-widget-container\">\n\t\t\t\t\t\t\t\t\t\t\t\t\t\t\t<img fetchpriority=\"high\" decoding=\"async\" width=\"1536\" height=\"1152\" src=\"https:\/\/clinicacrearvision.com.co\/web\/wp-content\/uploads\/2026\/04\/IMG_1317-1536x1152.jpg\" class=\"attachment-1536x1536 size-1536x1536 wp-image-13839\" alt=\"\" srcset=\"https:\/\/clinicacrearvision.com.co\/web\/wp-content\/uploads\/2026\/04\/IMG_1317-1536x1152.jpg 1536w, https:\/\/clinicacrearvision.com.co\/web\/wp-content\/uploads\/2026\/04\/IMG_1317-300x225.jpg 300w, https:\/\/clinicacrearvision.com.co\/web\/wp-content\/uploads\/2026\/04\/IMG_1317-1024x768.jpg 1024w, https:\/\/clinicacrearvision.com.co\/web\/wp-content\/uploads\/2026\/04\/IMG_1317-768x576.jpg 768w, https:\/\/clinicacrearvision.com.co\/web\/wp-content\/uploads\/2026\/04\/IMG_1317-2048x1536.jpg 2048w\" sizes=\"(max-width: 1536px) 100vw, 1536px\" \/>\t\t\t\t\t\t\t\t\t\t\t\t\t\t\t<\/div>\n\t\t\t\t<\/div>\n\t\t\t\t\t<\/div>\n\t\t<\/div>\n\t\t\t\t\t<\/div>\n\t\t<\/section>\n\t\t\t\t<section class=\"elementor-section elementor-top-section elementor-element elementor-element-9e0fce5 elementor-section-boxed elementor-section-height-default elementor-section-height-default\" data-id=\"9e0fce5\" data-element_type=\"section\">\n\t\t\t\t\t\t<div class=\"elementor-container elementor-column-gap-default\">\n\t\t\t\t\t<div class=\"elementor-column elementor-col-100 elementor-top-column elementor-element elementor-element-5118ad9\" data-id=\"5118ad9\" data-element_type=\"column\">\n\t\t\t<div class=\"elementor-widget-wrap elementor-element-populated\">\n\t\t\t\t\t\t<div class=\"elementor-element elementor-element-59621ff animated-slow elementor-invisible elementor-widget elementor-widget-image\" data-id=\"59621ff\" data-element_type=\"widget\" data-settings=\"{&quot;_animation&quot;:&quot;fadeInUp&quot;}\" data-widget_type=\"image.default\">\n\t\t\t\t<div class=\"elementor-widget-container\">\n\t\t\t\t\t\t\t\t\t\t\t\t\t\t\t<img decoding=\"async\" width=\"1024\" height=\"802\" src=\"https:\/\/clinicacrearvision.com.co\/web\/wp-content\/uploads\/2026\/04\/barabar-fondo-png-1-1024x802.png\" class=\"attachment-large size-large wp-image-13846\" alt=\"\" srcset=\"https:\/\/clinicacrearvision.com.co\/web\/wp-content\/uploads\/2026\/04\/barabar-fondo-png-1-1024x802.png 1024w, https:\/\/clinicacrearvision.com.co\/web\/wp-content\/uploads\/2026\/04\/barabar-fondo-png-1-300x235.png 300w, https:\/\/clinicacrearvision.com.co\/web\/wp-content\/uploads\/2026\/04\/barabar-fondo-png-1-768x601.png 768w, https:\/\/clinicacrearvision.com.co\/web\/wp-content\/uploads\/2026\/04\/barabar-fondo-png-1-1536x1202.png 1536w, https:\/\/clinicacrearvision.com.co\/web\/wp-content\/uploads\/2026\/04\/barabar-fondo-png-1-2048x1603.png 2048w\" sizes=\"(max-width: 1024px) 100vw, 1024px\" \/>\t\t\t\t\t\t\t\t\t\t\t\t\t\t\t<\/div>\n\t\t\t\t<\/div>\n\t\t\t\t\t<\/div>\n\t\t<\/div>\n\t\t\t\t\t<\/div>\n\t\t<\/section>\n\t\t\t\t<\/div>\n\t\t","protected":false},"excerpt":{"rendered":"<p>La Medicina general es el primer nivel de atenci\u00f3n m\u00e9dica cuyo objetivo es prevenir, detectar y tratar enfermedades comunes, as\u00ed como tambi\u00e9n derivar con el especialista indicado, en caso de ser necesario. Cualquier persona, adulto o ni\u00f1o, hombre o mujer, puede visitar a un m\u00e9dico general. RECURSO FISICO: Consultorio M\u00e9dico General RECURSO HUMANO: M\u00e9dico General [&hellip;]<\/p>\n","protected":false},"author":2,"featured_media":0,"parent":0,"menu_order":0,"comment_status":"closed","ping_status":"closed","template":"","meta":{"site-sidebar-layout":"no-sidebar","site-content-layout":"plain-container","ast-site-content-layout":"","site-content-style":"default","site-sidebar-style":"default","ast-global-header-display":"","ast-banner-title-visibility":"","ast-main-header-display":"","ast-hfb-above-header-display":"","ast-hfb-below-header-display":"","ast-hfb-mobile-header-display":"","site-post-title":"","ast-breadcrumbs-content":"","ast-featured-img":"disabled","footer-sml-layout":"","theme-transparent-header-meta":"default","adv-header-id-meta":"","stick-header-meta":"","header-above-stick-meta":"","header-main-stick-meta":"","header-below-stick-meta":"","astra-migrate-meta-layouts":"default","ast-page-background-enabled":"default","ast-page-background-meta":{"desktop":{"background-color":"","background-image":"","background-repeat":"repeat","background-position":"center center","background-size":"auto","background-attachment":"scroll","background-type":"","background-media":"","overlay-type":"","overlay-color":"","overlay-opacity":"","overlay-gradient":""},"tablet":{"background-color":"","background-image":"","background-repeat":"repeat","background-position":"center center","background-size":"auto","background-attachment":"scroll","background-type":"","background-media":"","overlay-type":"","overlay-color":"","overlay-opacity":"","overlay-gradient":""},"mobile":{"background-color":"","background-image":"","background-repeat":"repeat","background-position":"center center","background-size":"auto","background-attachment":"scroll","background-type":"","background-media":"","overlay-type":"","overlay-color":"","overlay-opacity":"","overlay-gradient":""}},"ast-content-background-meta":{"desktop":{"background-color":"var(--ast-global-color-5)","background-image":"","background-repeat":"repeat","background-position":"center center","background-size":"auto","background-attachment":"scroll","background-type":"","background-media":"","overlay-type":"","overlay-color":"","overlay-opacity":"","overlay-gradient":""},"tablet":{"background-color":"var(--ast-global-color-5)","background-image":"","background-repeat":"repeat","background-position":"center center","background-size":"auto","background-attachment":"scroll","background-type":"","background-media":"","overlay-type":"","overlay-color":"","overlay-opacity":"","overlay-gradient":""},"mobile":{"background-color":"var(--ast-global-color-5)","background-image":"","background-repeat":"repeat","background-position":"center center","background-size":"auto","background-attachment":"scroll","background-type":"","background-media":"","overlay-type":"","overlay-color":"","overlay-opacity":"","overlay-gradient":""}},"footnotes":""},"class_list":["post-6878","page","type-page","status-publish","hentry"],"_links":{"self":[{"href":"https:\/\/clinicacrearvision.com.co\/web\/index.php?rest_route=\/wp\/v2\/pages\/6878","targetHints":{"allow":["GET"]}}],"collection":[{"href":"https:\/\/clinicacrearvision.com.co\/web\/index.php?rest_route=\/wp\/v2\/pages"}],"about":[{"href":"https:\/\/clinicacrearvision.com.co\/web\/index.php?rest_route=\/wp\/v2\/types\/page"}],"author":[{"embeddable":true,"href":"https:\/\/clinicacrearvision.com.co\/web\/index.php?rest_route=\/wp\/v2\/users\/2"}],"replies":[{"embeddable":true,"href":"https:\/\/clinicacrearvision.com.co\/web\/index.php?rest_route=%2Fwp%2Fv2%2Fcomments&post=6878"}],"version-history":[{"count":14,"href":"https:\/\/clinicacrearvision.com.co\/web\/index.php?rest_route=\/wp\/v2\/pages\/6878\/revisions"}],"predecessor-version":[{"id":13849,"href":"https:\/\/clinicacrearvision.com.co\/web\/index.php?rest_route=\/wp\/v2\/pages\/6878\/revisions\/13849"}],"wp:attachment":[{"href":"https:\/\/clinicacrearvision.com.co\/web\/index.php?rest_route=%2Fwp%2Fv2%2Fmedia&parent=6878"}],"curies":[{"name":"wp","href":"https:\/\/api.w.org\/{rel}","templated":true}]}}