{"id":7,"date":"2013-02-23T18:31:42","date_gmt":"2013-02-23T18:31:42","guid":{"rendered":"http:\/\/clinicacrearvision.com.co\/web\/?page_id=7"},"modified":"2025-03-24T18:56:53","modified_gmt":"2025-03-24T23:56:53","slug":"7-2","status":"publish","type":"page","link":"https:\/\/clinicacrearvision.com.co\/web\/?page_id=7","title":{"rendered":"Pol\u00edticas"},"content":{"rendered":"\t\t<div data-elementor-type=\"wp-page\" data-elementor-id=\"7\" class=\"elementor elementor-7\">\n\t\t\t\t\t\t<section class=\"elementor-section elementor-top-section elementor-element elementor-element-4965a90 elementor-section-full_width elementor-section-stretched elementor-section-height-default elementor-section-height-default elementor-invisible\" data-id=\"4965a90\" data-element_type=\"section\" data-settings=\"{&quot;background_background&quot;:&quot;classic&quot;,&quot;animation&quot;:&quot;fadeIn&quot;,&quot;stretch_section&quot;:&quot;section-stretched&quot;}\">\n\t\t\t\t\t\t<div class=\"elementor-container elementor-column-gap-default\">\n\t\t\t\t\t<div class=\"elementor-column elementor-col-100 elementor-top-column elementor-element elementor-element-cc5bb68\" data-id=\"cc5bb68\" data-element_type=\"column\">\n\t\t\t<div class=\"elementor-widget-wrap elementor-element-populated\">\n\t\t\t\t\t\t<section class=\"elementor-section elementor-inner-section elementor-element elementor-element-d39d26a elementor-section-boxed elementor-section-height-default elementor-section-height-default\" data-id=\"d39d26a\" data-element_type=\"section\" data-settings=\"{&quot;background_background&quot;:&quot;classic&quot;}\">\n\t\t\t\t\t\t<div class=\"elementor-container elementor-column-gap-default\">\n\t\t\t\t\t<div class=\"elementor-column elementor-col-50 elementor-inner-column elementor-element elementor-element-efce63e\" data-id=\"efce63e\" data-element_type=\"column\">\n\t\t\t<div class=\"elementor-widget-wrap elementor-element-populated\">\n\t\t\t\t\t\t<div class=\"elementor-element elementor-element-336aee5 elementor-invisible elementor-widget elementor-widget-heading\" data-id=\"336aee5\" data-element_type=\"widget\" data-settings=\"{&quot;_animation&quot;:&quot;fadeInLeft&quot;}\" data-widget_type=\"heading.default\">\n\t\t\t\t<div class=\"elementor-widget-container\">\n\t\t\t\t\t<h2 class=\"elementor-heading-title elementor-size-default\">Pol\u00edticas de calidad <\/h2>\t\t\t\t<\/div>\n\t\t\t\t<\/div>\n\t\t\t\t<div class=\"elementor-element elementor-element-cf767f0 elementor-widget-divider--view-line elementor-widget elementor-widget-divider\" data-id=\"cf767f0\" data-element_type=\"widget\" data-widget_type=\"divider.default\">\n\t\t\t\t<div class=\"elementor-widget-container\">\n\t\t\t\t\t\t\t<div class=\"elementor-divider\">\n\t\t\t<span class=\"elementor-divider-separator\">\n\t\t\t\t\t\t<\/span>\n\t\t<\/div>\n\t\t\t\t\t\t<\/div>\n\t\t\t\t<\/div>\n\t\t\t\t<div class=\"elementor-element elementor-element-b23b3eb elementor-widget elementor-widget-text-editor\" data-id=\"b23b3eb\" data-element_type=\"widget\" data-widget_type=\"text-editor.default\">\n\t\t\t\t<div class=\"elementor-widget-container\">\n\t\t\t\t\t\t\t\t\t<p style=\"text-align: justify;\">LA CLINICA CREAR VISI\u00d3N como prestador de servicios de salud, en cumplimiento de los requisitos legales y normativos, se compromete a brindar servicios con est\u00e1ndares de calidad que nos permitan contribuir al restablecimiento y mantenimiento de la salud de la comunidad usuaria, la mejora de los procesos de la cl\u00ednica, logrando la satisfacci\u00f3n de los diferentes grupos de inter\u00e9s.\u00bb<\/p><p style=\"text-align: justify;\">LA CLINICA CREAR VISI\u00d3N, articula los siete principios y valores que se encuentran en el \u00abIdeario \u00c9tico\u00bb y as\u00ed mismo establece los propios de la Cl\u00ednica, generando un marco de acci\u00f3n articulado con el sentir de los colaboradores de la Cl\u00ednica, para lograr como prop\u00f3sito com\u00fan el fortalecimiento de la cultura \u00e9tica y de servicio humanizado.<\/p>\t\t\t\t\t\t\t\t<\/div>\n\t\t\t\t<\/div>\n\t\t\t\t<div class=\"elementor-element elementor-element-ec1a72b animated-slow elementor-invisible elementor-widget elementor-widget-text-editor\" data-id=\"ec1a72b\" data-element_type=\"widget\" data-settings=\"{&quot;_animation&quot;:&quot;fadeInRight&quot;}\" data-widget_type=\"text-editor.default\">\n\t\t\t\t<div class=\"elementor-widget-container\">\n\t\t\t\t\t\t\t\t\t<p><a href=\"https:\/\/clinicacrearvision.com.co\/web\/wp-content\/uploads\/2021\/06\/puntos-.png\"><img decoding=\"async\" class=\"alignnone wp-image-4558 alignright\" src=\"https:\/\/clinicacrearvision.com.co\/web\/wp-content\/uploads\/2021\/06\/puntos--300x152.png\" alt=\"\" width=\"136\" height=\"70\" srcset=\"https:\/\/clinicacrearvision.com.co\/web\/wp-content\/uploads\/2021\/06\/puntos--300x152.png 300w, https:\/\/clinicacrearvision.com.co\/web\/wp-content\/uploads\/2021\/06\/puntos--768x389.png 768w, https:\/\/clinicacrearvision.com.co\/web\/wp-content\/uploads\/2021\/06\/puntos--600x304.png 600w, https:\/\/clinicacrearvision.com.co\/web\/wp-content\/uploads\/2021\/06\/puntos-.png 950w\" sizes=\"(max-width: 136px) 100vw, 136px\" \/><\/a><\/p>\t\t\t\t\t\t\t\t<\/div>\n\t\t\t\t<\/div>\n\t\t\t\t<div class=\"elementor-element elementor-element-9d69cec elementor-invisible elementor-widget elementor-widget-heading\" data-id=\"9d69cec\" data-element_type=\"widget\" data-settings=\"{&quot;_animation&quot;:&quot;fadeInLeft&quot;}\" data-widget_type=\"heading.default\">\n\t\t\t\t<div class=\"elementor-widget-container\">\n\t\t\t\t\t<h2 class=\"elementor-heading-title elementor-size-default\">Pol\u00edticas de prestaci\u00f3n de servicio <\/h2>\t\t\t\t<\/div>\n\t\t\t\t<\/div>\n\t\t\t\t<div class=\"elementor-element elementor-element-aaa0c56 elementor-widget-divider--view-line elementor-widget elementor-widget-divider\" data-id=\"aaa0c56\" data-element_type=\"widget\" data-widget_type=\"divider.default\">\n\t\t\t\t<div class=\"elementor-widget-container\">\n\t\t\t\t\t\t\t<div class=\"elementor-divider\">\n\t\t\t<span class=\"elementor-divider-separator\">\n\t\t\t\t\t\t<\/span>\n\t\t<\/div>\n\t\t\t\t\t\t<\/div>\n\t\t\t\t<\/div>\n\t\t\t\t<div class=\"elementor-element elementor-element-00e33de elementor-widget elementor-widget-text-editor\" data-id=\"00e33de\" data-element_type=\"widget\" data-widget_type=\"text-editor.default\">\n\t\t\t\t<div class=\"elementor-widget-container\">\n\t\t\t\t\t\t\t\t\t<p>Nos comprometemos a: \u00abDesarrollar un modelo de atenci\u00f3n en salud innovador e integrador que satisfaga las necesidades y expectativas de los pacientes, clientes y usuarios, cumpliendo con el SOGC generando conocimiento\u00a0 que permita formar profesionales y t\u00e9cnicos comprometidos con el sector salud\u00bb.<\/p>\t\t\t\t\t\t\t\t<\/div>\n\t\t\t\t<\/div>\n\t\t\t\t<div class=\"elementor-element elementor-element-967d416 animated-slow elementor-invisible elementor-widget elementor-widget-text-editor\" data-id=\"967d416\" data-element_type=\"widget\" data-settings=\"{&quot;_animation&quot;:&quot;fadeInRight&quot;}\" data-widget_type=\"text-editor.default\">\n\t\t\t\t<div class=\"elementor-widget-container\">\n\t\t\t\t\t\t\t\t\t<p><a href=\"https:\/\/clinicacrearvision.com.co\/web\/wp-content\/uploads\/2021\/06\/puntos-.png\"><img decoding=\"async\" class=\"alignnone wp-image-4558 alignleft\" src=\"https:\/\/clinicacrearvision.com.co\/web\/wp-content\/uploads\/2021\/06\/puntos--300x152.png\" alt=\"\" width=\"130\" height=\"66\" srcset=\"https:\/\/clinicacrearvision.com.co\/web\/wp-content\/uploads\/2021\/06\/puntos--300x152.png 300w, https:\/\/clinicacrearvision.com.co\/web\/wp-content\/uploads\/2021\/06\/puntos--768x389.png 768w, https:\/\/clinicacrearvision.com.co\/web\/wp-content\/uploads\/2021\/06\/puntos--600x304.png 600w, https:\/\/clinicacrearvision.com.co\/web\/wp-content\/uploads\/2021\/06\/puntos-.png 950w\" sizes=\"(max-width: 130px) 100vw, 130px\" \/><\/a><\/p>\t\t\t\t\t\t\t\t<\/div>\n\t\t\t\t<\/div>\n\t\t\t\t\t<\/div>\n\t\t<\/div>\n\t\t\t\t<div class=\"elementor-column elementor-col-50 elementor-inner-column elementor-element elementor-element-80fb477\" data-id=\"80fb477\" data-element_type=\"column\">\n\t\t\t<div class=\"elementor-widget-wrap\">\n\t\t\t\t\t\t\t<\/div>\n\t\t<\/div>\n\t\t\t\t\t<\/div>\n\t\t<\/section>\n\t\t\t\t\t<\/div>\n\t\t<\/div>\n\t\t\t\t\t<\/div>\n\t\t<\/section>\n\t\t\t\t<section class=\"elementor-section elementor-top-section elementor-element elementor-element-bbe47b0 elementor-section-boxed elementor-section-height-default elementor-section-height-default\" data-id=\"bbe47b0\" data-element_type=\"section\">\n\t\t\t\t\t\t<div class=\"elementor-container elementor-column-gap-default\">\n\t\t\t\t\t<div class=\"elementor-column elementor-col-100 elementor-top-column elementor-element elementor-element-827044b\" data-id=\"827044b\" data-element_type=\"column\">\n\t\t\t<div class=\"elementor-widget-wrap elementor-element-populated\">\n\t\t\t\t\t\t<div class=\"elementor-element elementor-element-67c2a4b elementor-widget elementor-widget-text-editor\" data-id=\"67c2a4b\" data-element_type=\"widget\" data-widget_type=\"text-editor.default\">\n\t\t\t\t<div class=\"elementor-widget-container\">\n\t\t\t\t\t\t\t\t\t<p style=\"text-align: center;\"><a href=\"https:\/\/clinicacrearvision.com.co\/web\/?page_id=3551\">Historia<\/a>\u00a0 \/\u00a0 \u00a0<a href=\"https:\/\/clinicacrearvision.com.co\/web\/?page_id=6\">Misi\u00f3n &#8211; Visi\u00f3n<\/a>\u00a0 \u00a0\/\u00a0 <a href=\"https:\/\/clinicacrearvision.com.co\/web\/?page_id=7\">Pol\u00edticas<\/a>\u00a0 \/\u00a0 <a href=\"https:\/\/clinicacrearvision.com.co\/web\/?page_id=96\">Principios y Valores<\/a>\u00a0 \/ <a href=\"https:\/\/clinicacrearvision.com.co\/web\/?page_id=968\">Estados Financieros\u00a0<\/a><\/p>\t\t\t\t\t\t\t\t<\/div>\n\t\t\t\t<\/div>\n\t\t\t\t\t<\/div>\n\t\t<\/div>\n\t\t\t\t\t<\/div>\n\t\t<\/section>\n\t\t\t\t<\/div>\n\t\t","protected":false},"excerpt":{"rendered":"<p>Pol\u00edticas de calidad LA CLINICA CREAR VISI\u00d3N como prestador de servicios de salud, en cumplimiento de los requisitos legales y normativos, se compromete a brindar servicios con est\u00e1ndares de calidad que nos permitan contribuir al restablecimiento y mantenimiento de la salud de la comunidad usuaria, la mejora de los procesos de la cl\u00ednica, logrando la [&hellip;]<\/p>\n","protected":false},"author":1,"featured_media":0,"parent":25,"menu_order":0,"comment_status":"closed","ping_status":"open","template":"","meta":{"site-sidebar-layout":"default","site-content-layout":"default","ast-site-content-layout":"default","site-content-style":"default","site-sidebar-style":"default","ast-global-header-display":"","ast-banner-title-visibility":"","ast-main-header-display":"","ast-hfb-above-header-display":"","ast-hfb-below-header-display":"","ast-hfb-mobile-header-display":"","site-post-title":"disabled","ast-breadcrumbs-content":"","ast-featured-img":"","footer-sml-layout":"","theme-transparent-header-meta":"default","adv-header-id-meta":"","stick-header-meta":"","header-above-stick-meta":"","header-main-stick-meta":"","header-below-stick-meta":"","astra-migrate-meta-layouts":"set","ast-page-background-enabled":"default","ast-page-background-meta":{"desktop":{"background-color":"","background-image":"","background-repeat":"repeat","background-position":"center center","background-size":"auto","background-attachment":"scroll","background-type":"","background-media":"","overlay-type":"","overlay-color":"","overlay-opacity":"","overlay-gradient":""},"tablet":{"background-color":"","background-image":"","background-repeat":"repeat","background-position":"center center","background-size":"auto","background-attachment":"scroll","background-type":"","background-media":"","overlay-type":"","overlay-color":"","overlay-opacity":"","overlay-gradient":""},"mobile":{"background-color":"","background-image":"","background-repeat":"repeat","background-position":"center center","background-size":"auto","background-attachment":"scroll","background-type":"","background-media":"","overlay-type":"","overlay-color":"","overlay-opacity":"","overlay-gradient":""}},"ast-content-background-meta":{"desktop":{"background-color":"var(--ast-global-color-5)","background-image":"","background-repeat":"repeat","background-position":"center center","background-size":"auto","background-attachment":"scroll","background-type":"","background-media":"","overlay-type":"","overlay-color":"","overlay-opacity":"","overlay-gradient":""},"tablet":{"background-color":"var(--ast-global-color-5)","background-image":"","background-repeat":"repeat","background-position":"center center","background-size":"auto","background-attachment":"scroll","background-type":"","background-media":"","overlay-type":"","overlay-color":"","overlay-opacity":"","overlay-gradient":""},"mobile":{"background-color":"var(--ast-global-color-5)","background-image":"","background-repeat":"repeat","background-position":"center center","background-size":"auto","background-attachment":"scroll","background-type":"","background-media":"","overlay-type":"","overlay-color":"","overlay-opacity":"","overlay-gradient":""}},"footnotes":""},"class_list":["post-7","page","type-page","status-publish","hentry"],"_links":{"self":[{"href":"https:\/\/clinicacrearvision.com.co\/web\/index.php?rest_route=\/wp\/v2\/pages\/7","targetHints":{"allow":["GET"]}}],"collection":[{"href":"https:\/\/clinicacrearvision.com.co\/web\/index.php?rest_route=\/wp\/v2\/pages"}],"about":[{"href":"https:\/\/clinicacrearvision.com.co\/web\/index.php?rest_route=\/wp\/v2\/types\/page"}],"author":[{"embeddable":true,"href":"https:\/\/clinicacrearvision.com.co\/web\/index.php?rest_route=\/wp\/v2\/users\/1"}],"replies":[{"embeddable":true,"href":"https:\/\/clinicacrearvision.com.co\/web\/index.php?rest_route=%2Fwp%2Fv2%2Fcomments&post=7"}],"version-history":[{"count":71,"href":"https:\/\/clinicacrearvision.com.co\/web\/index.php?rest_route=\/wp\/v2\/pages\/7\/revisions"}],"predecessor-version":[{"id":13557,"href":"https:\/\/clinicacrearvision.com.co\/web\/index.php?rest_route=\/wp\/v2\/pages\/7\/revisions\/13557"}],"up":[{"embeddable":true,"href":"https:\/\/clinicacrearvision.com.co\/web\/index.php?rest_route=\/wp\/v2\/pages\/25"}],"wp:attachment":[{"href":"https:\/\/clinicacrearvision.com.co\/web\/index.php?rest_route=%2Fwp%2Fv2%2Fmedia&parent=7"}],"curies":[{"name":"wp","href":"https:\/\/api.w.org\/{rel}","templated":true}]}}