{"id":8318,"date":"2023-05-08T10:55:33","date_gmt":"2023-05-08T15:55:33","guid":{"rendered":"https:\/\/clinicacrearvision.com.co\/web\/?page_id=8318"},"modified":"2023-05-08T11:08:15","modified_gmt":"2023-05-08T16:08:15","slug":"programa-de-minimizacion-de-residuos-solidos","status":"publish","type":"page","link":"https:\/\/clinicacrearvision.com.co\/web\/?page_id=8318","title":{"rendered":"Programa de minimizaci\u00f3n de residuos solidos"},"content":{"rendered":"\t\t<div data-elementor-type=\"wp-page\" data-elementor-id=\"8318\" class=\"elementor elementor-8318\">\n\t\t\t\t\t\t<section class=\"elementor-section elementor-top-section elementor-element elementor-element-74638cd elementor-section-boxed elementor-section-height-default elementor-section-height-default\" data-id=\"74638cd\" data-element_type=\"section\">\n\t\t\t\t\t\t<div class=\"elementor-container elementor-column-gap-default\">\n\t\t\t\t\t<div class=\"elementor-column elementor-col-50 elementor-top-column elementor-element elementor-element-2181a77\" data-id=\"2181a77\" data-element_type=\"column\">\n\t\t\t<div class=\"elementor-widget-wrap elementor-element-populated\">\n\t\t\t\t\t\t<div class=\"elementor-element elementor-element-2df758f elementor-view-default elementor-widget elementor-widget-icon\" data-id=\"2df758f\" data-element_type=\"widget\" data-widget_type=\"icon.default\">\n\t\t\t\t<div class=\"elementor-widget-container\">\n\t\t\t\t\t\t\t<div class=\"elementor-icon-wrapper\">\n\t\t\t<div class=\"elementor-icon\">\n\t\t\t<i aria-hidden=\"true\" class=\"fas fa-chart-bar\"><\/i>\t\t\t<\/div>\n\t\t<\/div>\n\t\t\t\t\t\t<\/div>\n\t\t\t\t<\/div>\n\t\t\t\t<div class=\"elementor-element elementor-element-3303247 elementor-widget elementor-widget-text-editor\" data-id=\"3303247\" data-element_type=\"widget\" data-widget_type=\"text-editor.default\">\n\t\t\t\t<div class=\"elementor-widget-container\">\n\t\t\t\t\t\t\t\t\t<p>Describir las actividades de minimizaci\u00f3n de residuos s\u00f3lidos, a ejecutar en la Cl\u00ednica Crear Visi\u00f3n S.A.S., con el fin de disminuir la generaci\u00f3n de residuos hospitalarios y el impacto ambiental asociado.<\/p>\t\t\t\t\t\t\t\t<\/div>\n\t\t\t\t<\/div>\n\t\t\t\t<div class=\"elementor-element elementor-element-95572d1 elementor-widget elementor-widget-spacer\" data-id=\"95572d1\" data-element_type=\"widget\" data-widget_type=\"spacer.default\">\n\t\t\t\t<div class=\"elementor-widget-container\">\n\t\t\t\t\t\t\t<div class=\"elementor-spacer\">\n\t\t\t<div class=\"elementor-spacer-inner\"><\/div>\n\t\t<\/div>\n\t\t\t\t\t\t<\/div>\n\t\t\t\t<\/div>\n\t\t\t\t<div class=\"elementor-element elementor-element-0ac7255 elementor-align-center elementor-widget elementor-widget-button\" data-id=\"0ac7255\" data-element_type=\"widget\" data-widget_type=\"button.default\">\n\t\t\t\t<div class=\"elementor-widget-container\">\n\t\t\t\t\t\t\t\t\t<div class=\"elementor-button-wrapper\">\n\t\t\t\t\t<a class=\"elementor-button elementor-button-link elementor-size-xs elementor-animation-grow\" href=\"https:\/\/clinicacrearvision.com.co\/web\/wp-content\/uploads\/2023\/05\/PROGRAMA-DE-MINIMIZACION-DE-RESIDUOS-SOLIDOS-.pdf\" target=\"_blank\">\n\t\t\t\t\t\t<span class=\"elementor-button-content-wrapper\">\n\t\t\t\t\t\t<span class=\"elementor-button-icon\">\n\t\t\t\t<i aria-hidden=\"true\" class=\"far fa-eye\"><\/i>\t\t\t<\/span>\n\t\t\t\t\t\t\t\t\t<span class=\"elementor-button-text\">Ver Programa <\/span>\n\t\t\t\t\t<\/span>\n\t\t\t\t\t<\/a>\n\t\t\t\t<\/div>\n\t\t\t\t\t\t\t\t<\/div>\n\t\t\t\t<\/div>\n\t\t\t\t\t<\/div>\n\t\t<\/div>\n\t\t\t\t<div class=\"elementor-column elementor-col-50 elementor-top-column elementor-element elementor-element-7e74e3c\" data-id=\"7e74e3c\" data-element_type=\"column\">\n\t\t\t<div class=\"elementor-widget-wrap elementor-element-populated\">\n\t\t\t\t\t\t<div class=\"elementor-element elementor-element-0b310cf elementor-widget elementor-widget-image\" data-id=\"0b310cf\" data-element_type=\"widget\" data-widget_type=\"image.default\">\n\t\t\t\t<div class=\"elementor-widget-container\">\n\t\t\t\t\t\t\t\t\t\t\t\t\t\t\t<img fetchpriority=\"high\" decoding=\"async\" width=\"1024\" height=\"671\" src=\"https:\/\/clinicacrearvision.com.co\/web\/wp-content\/uploads\/2023\/05\/re-1024x671.jpg\" class=\"attachment-large size-large wp-image-8331\" alt=\"\" srcset=\"https:\/\/clinicacrearvision.com.co\/web\/wp-content\/uploads\/2023\/05\/re-1024x671.jpg 1024w, https:\/\/clinicacrearvision.com.co\/web\/wp-content\/uploads\/2023\/05\/re-300x197.jpg 300w, https:\/\/clinicacrearvision.com.co\/web\/wp-content\/uploads\/2023\/05\/re-768x503.jpg 768w, https:\/\/clinicacrearvision.com.co\/web\/wp-content\/uploads\/2023\/05\/re-600x393.jpg 600w, https:\/\/clinicacrearvision.com.co\/web\/wp-content\/uploads\/2023\/05\/re.jpg 1097w\" sizes=\"(max-width: 1024px) 100vw, 1024px\" \/>\t\t\t\t\t\t\t\t\t\t\t\t\t\t\t<\/div>\n\t\t\t\t<\/div>\n\t\t\t\t\t<\/div>\n\t\t<\/div>\n\t\t\t\t\t<\/div>\n\t\t<\/section>\n\t\t\t\t<\/div>\n\t\t","protected":false},"excerpt":{"rendered":"<p>Describir las actividades de minimizaci\u00f3n de residuos s\u00f3lidos, a ejecutar en la Cl\u00ednica Crear Visi\u00f3n S.A.S., con el fin de disminuir la generaci\u00f3n de residuos hospitalarios y el impacto ambiental asociado. Ver Programa<\/p>\n","protected":false},"author":2,"featured_media":0,"parent":0,"menu_order":0,"comment_status":"closed","ping_status":"closed","template":"","meta":{"site-sidebar-layout":"no-sidebar","site-content-layout":"plain-container","ast-site-content-layout":"","site-content-style":"default","site-sidebar-style":"default","ast-global-header-display":"","ast-banner-title-visibility":"","ast-main-header-display":"","ast-hfb-above-header-display":"","ast-hfb-below-header-display":"","ast-hfb-mobile-header-display":"","site-post-title":"","ast-breadcrumbs-content":"","ast-featured-img":"disabled","footer-sml-layout":"","theme-transparent-header-meta":"default","adv-header-id-meta":"","stick-header-meta":"","header-above-stick-meta":"","header-main-stick-meta":"","header-below-stick-meta":"","astra-migrate-meta-layouts":"default","ast-page-background-enabled":"default","ast-page-background-meta":{"desktop":{"background-color":"","background-image":"","background-repeat":"repeat","background-position":"center center","background-size":"auto","background-attachment":"scroll","background-type":"","background-media":"","overlay-type":"","overlay-color":"","overlay-opacity":"","overlay-gradient":""},"tablet":{"background-color":"","background-image":"","background-repeat":"repeat","background-position":"center center","background-size":"auto","background-attachment":"scroll","background-type":"","background-media":"","overlay-type":"","overlay-color":"","overlay-opacity":"","overlay-gradient":""},"mobile":{"background-color":"","background-image":"","background-repeat":"repeat","background-position":"center center","background-size":"auto","background-attachment":"scroll","background-type":"","background-media":"","overlay-type":"","overlay-color":"","overlay-opacity":"","overlay-gradient":""}},"ast-content-background-meta":{"desktop":{"background-color":"var(--ast-global-color-5)","background-image":"","background-repeat":"repeat","background-position":"center center","background-size":"auto","background-attachment":"scroll","background-type":"","background-media":"","overlay-type":"","overlay-color":"","overlay-opacity":"","overlay-gradient":""},"tablet":{"background-color":"var(--ast-global-color-5)","background-image":"","background-repeat":"repeat","background-position":"center center","background-size":"auto","background-attachment":"scroll","background-type":"","background-media":"","overlay-type":"","overlay-color":"","overlay-opacity":"","overlay-gradient":""},"mobile":{"background-color":"var(--ast-global-color-5)","background-image":"","background-repeat":"repeat","background-position":"center center","background-size":"auto","background-attachment":"scroll","background-type":"","background-media":"","overlay-type":"","overlay-color":"","overlay-opacity":"","overlay-gradient":""}},"footnotes":""},"class_list":["post-8318","page","type-page","status-publish","hentry"],"_links":{"self":[{"href":"https:\/\/clinicacrearvision.com.co\/web\/index.php?rest_route=\/wp\/v2\/pages\/8318","targetHints":{"allow":["GET"]}}],"collection":[{"href":"https:\/\/clinicacrearvision.com.co\/web\/index.php?rest_route=\/wp\/v2\/pages"}],"about":[{"href":"https:\/\/clinicacrearvision.com.co\/web\/index.php?rest_route=\/wp\/v2\/types\/page"}],"author":[{"embeddable":true,"href":"https:\/\/clinicacrearvision.com.co\/web\/index.php?rest_route=\/wp\/v2\/users\/2"}],"replies":[{"embeddable":true,"href":"https:\/\/clinicacrearvision.com.co\/web\/index.php?rest_route=%2Fwp%2Fv2%2Fcomments&post=8318"}],"version-history":[{"count":10,"href":"https:\/\/clinicacrearvision.com.co\/web\/index.php?rest_route=\/wp\/v2\/pages\/8318\/revisions"}],"predecessor-version":[{"id":8337,"href":"https:\/\/clinicacrearvision.com.co\/web\/index.php?rest_route=\/wp\/v2\/pages\/8318\/revisions\/8337"}],"wp:attachment":[{"href":"https:\/\/clinicacrearvision.com.co\/web\/index.php?rest_route=%2Fwp%2Fv2%2Fmedia&parent=8318"}],"curies":[{"name":"wp","href":"https:\/\/api.w.org\/{rel}","templated":true}]}}