{"id":96,"date":"2013-03-04T21:02:23","date_gmt":"2013-03-04T21:02:23","guid":{"rendered":"http:\/\/clinicacrearvision.com.co\/web\/?page_id=96"},"modified":"2025-03-24T18:58:18","modified_gmt":"2025-03-24T23:58:18","slug":"principios-y-valores","status":"publish","type":"page","link":"https:\/\/clinicacrearvision.com.co\/web\/?page_id=96","title":{"rendered":"Principios y Valores"},"content":{"rendered":"\t\t<div data-elementor-type=\"wp-page\" data-elementor-id=\"96\" class=\"elementor elementor-96\">\n\t\t\t\t\t\t<section class=\"elementor-section elementor-top-section elementor-element elementor-element-89e8e07 elementor-section-full_width elementor-section-stretched elementor-section-height-default elementor-section-height-default\" data-id=\"89e8e07\" data-element_type=\"section\" data-settings=\"{&quot;stretch_section&quot;:&quot;section-stretched&quot;}\">\n\t\t\t\t\t\t\t<div class=\"elementor-background-overlay\"><\/div>\n\t\t\t\t\t\t\t<div class=\"elementor-container elementor-column-gap-default\">\n\t\t\t\t\t<div class=\"elementor-column elementor-col-100 elementor-top-column elementor-element elementor-element-cdb8301\" data-id=\"cdb8301\" data-element_type=\"column\">\n\t\t\t<div class=\"elementor-widget-wrap elementor-element-populated\">\n\t\t\t\t\t\t<section class=\"elementor-section elementor-inner-section elementor-element elementor-element-55dcc75 elementor-section-boxed elementor-section-height-default elementor-section-height-default\" data-id=\"55dcc75\" data-element_type=\"section\">\n\t\t\t\t\t\t\t<div class=\"elementor-background-overlay\"><\/div>\n\t\t\t\t\t\t\t<div class=\"elementor-container elementor-column-gap-default\">\n\t\t\t\t\t<div class=\"elementor-column elementor-col-50 elementor-inner-column elementor-element elementor-element-a32edf8\" data-id=\"a32edf8\" data-element_type=\"column\">\n\t\t\t<div class=\"elementor-widget-wrap elementor-element-populated\">\n\t\t\t\t\t\t<div class=\"elementor-element elementor-element-cd07a9f animated-slow elementor-absolute elementor-invisible elementor-widget elementor-widget-text-editor\" data-id=\"cd07a9f\" data-element_type=\"widget\" data-settings=\"{&quot;_animation&quot;:&quot;bounceInRight&quot;,&quot;_position&quot;:&quot;absolute&quot;}\" data-widget_type=\"text-editor.default\">\n\t\t\t\t<div class=\"elementor-widget-container\">\n\t\t\t\t\t\t\t\t\t<p><a href=\"https:\/\/clinicacrearvision.com.co\/web\/wp-content\/uploads\/2021\/06\/puntos-.png\"><img decoding=\"async\" class=\" wp-image-4558 alignright\" src=\"https:\/\/clinicacrearvision.com.co\/web\/wp-content\/uploads\/2021\/06\/puntos--300x152.png\" alt=\"\" width=\"136\" height=\"69\" srcset=\"https:\/\/clinicacrearvision.com.co\/web\/wp-content\/uploads\/2021\/06\/puntos--300x152.png 300w, https:\/\/clinicacrearvision.com.co\/web\/wp-content\/uploads\/2021\/06\/puntos--768x389.png 768w, https:\/\/clinicacrearvision.com.co\/web\/wp-content\/uploads\/2021\/06\/puntos--600x304.png 600w, https:\/\/clinicacrearvision.com.co\/web\/wp-content\/uploads\/2021\/06\/puntos-.png 950w\" sizes=\"(max-width: 136px) 100vw, 136px\" \/><\/a><\/p>\t\t\t\t\t\t\t\t<\/div>\n\t\t\t\t<\/div>\n\t\t\t\t<div class=\"elementor-element elementor-element-37637de elementor-invisible elementor-widget elementor-widget-heading\" data-id=\"37637de\" data-element_type=\"widget\" data-settings=\"{&quot;_animation&quot;:&quot;fadeInLeft&quot;}\" data-widget_type=\"heading.default\">\n\t\t\t\t<div class=\"elementor-widget-container\">\n\t\t\t\t\t<h2 class=\"elementor-heading-title elementor-size-default\">Principios <\/h2>\t\t\t\t<\/div>\n\t\t\t\t<\/div>\n\t\t\t\t<div class=\"elementor-element elementor-element-8c81acc elementor-widget elementor-widget-text-editor\" data-id=\"8c81acc\" data-element_type=\"widget\" data-widget_type=\"text-editor.default\">\n\t\t\t\t<div class=\"elementor-widget-container\">\n\t\t\t\t\t\t\t\t\t<ul><li style=\"text-align: justify;\"><b>Participaci\u00f3n<\/b>: Es la integraci\u00f3n de nuestro talento humano y de la comunidad en la planeaci\u00f3n, ejecuci\u00f3n, evaluaci\u00f3n y control de la gesti\u00f3n institucional y su responsabilidad en el \u00e9xito de la cl\u00ednica.<\/li><li style=\"text-align: justify;\"><b>Calidad<\/b>: Es la satisfacci\u00f3n y superaci\u00f3n de las necesidades y expectativas de nuestros usuarios y su familia a trav\u00e9s de la accesibilidad, oportunidad, seguridad, pertinencia y continuidad en la prestaci\u00f3n de los servicios de salud en la cl\u00ednica.<\/li><li style=\"text-align: justify;\"><b>Solidaridad<\/b>: Es apoyar a trav\u00e9s de nuestras acciones las necesidades de los dem\u00e1s para beneficio y fortalecimiento del individuo, del grupo, motivados por la convicci\u00f3n de la justicia e igualdad.<\/li><li style=\"text-align: justify;\"><strong>Igualdad:<\/strong> Entendida como situaci\u00f3n seg\u00fan la cual todos los grupos de inter\u00e9s de la instituci\u00f3n sin discriminaci\u00f3n tienen las mismas oportunidades y derechos.<\/li><li style=\"text-align: justify;\"><strong>Eficacia: <\/strong>Es la disposici\u00f3n de los recursos y el esfuerzo de todo el personal para producir los resultados esperados.<\/li><li style=\"text-align: justify;\"><strong>Eficiencia: <\/strong>Definida como la mejor utilizaci\u00f3n de los recursos humanos, tecnol\u00f3gicos, materiales y financieros, con el fin de mejorar las condiciones de salud de la poblaci\u00f3n usuaria.<\/li><li style=\"text-align: justify;\"><strong>Mejora Continua:<\/strong> Se trabaja constantemente analizando y mejorando nuestras acciones y la forma como desarrollamos nuestras actividades, para lograr ser competitivos y productivos.<\/li><\/ul>\t\t\t\t\t\t\t\t<\/div>\n\t\t\t\t<\/div>\n\t\t\t\t\t<\/div>\n\t\t<\/div>\n\t\t\t\t<div class=\"elementor-column elementor-col-50 elementor-inner-column elementor-element elementor-element-8fd838f\" data-id=\"8fd838f\" data-element_type=\"column\">\n\t\t\t<div class=\"elementor-widget-wrap\">\n\t\t\t\t\t\t\t<\/div>\n\t\t<\/div>\n\t\t\t\t\t<\/div>\n\t\t<\/section>\n\t\t\t\t\t<\/div>\n\t\t<\/div>\n\t\t\t\t\t<\/div>\n\t\t<\/section>\n\t\t\t\t<section class=\"elementor-section elementor-top-section elementor-element elementor-element-0f82824 elementor-section-full_width elementor-section-stretched elementor-section-height-default elementor-section-height-default\" data-id=\"0f82824\" data-element_type=\"section\" data-settings=\"{&quot;stretch_section&quot;:&quot;section-stretched&quot;}\">\n\t\t\t\t\t\t\t<div class=\"elementor-background-overlay\"><\/div>\n\t\t\t\t\t\t\t<div class=\"elementor-container elementor-column-gap-default\">\n\t\t\t\t\t<div class=\"elementor-column elementor-col-100 elementor-top-column elementor-element elementor-element-a611244\" data-id=\"a611244\" data-element_type=\"column\">\n\t\t\t<div class=\"elementor-widget-wrap elementor-element-populated\">\n\t\t\t\t\t\t<section class=\"elementor-section elementor-inner-section elementor-element elementor-element-294e8f1 elementor-section-boxed elementor-section-height-default elementor-section-height-default\" data-id=\"294e8f1\" data-element_type=\"section\">\n\t\t\t\t\t\t\t<div class=\"elementor-background-overlay\"><\/div>\n\t\t\t\t\t\t\t<div class=\"elementor-container elementor-column-gap-default\">\n\t\t\t\t\t<div class=\"elementor-column elementor-col-50 elementor-inner-column elementor-element elementor-element-184ed86\" data-id=\"184ed86\" data-element_type=\"column\">\n\t\t\t<div class=\"elementor-widget-wrap elementor-element-populated\">\n\t\t\t\t\t\t<div class=\"elementor-element elementor-element-342e14e elementor-invisible elementor-widget elementor-widget-heading\" data-id=\"342e14e\" data-element_type=\"widget\" data-settings=\"{&quot;_animation&quot;:&quot;fadeInLeft&quot;}\" data-widget_type=\"heading.default\">\n\t\t\t\t<div class=\"elementor-widget-container\">\n\t\t\t\t\t<h2 class=\"elementor-heading-title elementor-size-default\">Valores <\/h2>\t\t\t\t<\/div>\n\t\t\t\t<\/div>\n\t\t\t\t<div class=\"elementor-element elementor-element-478ef2b elementor-widget elementor-widget-text-editor\" data-id=\"478ef2b\" data-element_type=\"widget\" data-widget_type=\"text-editor.default\">\n\t\t\t\t<div class=\"elementor-widget-container\">\n\t\t\t\t\t\t\t\t\t<p align=\"center\">\u00a0<\/p><ul><li style=\"text-align: justify;\"><b>Respeto:<\/b> Es aceptar la diferencia entre nosotros y las personas a las que servimos d\u00eda a d\u00eda, independientemente de su pensamiento, creencias, sexo, raza o color, buscando favorecer la comunicaci\u00f3n eficaz y convivencia arm\u00f3nica, generando ambientes de confianza y seguridad.<\/li><li style=\"text-align: justify;\"><b>Humanizaci\u00f3n:<\/b> Es la expresi\u00f3n m\u00e1xima de nuestra vocaci\u00f3n de servicio, desde nosotros mismos y hacia nuestros usuarios, reflejada en una atenci\u00f3n c\u00e1lida, amable y segura, donde exaltamos el respeto por los derechos de nuestros usuarios, familia y la comunidad.<\/li><li style=\"text-align: justify;\"><strong>Responsabilidad y disciplina<\/strong>: Es reaccionar de manera positiva, al analizar, dar raz\u00f3n y asumir las consecuencias de las propias acciones u omisiones en lo referente al ejercicio del cuidado de la salud propia y de nuestros usuarios, la gesti\u00f3n institucional, el desarrollo arm\u00f3nico de nuestras labores y el cuidado del ambiente, actuando con car\u00e1cter, orden y eficacia.<\/li><li style=\"text-align: justify;\"><strong>Compromiso institucional<\/strong>: Es la voluntad de todo nuestro Talento Humano en el cumplimiento de la Misi\u00f3n, Visi\u00f3n, Principios y Valores de la empresa.<\/li><li style=\"text-align: justify;\"><strong>Lealtad<\/strong>: Es el compromiso con el desarrollo y consolidaci\u00f3n de la Cl\u00ednica y de sus fines, promoviendo y haciendo respetar en toda circunstancia su buen nombre e imagen, tomando conciencia de lo que hacemos y decimos, a trav\u00e9s de una comunicaci\u00f3n clara, transparente, sin prejuicios, generando confianza y sentido de pertenencia.<\/li><li style=\"text-align: justify;\"><strong>Trabajo en Equipo<\/strong>: Es la coordinaci\u00f3n e integraci\u00f3n de esfuerzos, entre los compa\u00f1eros de trabajo, el sector salud y las dem\u00e1s entidades Departamentales, compartiendo saberes y experiencias, que fomenten la creatividad, la motivaci\u00f3n y liderazgo colectivo, avanzando hacia la humanizaci\u00f3n de la administraci\u00f3n, el incremento en la productividad y la mejora en la prestaci\u00f3n de los servicios.<\/li><li style=\"text-align: justify;\"><strong>Seguridad<\/strong>: Es la garant\u00eda de cuidado y de informaci\u00f3n hacia el paciente, su familia, los colaboradores y el medio ambiente que permite superar las expectativas de los servicios que ofrecemos<\/li><\/ul>\t\t\t\t\t\t\t\t<\/div>\n\t\t\t\t<\/div>\n\t\t\t\t\t<\/div>\n\t\t<\/div>\n\t\t\t\t<div class=\"elementor-column elementor-col-50 elementor-inner-column elementor-element elementor-element-d99491d\" data-id=\"d99491d\" data-element_type=\"column\" data-settings=\"{&quot;background_background&quot;:&quot;classic&quot;}\">\n\t\t\t<div class=\"elementor-widget-wrap elementor-element-populated\">\n\t\t\t\t\t\t<div class=\"elementor-element elementor-element-c6cb509 animated-slow elementor-invisible elementor-widget elementor-widget-text-editor\" data-id=\"c6cb509\" data-element_type=\"widget\" data-settings=\"{&quot;_animation&quot;:&quot;fadeInRight&quot;}\" data-widget_type=\"text-editor.default\">\n\t\t\t\t<div class=\"elementor-widget-container\">\n\t\t\t\t\t\t\t\t\t<p>\u00a0<\/p><p>\u00a0<\/p><p>\u00a0<\/p><p><a href=\"https:\/\/clinicacrearvision.com.co\/web\/wp-content\/uploads\/2021\/06\/puntos-.png\"><img decoding=\"async\" class=\"wp-image-4558 aligncenter\" src=\"https:\/\/clinicacrearvision.com.co\/web\/wp-content\/uploads\/2021\/06\/puntos--300x152.png\" alt=\"\" width=\"136\" height=\"69\" srcset=\"https:\/\/clinicacrearvision.com.co\/web\/wp-content\/uploads\/2021\/06\/puntos--300x152.png 300w, https:\/\/clinicacrearvision.com.co\/web\/wp-content\/uploads\/2021\/06\/puntos--768x389.png 768w, https:\/\/clinicacrearvision.com.co\/web\/wp-content\/uploads\/2021\/06\/puntos--600x304.png 600w, https:\/\/clinicacrearvision.com.co\/web\/wp-content\/uploads\/2021\/06\/puntos-.png 950w\" sizes=\"(max-width: 136px) 100vw, 136px\" \/><\/a><\/p>\t\t\t\t\t\t\t\t<\/div>\n\t\t\t\t<\/div>\n\t\t\t\t\t<\/div>\n\t\t<\/div>\n\t\t\t\t\t<\/div>\n\t\t<\/section>\n\t\t\t\t\t<\/div>\n\t\t<\/div>\n\t\t\t\t\t<\/div>\n\t\t<\/section>\n\t\t\t\t<section class=\"elementor-section elementor-top-section elementor-element elementor-element-1b1339f elementor-section-boxed elementor-section-height-default elementor-section-height-default\" data-id=\"1b1339f\" data-element_type=\"section\">\n\t\t\t\t\t\t<div class=\"elementor-container elementor-column-gap-default\">\n\t\t\t\t\t<div class=\"elementor-column elementor-col-100 elementor-top-column elementor-element elementor-element-b63c8ec\" data-id=\"b63c8ec\" data-element_type=\"column\">\n\t\t\t<div class=\"elementor-widget-wrap elementor-element-populated\">\n\t\t\t\t\t\t<div class=\"elementor-element elementor-element-e465609 elementor-widget elementor-widget-text-editor\" data-id=\"e465609\" data-element_type=\"widget\" data-widget_type=\"text-editor.default\">\n\t\t\t\t<div class=\"elementor-widget-container\">\n\t\t\t\t\t\t\t\t\t<p style=\"text-align: center;\"><a href=\"https:\/\/clinicacrearvision.com.co\/web\/?page_id=3551\">Historia<\/a>\u00a0 \/\u00a0 \u00a0<a href=\"https:\/\/clinicacrearvision.com.co\/web\/?page_id=6\">Misi\u00f3n &#8211; Visi\u00f3n<\/a>\u00a0 \u00a0\/\u00a0 <a href=\"https:\/\/clinicacrearvision.com.co\/web\/?page_id=7\">Pol\u00edticas<\/a>\u00a0 \/\u00a0 <a href=\"https:\/\/clinicacrearvision.com.co\/web\/?page_id=96\">Principios y Valores<\/a>\u00a0 \/ <a href=\"https:\/\/clinicacrearvision.com.co\/web\/?page_id=968\">Estados Financieros\u00a0<\/a><\/p>\t\t\t\t\t\t\t\t<\/div>\n\t\t\t\t<\/div>\n\t\t\t\t\t<\/div>\n\t\t<\/div>\n\t\t\t\t\t<\/div>\n\t\t<\/section>\n\t\t\t\t<\/div>\n\t\t","protected":false},"excerpt":{"rendered":"<p>Principios Participaci\u00f3n: Es la integraci\u00f3n de nuestro talento humano y de la comunidad en la planeaci\u00f3n, ejecuci\u00f3n, evaluaci\u00f3n y control de la gesti\u00f3n institucional y su responsabilidad en el \u00e9xito de la cl\u00ednica. Calidad: Es la satisfacci\u00f3n y superaci\u00f3n de las necesidades y expectativas de nuestros usuarios y su familia a trav\u00e9s de la accesibilidad, [&hellip;]<\/p>\n","protected":false},"author":1,"featured_media":0,"parent":25,"menu_order":0,"comment_status":"closed","ping_status":"open","template":"","meta":{"site-sidebar-layout":"default","site-content-layout":"default","ast-site-content-layout":"default","site-content-style":"default","site-sidebar-style":"default","ast-global-header-display":"","ast-banner-title-visibility":"","ast-main-header-display":"","ast-hfb-above-header-display":"","ast-hfb-below-header-display":"","ast-hfb-mobile-header-display":"","site-post-title":"disabled","ast-breadcrumbs-content":"","ast-featured-img":"","footer-sml-layout":"","theme-transparent-header-meta":"default","adv-header-id-meta":"","stick-header-meta":"","header-above-stick-meta":"","header-main-stick-meta":"","header-below-stick-meta":"","astra-migrate-meta-layouts":"set","ast-page-background-enabled":"default","ast-page-background-meta":{"desktop":{"background-color":"","background-image":"","background-repeat":"repeat","background-position":"center center","background-size":"auto","background-attachment":"scroll","background-type":"","background-media":"","overlay-type":"","overlay-color":"","overlay-opacity":"","overlay-gradient":""},"tablet":{"background-color":"","background-image":"","background-repeat":"repeat","background-position":"center center","background-size":"auto","background-attachment":"scroll","background-type":"","background-media":"","overlay-type":"","overlay-color":"","overlay-opacity":"","overlay-gradient":""},"mobile":{"background-color":"","background-image":"","background-repeat":"repeat","background-position":"center center","background-size":"auto","background-attachment":"scroll","background-type":"","background-media":"","overlay-type":"","overlay-color":"","overlay-opacity":"","overlay-gradient":""}},"ast-content-background-meta":{"desktop":{"background-color":"var(--ast-global-color-5)","background-image":"","background-repeat":"repeat","background-position":"center center","background-size":"auto","background-attachment":"scroll","background-type":"","background-media":"","overlay-type":"","overlay-color":"","overlay-opacity":"","overlay-gradient":""},"tablet":{"background-color":"var(--ast-global-color-5)","background-image":"","background-repeat":"repeat","background-position":"center center","background-size":"auto","background-attachment":"scroll","background-type":"","background-media":"","overlay-type":"","overlay-color":"","overlay-opacity":"","overlay-gradient":""},"mobile":{"background-color":"var(--ast-global-color-5)","background-image":"","background-repeat":"repeat","background-position":"center center","background-size":"auto","background-attachment":"scroll","background-type":"","background-media":"","overlay-type":"","overlay-color":"","overlay-opacity":"","overlay-gradient":""}},"footnotes":""},"class_list":["post-96","page","type-page","status-publish","hentry"],"_links":{"self":[{"href":"https:\/\/clinicacrearvision.com.co\/web\/index.php?rest_route=\/wp\/v2\/pages\/96","targetHints":{"allow":["GET"]}}],"collection":[{"href":"https:\/\/clinicacrearvision.com.co\/web\/index.php?rest_route=\/wp\/v2\/pages"}],"about":[{"href":"https:\/\/clinicacrearvision.com.co\/web\/index.php?rest_route=\/wp\/v2\/types\/page"}],"author":[{"embeddable":true,"href":"https:\/\/clinicacrearvision.com.co\/web\/index.php?rest_route=\/wp\/v2\/users\/1"}],"replies":[{"embeddable":true,"href":"https:\/\/clinicacrearvision.com.co\/web\/index.php?rest_route=%2Fwp%2Fv2%2Fcomments&post=96"}],"version-history":[{"count":71,"href":"https:\/\/clinicacrearvision.com.co\/web\/index.php?rest_route=\/wp\/v2\/pages\/96\/revisions"}],"predecessor-version":[{"id":13560,"href":"https:\/\/clinicacrearvision.com.co\/web\/index.php?rest_route=\/wp\/v2\/pages\/96\/revisions\/13560"}],"up":[{"embeddable":true,"href":"https:\/\/clinicacrearvision.com.co\/web\/index.php?rest_route=\/wp\/v2\/pages\/25"}],"wp:attachment":[{"href":"https:\/\/clinicacrearvision.com.co\/web\/index.php?rest_route=%2Fwp%2Fv2%2Fmedia&parent=96"}],"curies":[{"name":"wp","href":"https:\/\/api.w.org\/{rel}","templated":true}]}}